{"id":10500,"date":"2024-05-26T11:20:10","date_gmt":"2024-05-26T09:20:10","guid":{"rendered":"https:\/\/www.eurasiamed.de\/?page_id=10500"},"modified":"2026-01-27T17:28:36","modified_gmt":"2026-01-27T16:28:36","slug":"team-of-experts","status":"publish","type":"page","link":"https:\/\/www.eurasiamed.de\/en\/team-of-experts\/","title":{"rendered":"Team of experts"},"content":{"rendered":"<div data-elementor-type=\"wp-page\" data-elementor-id=\"10500\" class=\"elementor elementor-10500\" data-elementor-post-type=\"page\">\n\t\t\t\t<div data-particle_enable=\"false\" data-particle-mobile-disabled=\"false\" class=\"elementor-element elementor-element-8d27dac e-con-full header-unterseiten e-flex e-con e-parent\" data-id=\"8d27dac\" data-element_type=\"container\" data-settings=\"{&quot;background_background&quot;:&quot;classic&quot;}\">\n\t\t<div data-particle_enable=\"false\" data-particle-mobile-disabled=\"false\" class=\"elementor-element elementor-element-6d79eed e-flex e-con-boxed e-con e-child\" data-id=\"6d79eed\" data-element_type=\"container\">\n\t\t\t\t\t<div class=\"e-con-inner\">\n\t\t\t\t<div class=\"elementor-element elementor-element-557ccf0 breads elementor-widget elementor-widget-breadcrumbs\" data-id=\"557ccf0\" data-element_type=\"widget\" data-widget_type=\"breadcrumbs.default\">\n\t\t\t\t<div class=\"elementor-widget-container\">\n\t\t\t\t\t<p id=\"breadcrumbs\"><span><span><a href=\"https:\/\/www.eurasiamed.de\/en\/\">Home page<\/a><\/span><\/span><\/p>\t\t\t\t<\/div>\n\t\t\t\t<\/div>\n\t\t\t\t\t<\/div>\n\t\t\t\t<\/div>\n\t\t<div data-particle_enable=\"false\" data-particle-mobile-disabled=\"false\" class=\"elementor-element elementor-element-58a00f5 e-flex e-con-boxed e-con e-child\" data-id=\"58a00f5\" data-element_type=\"container\">\n\t\t\t\t\t<div class=\"e-con-inner\">\n\t\t<div data-particle_enable=\"false\" data-particle-mobile-disabled=\"false\" class=\"elementor-element elementor-element-8100481 e-con-full header-unterseiten-texte e-flex e-con e-child\" data-id=\"8100481\" data-element_type=\"container\">\n\t\t\t\t<div class=\"elementor-element elementor-element-7cda0cc elementor-widget elementor-widget-text-editor\" data-id=\"7cda0cc\" data-element_type=\"widget\" data-widget_type=\"text-editor.default\">\n\t\t\t\t<div class=\"elementor-widget-container\">\n\t\t\t\t\t\t\t\t\t<p>Get to know us<\/p>\t\t\t\t\t\t\t\t<\/div>\n\t\t\t\t<\/div>\n\t\t\t\t<div class=\"elementor-element elementor-element-f8abc25 new-title elementor-widget__width-initial elementor-widget elementor-widget-heading\" data-id=\"f8abc25\" data-element_type=\"widget\" data-widget_type=\"heading.default\">\n\t\t\t\t<div class=\"elementor-widget-container\">\n\t\t\t\t\t<h1 class=\"elementor-heading-title elementor-size-default\">Team of experts<\/h1>\t\t\t\t<\/div>\n\t\t\t\t<\/div>\n\t\t\t\t<div class=\"elementor-element elementor-element-ba16830 elementor-widget elementor-widget-text-editor\" data-id=\"ba16830\" data-element_type=\"widget\" data-widget_type=\"text-editor.default\">\n\t\t\t\t<div class=\"elementor-widget-container\">\n\t\t\t\t\t\t\t\t\t<p>At the heart of every institution are the people who embody and communicate its philosophy. Expertise and many years of experience are a matter of course for us. Our team is constantly evolving.<\/p>\t\t\t\t\t\t\t\t<\/div>\n\t\t\t\t<\/div>\n\t\t\t\t<div class=\"elementor-element elementor-element-1b21854 elementor-widget__width-initial neue-liste elementor-widget elementor-widget-text-editor\" data-id=\"1b21854\" data-element_type=\"widget\" data-widget_type=\"text-editor.default\">\n\t\t\t\t<div class=\"elementor-widget-container\">\n\t\t\t\t\t\t\t\t\t<ul><li>Ralph Steuernagel \u2192 <a href=\"https:\/\/www.eurasiamed.de\/en\/team-of-experts\/ralph-steuernagel\/\">learn more<\/a><\/li><li>Corina C. Steuernagel \u2192 <a href=\"https:\/\/www.eurasiamed.de\/en\/team-of-experts\/corina-cezarina-steuernagel\/\">learn more<\/a><\/li><li>Guest lecturers \u2192 <a href=\"https:\/\/www.eurasiamed.de\/en\/team-of-experts\/guest-lecturers\/\">learn more<\/a><\/li><\/ul>\t\t\t\t\t\t\t\t<\/div>\n\t\t\t\t<\/div>\n\t\t\t\t<\/div>\n\t\t<div data-particle_enable=\"false\" data-particle-mobile-disabled=\"false\" class=\"elementor-element elementor-element-4d6754c e-con-full header-unterseiten-bildcontainer e-flex e-con e-child\" data-id=\"4d6754c\" data-element_type=\"container\" data-settings=\"{&quot;background_background&quot;:&quot;classic&quot;}\">\n\t\t\t\t<\/div>\n\t\t\t\t\t<\/div>\n\t\t\t\t<\/div>\n\t\t\t\t<\/div>\n\t\t\t\t<\/div>","protected":false},"excerpt":{"rendered":"<p>Get to know us Team of experts The heart of every institution is the people who embody and communicate its philosophy. Expertise and many years of experience are a matter of course for us. Our team is constantly evolving. Ralph Steuernagel \u2192 learn more Corina C. Steuernagel \u2192 learn more Guest lecturers \u2192 learn more<\/p>","protected":false},"author":2,"featured_media":0,"parent":0,"menu_order":0,"comment_status":"closed","ping_status":"closed","template":"","meta":{"footnotes":""},"class_list":["post-10500","page","type-page","status-publish","hentry"],"yoast_head":"<!-- This site is optimized with the Yoast SEO plugin v26.7 - https:\/\/yoast.com\/wordpress\/plugins\/seo\/ -->\n<title>Expertenteam | EURASIAMED in Kronberg bei Frankfurt am Main<\/title>\n<meta name=\"robots\" content=\"index, follow, max-snippet:-1, max-image-preview:large, max-video-preview:-1\" \/>\n<link rel=\"canonical\" href=\"https:\/\/www.eurasiamed.de\/en\/team-of-experts\/\" \/>\n<meta property=\"og:locale\" content=\"en_GB\" \/>\n<meta property=\"og:type\" content=\"article\" \/>\n<meta property=\"og:title\" content=\"Expertenteam | EURASIAMED in Kronberg bei Frankfurt am Main\" \/>\n<meta property=\"og:description\" content=\"Lernen Sie uns kennen Expertenteam Das Herz jeder Institution sind die Menschen, die ihre Philosophie verk\u00f6rpern und vermitteln. Fachliche Kompetenz und langj\u00e4hrige Erfahrung sind f\u00fcr uns eine Selbstverst\u00e4ndlichkeit. Unser Team entwickelt sich kontinuierlich. Ralph Steuernagel \u2192 mehr erfahren Corina C. Steuernagel \u2192 mehr erfahren Gastdozenten \u2192 mehr erfahren\" \/>\n<meta property=\"og:url\" content=\"https:\/\/www.eurasiamed.de\/en\/team-of-experts\/\" \/>\n<meta property=\"og:site_name\" content=\"EURASIAMED\" \/>\n<meta property=\"article:modified_time\" content=\"2026-01-27T16:28:36+00:00\" \/>\n<meta name=\"twitter:card\" content=\"summary_large_image\" \/>\n<meta name=\"twitter:label1\" content=\"Estimated reading time\" \/>\n\t<meta name=\"twitter:data1\" content=\"1 minute\" \/>\n<script type=\"application\/ld+json\" class=\"yoast-schema-graph\">{\"@context\":\"https:\/\/schema.org\",\"@graph\":[{\"@type\":\"WebPage\",\"@id\":\"https:\/\/www.eurasiamed.de\/expertenteam\/\",\"url\":\"https:\/\/www.eurasiamed.de\/expertenteam\/\",\"name\":\"Expertenteam | EURASIAMED in Kronberg bei Frankfurt am Main\",\"isPartOf\":{\"@id\":\"https:\/\/www.eurasiamed.de\/#website\"},\"datePublished\":\"2024-05-26T09:20:10+00:00\",\"dateModified\":\"2026-01-27T16:28:36+00:00\",\"breadcrumb\":{\"@id\":\"https:\/\/www.eurasiamed.de\/expertenteam\/#breadcrumb\"},\"inLanguage\":\"en-GB\",\"potentialAction\":[{\"@type\":\"ReadAction\",\"target\":[\"https:\/\/www.eurasiamed.de\/expertenteam\/\"]}]},{\"@type\":\"BreadcrumbList\",\"@id\":\"https:\/\/www.eurasiamed.de\/expertenteam\/#breadcrumb\",\"itemListElement\":[{\"@type\":\"ListItem\",\"position\":1,\"name\":\"Startseite\",\"item\":\"https:\/\/www.eurasiamed.de\/\"},{\"@type\":\"ListItem\",\"position\":2,\"name\":\"Expertenteam\"}]},{\"@type\":\"WebSite\",\"@id\":\"https:\/\/www.eurasiamed.de\/#website\",\"url\":\"https:\/\/www.eurasiamed.de\/\",\"name\":\"EURASIAMED\",\"description\":\"Ralph Steuernagel\",\"publisher\":{\"@id\":\"https:\/\/www.eurasiamed.de\/#organization\"},\"potentialAction\":[{\"@type\":\"SearchAction\",\"target\":{\"@type\":\"EntryPoint\",\"urlTemplate\":\"https:\/\/www.eurasiamed.de\/?s={search_term_string}\"},\"query-input\":{\"@type\":\"PropertyValueSpecification\",\"valueRequired\":true,\"valueName\":\"search_term_string\"}}],\"inLanguage\":\"en-GB\"},{\"@type\":\"Organization\",\"@id\":\"https:\/\/www.eurasiamed.de\/#organization\",\"name\":\"EURASIAMED\",\"url\":\"https:\/\/www.eurasiamed.de\/\",\"logo\":{\"@type\":\"ImageObject\",\"inLanguage\":\"en-GB\",\"@id\":\"https:\/\/www.eurasiamed.de\/#\/schema\/logo\/image\/\",\"url\":\"https:\/\/www.eurasiamed.de\/wp-content\/uploads\/2023\/06\/LOGO-EURASIAMED-Education@4x-scaled.png\",\"contentUrl\":\"https:\/\/www.eurasiamed.de\/wp-content\/uploads\/2023\/06\/LOGO-EURASIAMED-Education@4x-scaled.png\",\"width\":2569,\"height\":519,\"caption\":\"EURASIAMED\"},\"image\":{\"@id\":\"https:\/\/www.eurasiamed.de\/#\/schema\/logo\/image\/\"}}]}<\/script>\n<!-- \/ Yoast SEO plugin. -->","yoast_head_json":{"title":"Team of experts | EURASIAMED in Kronberg near Frankfurt am Main","robots":{"index":"index","follow":"follow","max-snippet":"max-snippet:-1","max-image-preview":"max-image-preview:large","max-video-preview":"max-video-preview:-1"},"canonical":"https:\/\/www.eurasiamed.de\/en\/team-of-experts\/","og_locale":"en_GB","og_type":"article","og_title":"Expertenteam | EURASIAMED in Kronberg bei Frankfurt am Main","og_description":"Lernen Sie uns kennen Expertenteam Das Herz jeder Institution sind die Menschen, die ihre Philosophie verk\u00f6rpern und vermitteln. Fachliche Kompetenz und langj\u00e4hrige Erfahrung sind f\u00fcr uns eine Selbstverst\u00e4ndlichkeit. Unser Team entwickelt sich kontinuierlich. Ralph Steuernagel \u2192 mehr erfahren Corina C. Steuernagel \u2192 mehr erfahren Gastdozenten \u2192 mehr erfahren","og_url":"https:\/\/www.eurasiamed.de\/en\/team-of-experts\/","og_site_name":"EURASIAMED","article_modified_time":"2026-01-27T16:28:36+00:00","twitter_card":"summary_large_image","twitter_misc":{"Estimated reading time":"1 minute"},"schema":{"@context":"https:\/\/schema.org","@graph":[{"@type":"WebPage","@id":"https:\/\/www.eurasiamed.de\/expertenteam\/","url":"https:\/\/www.eurasiamed.de\/expertenteam\/","name":"Team of experts | EURASIAMED in Kronberg near Frankfurt am Main","isPartOf":{"@id":"https:\/\/www.eurasiamed.de\/#website"},"datePublished":"2024-05-26T09:20:10+00:00","dateModified":"2026-01-27T16:28:36+00:00","breadcrumb":{"@id":"https:\/\/www.eurasiamed.de\/expertenteam\/#breadcrumb"},"inLanguage":"en-GB","potentialAction":[{"@type":"ReadAction","target":["https:\/\/www.eurasiamed.de\/expertenteam\/"]}]},{"@type":"BreadcrumbList","@id":"https:\/\/www.eurasiamed.de\/expertenteam\/#breadcrumb","itemListElement":[{"@type":"ListItem","position":1,"name":"Startseite","item":"https:\/\/www.eurasiamed.de\/"},{"@type":"ListItem","position":2,"name":"Expertenteam"}]},{"@type":"WebSite","@id":"https:\/\/www.eurasiamed.de\/#website","url":"https:\/\/www.eurasiamed.de\/","name":"EURASIAMED","description":"Ralph Steuernagel","publisher":{"@id":"https:\/\/www.eurasiamed.de\/#organization"},"potentialAction":[{"@type":"SearchAction","target":{"@type":"EntryPoint","urlTemplate":"https:\/\/www.eurasiamed.de\/?s={search_term_string}"},"query-input":{"@type":"PropertyValueSpecification","valueRequired":true,"valueName":"search_term_string"}}],"inLanguage":"en-GB"},{"@type":"Organization","@id":"https:\/\/www.eurasiamed.de\/#organization","name":"EURASIAMED","url":"https:\/\/www.eurasiamed.de\/","logo":{"@type":"ImageObject","inLanguage":"en-GB","@id":"https:\/\/www.eurasiamed.de\/#\/schema\/logo\/image\/","url":"https:\/\/www.eurasiamed.de\/wp-content\/uploads\/2023\/06\/LOGO-EURASIAMED-Education@4x-scaled.png","contentUrl":"https:\/\/www.eurasiamed.de\/wp-content\/uploads\/2023\/06\/LOGO-EURASIAMED-Education@4x-scaled.png","width":2569,"height":519,"caption":"EURASIAMED"},"image":{"@id":"https:\/\/www.eurasiamed.de\/#\/schema\/logo\/image\/"}}]}},"_links":{"self":[{"href":"https:\/\/www.eurasiamed.de\/en\/wp-json\/wp\/v2\/pages\/10500","targetHints":{"allow":["GET"]}}],"collection":[{"href":"https:\/\/www.eurasiamed.de\/en\/wp-json\/wp\/v2\/pages"}],"about":[{"href":"https:\/\/www.eurasiamed.de\/en\/wp-json\/wp\/v2\/types\/page"}],"author":[{"embeddable":true,"href":"https:\/\/www.eurasiamed.de\/en\/wp-json\/wp\/v2\/users\/2"}],"replies":[{"embeddable":true,"href":"https:\/\/www.eurasiamed.de\/en\/wp-json\/wp\/v2\/comments?post=10500"}],"version-history":[{"count":39,"href":"https:\/\/www.eurasiamed.de\/en\/wp-json\/wp\/v2\/pages\/10500\/revisions"}],"predecessor-version":[{"id":24436,"href":"https:\/\/www.eurasiamed.de\/en\/wp-json\/wp\/v2\/pages\/10500\/revisions\/24436"}],"wp:attachment":[{"href":"https:\/\/www.eurasiamed.de\/en\/wp-json\/wp\/v2\/media?parent=10500"}],"curies":[{"name":"wp","href":"https:\/\/api.w.org\/{rel}","templated":true}]}}