{"id":16512,"date":"2025-01-17T16:35:08","date_gmt":"2025-01-17T15:35:08","guid":{"rendered":"https:\/\/www.eurasiamed.de\/?page_id=16512"},"modified":"2026-03-06T18:13:31","modified_gmt":"2026-03-06T17:13:31","slug":"holistic-health-business","status":"publish","type":"page","link":"https:\/\/www.eurasiamed.de\/en\/institute\/coaching-training\/holistic-health-business\/","title":{"rendered":"Holistic Health Business"},"content":{"rendered":"<div data-elementor-type=\"wp-page\" data-elementor-id=\"16512\" class=\"elementor elementor-16512\" data-elementor-post-type=\"page\">\n\t\t\t\t<div data-particle_enable=\"false\" data-particle-mobile-disabled=\"false\" class=\"elementor-element elementor-element-200ba87 e-con-full header-unterseiten e-flex e-con e-parent\" data-id=\"200ba87\" data-element_type=\"container\" data-settings=\"{&quot;background_background&quot;:&quot;classic&quot;}\">\n\t\t<div data-particle_enable=\"false\" data-particle-mobile-disabled=\"false\" class=\"elementor-element elementor-element-0158096 e-flex e-con-boxed e-con e-child\" data-id=\"0158096\" data-element_type=\"container\">\n\t\t\t\t\t<div class=\"e-con-inner\">\n\t\t\t\t<div class=\"elementor-element elementor-element-afea471 breads elementor-widget elementor-widget-breadcrumbs\" data-id=\"afea471\" data-element_type=\"widget\" data-widget_type=\"breadcrumbs.default\">\n\t\t\t\t<div class=\"elementor-widget-container\">\n\t\t\t\t\t<p id=\"breadcrumbs\"><span><span><a href=\"https:\/\/www.eurasiamed.de\/en\/\">Home page<\/a><\/span><\/span><\/p>\t\t\t\t<\/div>\n\t\t\t\t<\/div>\n\t\t\t\t\t<\/div>\n\t\t\t\t<\/div>\n\t\t<div data-particle_enable=\"false\" data-particle-mobile-disabled=\"false\" class=\"elementor-element elementor-element-1337377 e-flex e-con-boxed e-con e-child\" data-id=\"1337377\" data-element_type=\"container\">\n\t\t\t\t\t<div class=\"e-con-inner\">\n\t\t<div data-particle_enable=\"false\" data-particle-mobile-disabled=\"false\" class=\"elementor-element elementor-element-2021933 e-con-full header-unterseiten-texte e-flex e-con e-child\" data-id=\"2021933\" data-element_type=\"container\">\n\t\t\t\t<div class=\"elementor-element elementor-element-774a6c8 elementor-widget elementor-widget-text-editor\" data-id=\"774a6c8\" data-element_type=\"widget\" data-widget_type=\"text-editor.default\">\n\t\t\t\t<div class=\"elementor-widget-container\">\n\t\t\t\t\t\t\t\t\t<p>for the self-employed, entrepreneurs &amp; SMEs<\/p>\t\t\t\t\t\t\t\t<\/div>\n\t\t\t\t<\/div>\n\t\t\t\t<div class=\"elementor-element elementor-element-8236b3a new-title elementor-widget__width-initial elementor-widget elementor-widget-heading\" data-id=\"8236b3a\" data-element_type=\"widget\" data-widget_type=\"heading.default\">\n\t\t\t\t<div class=\"elementor-widget-container\">\n\t\t\t\t\t<h1 class=\"elementor-heading-title elementor-size-default\">Holistic Health Business<\/h1>\t\t\t\t<\/div>\n\t\t\t\t<\/div>\n\t\t\t\t<div class=\"elementor-element elementor-element-f755aa0 elementor-widget__width-initial neue-liste elementor-widget elementor-widget-text-editor\" data-id=\"f755aa0\" data-element_type=\"widget\" data-widget_type=\"text-editor.default\">\n\t\t\t\t<div class=\"elementor-widget-container\">\n\t\t\t\t\t\t\t\t\t<ul><li>Holistic health concepts for companies<\/li><li>Establishment or expansion of a private practice<\/li><li>Store concepts and online shop<\/li><li>Holistic Health Education<\/li><li>CRM and marketing support<\/li><\/ul>\t\t\t\t\t\t\t\t<\/div>\n\t\t\t\t<\/div>\n\t\t\t\t<div class=\"elementor-element elementor-element-7895088 elementor-widget elementor-widget-button\" data-id=\"7895088\" data-element_type=\"widget\" data-widget_type=\"button.default\">\n\t\t\t\t<div class=\"elementor-widget-container\">\n\t\t\t\t\t\t\t\t\t<div class=\"elementor-button-wrapper\">\n\t\t\t\t\t<a class=\"elementor-button elementor-button-link elementor-size-sm\" href=\"https:\/\/meetings-eu1.hubspot.com\/ralph-steuernagel\" target=\"_blank\">\n\t\t\t\t\t\t<span class=\"elementor-button-content-wrapper\">\n\t\t\t\t\t\t\t\t\t<span class=\"elementor-button-text\">Personal orientation meeting<\/span>\n\t\t\t\t\t<\/span>\n\t\t\t\t\t<\/a>\n\t\t\t\t<\/div>\n\t\t\t\t\t\t\t\t<\/div>\n\t\t\t\t<\/div>\n\t\t\t\t<\/div>\n\t\t<div data-particle_enable=\"false\" data-particle-mobile-disabled=\"false\" class=\"elementor-element elementor-element-145336c e-con-full header-unterseiten-bildcontainer e-flex e-con e-child\" data-id=\"145336c\" data-element_type=\"container\" data-settings=\"{&quot;background_background&quot;:&quot;classic&quot;}\">\n\t\t\t\t<\/div>\n\t\t\t\t\t<\/div>\n\t\t\t\t<\/div>\n\t\t\t\t<\/div>\n\t\t\t\t<\/div>","protected":false},"excerpt":{"rendered":"<p>f\u00fcr Selbstst\u00e4ndige, Unternehmer &amp; KMU Holistic Health Business Ganzheitliche Gesundheitskonzepte f\u00fcr Unternehmen Aufbau oder Erweiterung einer Privatpraxis Store Concepts und Online Shop Holistic Health Education CRM und Marketing Support Pers\u00f6nliches Orientierungsgespr\u00e4ch<\/p>","protected":false},"author":2,"featured_media":0,"parent":12515,"menu_order":0,"comment_status":"closed","ping_status":"closed","template":"","meta":{"footnotes":""},"class_list":["post-16512","page","type-page","status-publish","hentry"],"yoast_head":"<!-- This site is optimized with the Yoast SEO plugin v26.7 - https:\/\/yoast.com\/wordpress\/plugins\/seo\/ -->\n<title>Holistic Health Business aufbauen | EURASIAMED Coaching &amp; Training<\/title>\n<meta name=\"robots\" content=\"index, follow, max-snippet:-1, max-image-preview:large, max-video-preview:-1\" \/>\n<link rel=\"canonical\" href=\"https:\/\/www.eurasiamed.de\/en\/institute\/coaching-training\/holistic-health-business\/\" \/>\n<meta property=\"og:locale\" content=\"en_GB\" \/>\n<meta property=\"og:type\" content=\"article\" \/>\n<meta property=\"og:title\" content=\"Holistic Health Business aufbauen | EURASIAMED Coaching &amp; Training\" \/>\n<meta property=\"og:description\" content=\"f\u00fcr Selbstst\u00e4ndige, Unternehmer &amp; KMU Holistic Health Business Ganzheitliche Gesundheitskonzepte f\u00fcr Unternehmen Aufbau oder Erweiterung einer Privatpraxis Store Concepts und Online Shop Holistic Health Education CRM und Marketing Support Pers\u00f6nliches Orientierungsgespr\u00e4ch\" \/>\n<meta property=\"og:url\" content=\"https:\/\/www.eurasiamed.de\/en\/institute\/coaching-training\/holistic-health-business\/\" \/>\n<meta property=\"og:site_name\" content=\"EURASIAMED\" \/>\n<meta property=\"article:modified_time\" content=\"2026-03-06T17:13:31+00:00\" \/>\n<meta name=\"twitter:card\" content=\"summary_large_image\" \/>\n<meta name=\"twitter:label1\" content=\"Estimated reading time\" \/>\n\t<meta name=\"twitter:data1\" content=\"1 minute\" \/>\n<script type=\"application\/ld+json\" class=\"yoast-schema-graph\">{\"@context\":\"https:\/\/schema.org\",\"@graph\":[{\"@type\":\"WebPage\",\"@id\":\"https:\/\/www.eurasiamed.de\/institut\/coaching-training\/holistic-health-business\/\",\"url\":\"https:\/\/www.eurasiamed.de\/institut\/coaching-training\/holistic-health-business\/\",\"name\":\"Holistic Health Business aufbauen | EURASIAMED Coaching & Training\",\"isPartOf\":{\"@id\":\"https:\/\/www.eurasiamed.de\/#website\"},\"datePublished\":\"2025-01-17T15:35:08+00:00\",\"dateModified\":\"2026-03-06T17:13:31+00:00\",\"breadcrumb\":{\"@id\":\"https:\/\/www.eurasiamed.de\/institut\/coaching-training\/holistic-health-business\/#breadcrumb\"},\"inLanguage\":\"en-GB\",\"potentialAction\":[{\"@type\":\"ReadAction\",\"target\":[\"https:\/\/www.eurasiamed.de\/institut\/coaching-training\/holistic-health-business\/\"]}]},{\"@type\":\"BreadcrumbList\",\"@id\":\"https:\/\/www.eurasiamed.de\/institut\/coaching-training\/holistic-health-business\/#breadcrumb\",\"itemListElement\":[{\"@type\":\"ListItem\",\"position\":1,\"name\":\"Startseite\",\"item\":\"https:\/\/www.eurasiamed.de\/\"},{\"@type\":\"ListItem\",\"position\":2,\"name\":\"Institut\",\"item\":\"https:\/\/www.eurasiamed.de\/institut\/\"},{\"@type\":\"ListItem\",\"position\":3,\"name\":\"Coaching &#038; Training\",\"item\":\"https:\/\/www.eurasiamed.de\/institut\/coaching-training\/\"},{\"@type\":\"ListItem\",\"position\":4,\"name\":\"Holistic Health Business\"}]},{\"@type\":\"WebSite\",\"@id\":\"https:\/\/www.eurasiamed.de\/#website\",\"url\":\"https:\/\/www.eurasiamed.de\/\",\"name\":\"EURASIAMED\",\"description\":\"Ralph Steuernagel\",\"publisher\":{\"@id\":\"https:\/\/www.eurasiamed.de\/#organization\"},\"potentialAction\":[{\"@type\":\"SearchAction\",\"target\":{\"@type\":\"EntryPoint\",\"urlTemplate\":\"https:\/\/www.eurasiamed.de\/?s={search_term_string}\"},\"query-input\":{\"@type\":\"PropertyValueSpecification\",\"valueRequired\":true,\"valueName\":\"search_term_string\"}}],\"inLanguage\":\"en-GB\"},{\"@type\":\"Organization\",\"@id\":\"https:\/\/www.eurasiamed.de\/#organization\",\"name\":\"EURASIAMED\",\"url\":\"https:\/\/www.eurasiamed.de\/\",\"logo\":{\"@type\":\"ImageObject\",\"inLanguage\":\"en-GB\",\"@id\":\"https:\/\/www.eurasiamed.de\/#\/schema\/logo\/image\/\",\"url\":\"https:\/\/www.eurasiamed.de\/wp-content\/uploads\/2023\/06\/LOGO-EURASIAMED-Education@4x-scaled.png\",\"contentUrl\":\"https:\/\/www.eurasiamed.de\/wp-content\/uploads\/2023\/06\/LOGO-EURASIAMED-Education@4x-scaled.png\",\"width\":2569,\"height\":519,\"caption\":\"EURASIAMED\"},\"image\":{\"@id\":\"https:\/\/www.eurasiamed.de\/#\/schema\/logo\/image\/\"}}]}<\/script>\n<!-- \/ Yoast SEO plugin. -->","yoast_head_json":{"title":"Building a Holistic Health Business | EURASIAMED Coaching &amp; Training","robots":{"index":"index","follow":"follow","max-snippet":"max-snippet:-1","max-image-preview":"max-image-preview:large","max-video-preview":"max-video-preview:-1"},"canonical":"https:\/\/www.eurasiamed.de\/en\/institute\/coaching-training\/holistic-health-business\/","og_locale":"en_GB","og_type":"article","og_title":"Holistic Health Business aufbauen | EURASIAMED Coaching & Training","og_description":"f\u00fcr Selbstst\u00e4ndige, Unternehmer &amp; KMU Holistic Health Business Ganzheitliche Gesundheitskonzepte f\u00fcr Unternehmen Aufbau oder Erweiterung einer Privatpraxis Store Concepts und Online Shop Holistic Health Education CRM und Marketing Support Pers\u00f6nliches Orientierungsgespr\u00e4ch","og_url":"https:\/\/www.eurasiamed.de\/en\/institute\/coaching-training\/holistic-health-business\/","og_site_name":"EURASIAMED","article_modified_time":"2026-03-06T17:13:31+00:00","twitter_card":"summary_large_image","twitter_misc":{"Estimated reading time":"1 minute"},"schema":{"@context":"https:\/\/schema.org","@graph":[{"@type":"WebPage","@id":"https:\/\/www.eurasiamed.de\/institut\/coaching-training\/holistic-health-business\/","url":"https:\/\/www.eurasiamed.de\/institut\/coaching-training\/holistic-health-business\/","name":"Building a Holistic Health Business | EURASIAMED Coaching &amp; Training","isPartOf":{"@id":"https:\/\/www.eurasiamed.de\/#website"},"datePublished":"2025-01-17T15:35:08+00:00","dateModified":"2026-03-06T17:13:31+00:00","breadcrumb":{"@id":"https:\/\/www.eurasiamed.de\/institut\/coaching-training\/holistic-health-business\/#breadcrumb"},"inLanguage":"en-GB","potentialAction":[{"@type":"ReadAction","target":["https:\/\/www.eurasiamed.de\/institut\/coaching-training\/holistic-health-business\/"]}]},{"@type":"BreadcrumbList","@id":"https:\/\/www.eurasiamed.de\/institut\/coaching-training\/holistic-health-business\/#breadcrumb","itemListElement":[{"@type":"ListItem","position":1,"name":"Startseite","item":"https:\/\/www.eurasiamed.de\/"},{"@type":"ListItem","position":2,"name":"Institut","item":"https:\/\/www.eurasiamed.de\/institut\/"},{"@type":"ListItem","position":3,"name":"Coaching &#038; Training","item":"https:\/\/www.eurasiamed.de\/institut\/coaching-training\/"},{"@type":"ListItem","position":4,"name":"Holistic Health Business"}]},{"@type":"WebSite","@id":"https:\/\/www.eurasiamed.de\/#website","url":"https:\/\/www.eurasiamed.de\/","name":"EURASIAMED","description":"Ralph Steuernagel","publisher":{"@id":"https:\/\/www.eurasiamed.de\/#organization"},"potentialAction":[{"@type":"SearchAction","target":{"@type":"EntryPoint","urlTemplate":"https:\/\/www.eurasiamed.de\/?s={search_term_string}"},"query-input":{"@type":"PropertyValueSpecification","valueRequired":true,"valueName":"search_term_string"}}],"inLanguage":"en-GB"},{"@type":"Organization","@id":"https:\/\/www.eurasiamed.de\/#organization","name":"EURASIAMED","url":"https:\/\/www.eurasiamed.de\/","logo":{"@type":"ImageObject","inLanguage":"en-GB","@id":"https:\/\/www.eurasiamed.de\/#\/schema\/logo\/image\/","url":"https:\/\/www.eurasiamed.de\/wp-content\/uploads\/2023\/06\/LOGO-EURASIAMED-Education@4x-scaled.png","contentUrl":"https:\/\/www.eurasiamed.de\/wp-content\/uploads\/2023\/06\/LOGO-EURASIAMED-Education@4x-scaled.png","width":2569,"height":519,"caption":"EURASIAMED"},"image":{"@id":"https:\/\/www.eurasiamed.de\/#\/schema\/logo\/image\/"}}]}},"_links":{"self":[{"href":"https:\/\/www.eurasiamed.de\/en\/wp-json\/wp\/v2\/pages\/16512","targetHints":{"allow":["GET"]}}],"collection":[{"href":"https:\/\/www.eurasiamed.de\/en\/wp-json\/wp\/v2\/pages"}],"about":[{"href":"https:\/\/www.eurasiamed.de\/en\/wp-json\/wp\/v2\/types\/page"}],"author":[{"embeddable":true,"href":"https:\/\/www.eurasiamed.de\/en\/wp-json\/wp\/v2\/users\/2"}],"replies":[{"embeddable":true,"href":"https:\/\/www.eurasiamed.de\/en\/wp-json\/wp\/v2\/comments?post=16512"}],"version-history":[{"count":6,"href":"https:\/\/www.eurasiamed.de\/en\/wp-json\/wp\/v2\/pages\/16512\/revisions"}],"predecessor-version":[{"id":25693,"href":"https:\/\/www.eurasiamed.de\/en\/wp-json\/wp\/v2\/pages\/16512\/revisions\/25693"}],"up":[{"embeddable":true,"href":"https:\/\/www.eurasiamed.de\/en\/wp-json\/wp\/v2\/pages\/12515"}],"wp:attachment":[{"href":"https:\/\/www.eurasiamed.de\/en\/wp-json\/wp\/v2\/media?parent=16512"}],"curies":[{"name":"wp","href":"https:\/\/api.w.org\/{rel}","templated":true}]}}