{"id":16786,"date":"2025-01-18T11:11:36","date_gmt":"2025-01-18T10:11:36","guid":{"rendered":"https:\/\/www.eurasiamed.de\/?page_id=16786"},"modified":"2026-01-27T16:46:58","modified_gmt":"2026-01-27T15:46:58","slug":"guest-lecturers","status":"publish","type":"page","link":"https:\/\/www.eurasiamed.de\/en\/team-of-experts\/guest-lecturers\/","title":{"rendered":"Guest lecturers"},"content":{"rendered":"<div data-elementor-type=\"wp-page\" data-elementor-id=\"16786\" class=\"elementor elementor-16786\" data-elementor-post-type=\"page\">\n\t\t\t\t<div data-particle_enable=\"false\" data-particle-mobile-disabled=\"false\" class=\"elementor-element elementor-element-aaad293 e-con-full header-unterseiten e-flex e-con e-parent\" data-id=\"aaad293\" data-element_type=\"container\" data-settings=\"{&quot;background_background&quot;:&quot;classic&quot;}\">\n\t\t<div data-particle_enable=\"false\" data-particle-mobile-disabled=\"false\" class=\"elementor-element elementor-element-d0e3950 e-flex e-con-boxed e-con e-child\" data-id=\"d0e3950\" data-element_type=\"container\">\n\t\t\t\t\t<div class=\"e-con-inner\">\n\t\t\t\t<div class=\"elementor-element elementor-element-8c0841e breads elementor-widget elementor-widget-breadcrumbs\" data-id=\"8c0841e\" data-element_type=\"widget\" data-widget_type=\"breadcrumbs.default\">\n\t\t\t\t<div class=\"elementor-widget-container\">\n\t\t\t\t\t<p id=\"breadcrumbs\"><span><span><a href=\"https:\/\/www.eurasiamed.de\/en\/\">Home page<\/a><\/span><\/span><\/p>\t\t\t\t<\/div>\n\t\t\t\t<\/div>\n\t\t\t\t\t<\/div>\n\t\t\t\t<\/div>\n\t\t<div data-particle_enable=\"false\" data-particle-mobile-disabled=\"false\" class=\"elementor-element elementor-element-1f187e8 e-flex e-con-boxed e-con e-child\" data-id=\"1f187e8\" data-element_type=\"container\">\n\t\t\t\t\t<div class=\"e-con-inner\">\n\t\t<div data-particle_enable=\"false\" data-particle-mobile-disabled=\"false\" class=\"elementor-element elementor-element-e7ed44e e-con-full header-unterseiten-texte e-flex e-con e-child\" data-id=\"e7ed44e\" data-element_type=\"container\">\n\t\t\t\t<div class=\"elementor-element elementor-element-121ad3d elementor-widget elementor-widget-text-editor\" data-id=\"121ad3d\" data-element_type=\"widget\" data-widget_type=\"text-editor.default\">\n\t\t\t\t<div class=\"elementor-widget-container\">\n\t\t\t\t\t\t\t\t\t<p>International team of experts<\/p>\t\t\t\t\t\t\t\t<\/div>\n\t\t\t\t<\/div>\n\t\t\t\t<div class=\"elementor-element elementor-element-b958209 new-title elementor-widget__width-initial elementor-widget elementor-widget-heading\" data-id=\"b958209\" data-element_type=\"widget\" data-widget_type=\"heading.default\">\n\t\t\t\t<div class=\"elementor-widget-container\">\n\t\t\t\t\t<h1 class=\"elementor-heading-title elementor-size-default\">Our guest lecturers<\/h1>\t\t\t\t<\/div>\n\t\t\t\t<\/div>\n\t\t\t\t<div class=\"elementor-element elementor-element-e2e6ca9 elementor-widget__width-initial neue-liste elementor-widget elementor-widget-text-editor\" data-id=\"e2e6ca9\" data-element_type=\"widget\" data-widget_type=\"text-editor.default\">\n\t\t\t\t<div class=\"elementor-widget-container\">\n\t\t\t\t\t\t\t\t\t<ul><li>Doctors with a holistic vision<\/li><li>Psychologists with an understanding of mental health<\/li><li>Ayurveda physicians from the Indian tradition<\/li><li>Theologians and teachers of wisdom with insight<\/li><li>Economist for Entrepreneurship<\/li><\/ul>\t\t\t\t\t\t\t\t<\/div>\n\t\t\t\t<\/div>\n\t\t\t\t<\/div>\n\t\t<div data-particle_enable=\"false\" data-particle-mobile-disabled=\"false\" class=\"elementor-element elementor-element-38afc4c e-con-full header-unterseiten-bildcontainer e-flex e-con e-child\" data-id=\"38afc4c\" data-element_type=\"container\" data-settings=\"{&quot;background_background&quot;:&quot;classic&quot;}\">\n\t\t\t\t<\/div>\n\t\t\t\t\t<\/div>\n\t\t\t\t<\/div>\n\t\t\t\t<\/div>\n\t\t\t\t<section data-particle_enable=\"false\" data-particle-mobile-disabled=\"false\" class=\"elementor-section elementor-top-section elementor-element elementor-element-bb194c1 elementor-section-boxed elementor-section-height-default elementor-section-height-default\" data-id=\"bb194c1\" data-element_type=\"section\">\n\t\t\t\t\t\t<div class=\"elementor-container elementor-column-gap-default\">\n\t\t\t\t\t<div class=\"elementor-column elementor-col-100 elementor-top-column elementor-element elementor-element-b03f115\" data-id=\"b03f115\" data-element_type=\"column\">\n\t\t\t<div class=\"elementor-widget-wrap elementor-element-populated\">\n\t\t\t\t\t\t<div class=\"elementor-element elementor-element-a2fcdec elementor-widget elementor-widget-text-editor\" data-id=\"a2fcdec\" data-element_type=\"widget\" data-widget_type=\"text-editor.default\">\n\t\t\t\t<div class=\"elementor-widget-container\">\n\t\t\t\t\t\t\t\t\t<p>\u2192 <strong>sorted alphabetically by surname<\/strong><\/p>\t\t\t\t\t\t\t\t<\/div>\n\t\t\t\t<\/div>\n\t\t\t\t<div class=\"elementor-element elementor-element-c049053 elementor-widget elementor-widget-gallery\" data-id=\"c049053\" data-element_type=\"widget\" data-settings=\"{&quot;columns&quot;:3,&quot;gap&quot;:{&quot;unit&quot;:&quot;px&quot;,&quot;size&quot;:50,&quot;sizes&quot;:[]},&quot;aspect_ratio&quot;:&quot;1:1&quot;,&quot;overlay_title&quot;:&quot;caption&quot;,&quot;overlay_description&quot;:&quot;description&quot;,&quot;lazyload&quot;:&quot;yes&quot;,&quot;gallery_layout&quot;:&quot;grid&quot;,&quot;columns_tablet&quot;:2,&quot;columns_mobile&quot;:1,&quot;gap_laptop&quot;:{&quot;unit&quot;:&quot;px&quot;,&quot;size&quot;:10,&quot;sizes&quot;:[]},&quot;gap_tablet&quot;:{&quot;unit&quot;:&quot;px&quot;,&quot;size&quot;:10,&quot;sizes&quot;:[]},&quot;gap_mobile&quot;:{&quot;unit&quot;:&quot;px&quot;,&quot;size&quot;:10,&quot;sizes&quot;:[]},&quot;overlay_background&quot;:&quot;yes&quot;,&quot;content_hover_animation&quot;:&quot;fade-in&quot;}\" data-widget_type=\"gallery.default\">\n\t\t\t\t<div class=\"elementor-widget-container\">\n\t\t\t\t\t\t\t<div class=\"elementor-gallery__container\">\n\t\t\t\t\t\t\t<div class=\"e-gallery-item elementor-gallery-item elementor-animated-content\" tabindex=\"0\">\n\t\t\t\t\t<div class=\"e-gallery-image elementor-gallery-item__image\" data-thumbnail=\"https:\/\/www.eurasiamed.de\/wp-content\/uploads\/2023\/09\/Dr.-Tilmann-Lhuendrup-Borghardt.jpg\" data-width=\"1080\" data-height=\"1080\" aria-label=\"\" role=\"img\" ><\/div>\n\t\t\t\t\t\t\t\t\t\t\t<div class=\"elementor-gallery-item__overlay\"><\/div>\n\t\t\t\t\t\t\t\t\t\t\t\t\t\t\t<div class=\"elementor-gallery-item__content\">\n\t\t\t\t\t\t\t\t\t\t\t\t\t\t<div class=\"elementor-gallery-item__title\">\n\t\t\t\t\t\t\t\t\t\t\t\t\t\t\t\t\t\tDr Tilmann Lh\u00fcndrup Borghardt\t\t\t\t\t\t\t\t<\/div>\n\t\t\t\t\t\t\t\t\t\t\t\t\t\t\t<div class=\"elementor-gallery-item__description\">\n\t\t\t\t\t\t\t\t\t\t\t\t\t\t\t\t\t\tDoctor, lama and meditation teacher in the Tibetan Buddhist tradition<br>- D\/ Lenzkirch in the Black Forest -\t\t\t\t\t\t\t\t<\/div>\n\t\t\t\t\t\t\t\t\t\t\t\t<\/div>\n\t\t\t\t\t\t\t\t\t<\/div>\n\t\t\t\t\t\t\t<div class=\"e-gallery-item elementor-gallery-item elementor-animated-content\" tabindex=\"0\">\n\t\t\t\t\t<div class=\"e-gallery-image elementor-gallery-item__image\" data-thumbnail=\"https:\/\/www.eurasiamed.de\/wp-content\/uploads\/2023\/09\/Prof.-Dr.-Michael-von-Brueck.jpg\" data-width=\"1080\" data-height=\"1080\" aria-label=\"\" role=\"img\" ><\/div>\n\t\t\t\t\t\t\t\t\t\t\t<div class=\"elementor-gallery-item__overlay\"><\/div>\n\t\t\t\t\t\t\t\t\t\t\t\t\t\t\t<div class=\"elementor-gallery-item__content\">\n\t\t\t\t\t\t\t\t\t\t\t\t\t\t<div class=\"elementor-gallery-item__title\">\n\t\t\t\t\t\t\t\t\t\t\t\t\t\t\t\t\t\tProf Dr Michael von Br\u00fcck\t\t\t\t\t\t\t\t<\/div>\n\t\t\t\t\t\t\t\t\t\t\t\t\t\t\t<div class=\"elementor-gallery-item__description\">\n\t\t\t\t\t\t\t\t\t\t\t\t\t\t\t\t\t\tReligious scholar, Zen and yoga teacher<br>- D\/ Regensburg -\t\t\t\t\t\t\t\t<\/div>\n\t\t\t\t\t\t\t\t\t\t\t\t<\/div>\n\t\t\t\t\t\t\t\t\t<\/div>\n\t\t\t\t\t\t\t<div class=\"e-gallery-item elementor-gallery-item elementor-animated-content\" tabindex=\"0\">\n\t\t\t\t\t<div class=\"e-gallery-image elementor-gallery-item__image\" data-thumbnail=\"https:\/\/www.eurasiamed.de\/wp-content\/uploads\/2025\/10\/Aristotelis-Davaroukas.jpg\" data-width=\"565\" data-height=\"565\" aria-label=\"\" role=\"img\" ><\/div>\n\t\t\t\t\t\t\t\t\t\t\t<div class=\"elementor-gallery-item__overlay\"><\/div>\n\t\t\t\t\t\t\t\t\t\t\t\t\t\t\t<div class=\"elementor-gallery-item__content\">\n\t\t\t\t\t\t\t\t\t\t\t\t\t\t<div class=\"elementor-gallery-item__title\">\n\t\t\t\t\t\t\t\t\t\t\t\t\t\t\t\t\t\tDr Aristotelis Davaroukas\t\t\t\t\t\t\t\t<\/div>\n\t\t\t\t\t\t\t\t\t\t\t\t\t\t\t<div class=\"elementor-gallery-item__description\">\n\t\t\t\t\t\t\t\t\t\t\t\t\t\t\t\t\t\tSpecialist in urology and holistic medicine<br>- D\/ Nuremberg -\t\t\t\t\t\t\t\t<\/div>\n\t\t\t\t\t\t\t\t\t\t\t\t<\/div>\n\t\t\t\t\t\t\t\t\t<\/div>\n\t\t\t\t\t\t\t<div class=\"e-gallery-item elementor-gallery-item elementor-animated-content\" tabindex=\"0\">\n\t\t\t\t\t<div class=\"e-gallery-image elementor-gallery-item__image\" data-thumbnail=\"https:\/\/www.eurasiamed.de\/wp-content\/uploads\/2025\/01\/Dr.-Vignesh-Devraj.jpg\" data-width=\"400\" data-height=\"400\" aria-label=\"\" role=\"img\" ><\/div>\n\t\t\t\t\t\t\t\t\t\t\t<div class=\"elementor-gallery-item__overlay\"><\/div>\n\t\t\t\t\t\t\t\t\t\t\t\t\t\t\t<div class=\"elementor-gallery-item__content\">\n\t\t\t\t\t\t\t\t\t\t\t\t\t\t<div class=\"elementor-gallery-item__title\">\n\t\t\t\t\t\t\t\t\t\t\t\t\t\t\t\t\t\tDr Vignesh Devraj\t\t\t\t\t\t\t\t<\/div>\n\t\t\t\t\t\t\t\t\t\t\t\t\t\t\t<div class=\"elementor-gallery-item__description\">\n\t\t\t\t\t\t\t\t\t\t\t\t\t\t\t\t\t\tDoctor of Ayurveda medicine, expert in Ayurvedic spa medicine<br>- Thalikulam, Kerala | India -\t\t\t\t\t\t\t\t<\/div>\n\t\t\t\t\t\t\t\t\t\t\t\t<\/div>\n\t\t\t\t\t\t\t\t\t<\/div>\n\t\t\t\t\t\t\t<div class=\"e-gallery-item elementor-gallery-item elementor-animated-content\" tabindex=\"0\">\n\t\t\t\t\t<div class=\"e-gallery-image elementor-gallery-item__image\" data-thumbnail=\"https:\/\/www.eurasiamed.de\/wp-content\/uploads\/2024\/04\/Prof.-Dr.-Dietmar-Grichnik.webp\" data-width=\"844\" data-height=\"1054\" aria-label=\"\" role=\"img\" ><\/div>\n\t\t\t\t\t\t\t\t\t\t\t<div class=\"elementor-gallery-item__overlay\"><\/div>\n\t\t\t\t\t\t\t\t\t\t\t\t\t\t\t<div class=\"elementor-gallery-item__content\">\n\t\t\t\t\t\t\t\t\t\t\t\t\t\t<div class=\"elementor-gallery-item__title\">\n\t\t\t\t\t\t\t\t\t\t\t\t\t\t\t\t\t\tProf Dr Dietmar Grichnik\t\t\t\t\t\t\t\t<\/div>\n\t\t\t\t\t\t\t\t\t\t\t\t\t\t\t<div class=\"elementor-gallery-item__description\">\n\t\t\t\t\t\t\t\t\t\t\t\t\t\t\t\t\t\tProfessor of Entrepreneurship, Advisor, Author, Speaker<br>- CH\/ St. Gallen -\t\t\t\t\t\t\t\t<\/div>\n\t\t\t\t\t\t\t\t\t\t\t\t<\/div>\n\t\t\t\t\t\t\t\t\t<\/div>\n\t\t\t\t\t\t\t<div class=\"e-gallery-item elementor-gallery-item elementor-animated-content\" tabindex=\"0\">\n\t\t\t\t\t<div class=\"e-gallery-image elementor-gallery-item__image\" data-thumbnail=\"https:\/\/www.eurasiamed.de\/wp-content\/uploads\/2024\/05\/Dr.-Bettina-Hees.jpg\" data-width=\"1080\" data-height=\"1080\" aria-label=\"\" role=\"img\" ><\/div>\n\t\t\t\t\t\t\t\t\t\t\t<div class=\"elementor-gallery-item__overlay\"><\/div>\n\t\t\t\t\t\t\t\t\t\t\t\t\t\t\t<div class=\"elementor-gallery-item__content\">\n\t\t\t\t\t\t\t\t\t\t\t\t\t\t<div class=\"elementor-gallery-item__title\">\n\t\t\t\t\t\t\t\t\t\t\t\t\t\t\t\t\t\tDr Bettina Hees\t\t\t\t\t\t\t\t<\/div>\n\t\t\t\t\t\t\t\t\t\t\t\t\t\t\t<div class=\"elementor-gallery-item__description\">\n\t\t\t\t\t\t\t\t\t\t\t\t\t\t\t\t\t\tDoctor for prevention, anti-ageing and orthomolecular medicine<br>- D\/ Hamburg -\t\t\t\t\t\t\t\t<\/div>\n\t\t\t\t\t\t\t\t\t\t\t\t<\/div>\n\t\t\t\t\t\t\t\t\t<\/div>\n\t\t\t\t\t\t\t<div class=\"e-gallery-item elementor-gallery-item elementor-animated-content\" tabindex=\"0\">\n\t\t\t\t\t<div class=\"e-gallery-image elementor-gallery-item__image\" data-thumbnail=\"https:\/\/www.eurasiamed.de\/wp-content\/uploads\/2024\/02\/Dr.-Carolin-Marx-Dick.jpg\" data-width=\"1080\" data-height=\"1080\" aria-label=\"\" role=\"img\" ><\/div>\n\t\t\t\t\t\t\t\t\t\t\t<div class=\"elementor-gallery-item__overlay\"><\/div>\n\t\t\t\t\t\t\t\t\t\t\t\t\t\t\t<div class=\"elementor-gallery-item__content\">\n\t\t\t\t\t\t\t\t\t\t\t\t\t\t<div class=\"elementor-gallery-item__title\">\n\t\t\t\t\t\t\t\t\t\t\t\t\t\t\t\t\t\tDr Carolin Marx-Dick\t\t\t\t\t\t\t\t<\/div>\n\t\t\t\t\t\t\t\t\t\t\t\t\t\t\t<div class=\"elementor-gallery-item__description\">\n\t\t\t\t\t\t\t\t\t\t\t\t\t\t\t\t\t\tQualified psychologist, sleep expert and behavioural therapist<br>- D\/ Dresden -\t\t\t\t\t\t\t\t<\/div>\n\t\t\t\t\t\t\t\t\t\t\t\t<\/div>\n\t\t\t\t\t\t\t\t\t<\/div>\n\t\t\t\t\t\t\t<div class=\"e-gallery-item elementor-gallery-item elementor-animated-content\" tabindex=\"0\">\n\t\t\t\t\t<div class=\"e-gallery-image elementor-gallery-item__image\" data-thumbnail=\"https:\/\/www.eurasiamed.de\/wp-content\/uploads\/2023\/09\/Dr.-Ulrich-Ott.jpg\" data-width=\"1080\" data-height=\"1080\" aria-label=\"\" role=\"img\" ><\/div>\n\t\t\t\t\t\t\t\t\t\t\t<div class=\"elementor-gallery-item__overlay\"><\/div>\n\t\t\t\t\t\t\t\t\t\t\t\t\t\t\t<div class=\"elementor-gallery-item__content\">\n\t\t\t\t\t\t\t\t\t\t\t\t\t\t<div class=\"elementor-gallery-item__title\">\n\t\t\t\t\t\t\t\t\t\t\t\t\t\t\t\t\t\tDr Ulrich Ott\t\t\t\t\t\t\t\t<\/div>\n\t\t\t\t\t\t\t\t\t\t\t\t\t\t\t<div class=\"elementor-gallery-item__description\">\n\t\t\t\t\t\t\t\t\t\t\t\t\t\t\t\t\t\tPsychologist, meditation researcher and yoga teacher<br>- D\/ Giessen -\t\t\t\t\t\t\t\t<\/div>\n\t\t\t\t\t\t\t\t\t\t\t\t<\/div>\n\t\t\t\t\t\t\t\t\t<\/div>\n\t\t\t\t\t\t\t<div class=\"e-gallery-item elementor-gallery-item elementor-animated-content\" tabindex=\"0\">\n\t\t\t\t\t<div class=\"e-gallery-image elementor-gallery-item__image\" data-thumbnail=\"https:\/\/www.eurasiamed.de\/wp-content\/uploads\/2023\/09\/Tom-Pinkall.jpg\" data-width=\"1080\" data-height=\"1080\" aria-label=\"\" role=\"img\" ><\/div>\n\t\t\t\t\t\t\t\t\t\t\t<div class=\"elementor-gallery-item__overlay\"><\/div>\n\t\t\t\t\t\t\t\t\t\t\t\t\t\t\t<div class=\"elementor-gallery-item__content\">\n\t\t\t\t\t\t\t\t\t\t\t\t\t\t<div class=\"elementor-gallery-item__title\">\n\t\t\t\t\t\t\t\t\t\t\t\t\t\t\t\t\t\tTom Pinkall\t\t\t\t\t\t\t\t<\/div>\n\t\t\t\t\t\t\t\t\t\t\t\t\t\t\t<div class=\"elementor-gallery-item__description\">\n\t\t\t\t\t\t\t\t\t\t\t\t\t\t\t\t\t\tGraduate theologian, MBSR teacher, ACT trainer, systemic therapist and supervisor<br>- D\/ Mannheim -\t\t\t\t\t\t\t\t<\/div>\n\t\t\t\t\t\t\t\t\t\t\t\t<\/div>\n\t\t\t\t\t\t\t\t\t<\/div>\n\t\t\t\t\t\t\t<div class=\"e-gallery-item elementor-gallery-item elementor-animated-content\" tabindex=\"0\">\n\t\t\t\t\t<div class=\"e-gallery-image elementor-gallery-item__image\" data-thumbnail=\"https:\/\/www.eurasiamed.de\/wp-content\/uploads\/2024\/12\/Dr.-Shubhangee-Satam.jpg\" data-width=\"512\" data-height=\"512\" aria-label=\"\" role=\"img\" ><\/div>\n\t\t\t\t\t\t\t\t\t\t\t<div class=\"elementor-gallery-item__overlay\"><\/div>\n\t\t\t\t\t\t\t\t\t\t\t\t\t\t\t<div class=\"elementor-gallery-item__content\">\n\t\t\t\t\t\t\t\t\t\t\t\t\t\t<div class=\"elementor-gallery-item__title\">\n\t\t\t\t\t\t\t\t\t\t\t\t\t\t\t\t\t\tDr Shubhangee Satam\t\t\t\t\t\t\t\t<\/div>\n\t\t\t\t\t\t\t\t\t\t\t\t\t\t\t<div class=\"elementor-gallery-item__description\">\n\t\t\t\t\t\t\t\t\t\t\t\t\t\t\t\t\t\tDoctor of Ayurvedic medicine, expert in Ayurvedic pharmacology<br>- Mumbai | India -\t\t\t\t\t\t\t\t<\/div>\n\t\t\t\t\t\t\t\t\t\t\t\t<\/div>\n\t\t\t\t\t\t\t\t\t<\/div>\n\t\t\t\t\t\t\t<div class=\"e-gallery-item elementor-gallery-item elementor-animated-content\" tabindex=\"0\">\n\t\t\t\t\t<div class=\"e-gallery-image elementor-gallery-item__image\" data-thumbnail=\"https:\/\/www.eurasiamed.de\/wp-content\/uploads\/2024\/02\/John-Schlammes.jpg\" data-width=\"1080\" data-height=\"1080\" aria-label=\"\" role=\"img\" ><\/div>\n\t\t\t\t\t\t\t\t\t\t\t<div class=\"elementor-gallery-item__overlay\"><\/div>\n\t\t\t\t\t\t\t\t\t\t\t\t\t\t\t<div class=\"elementor-gallery-item__content\">\n\t\t\t\t\t\t\t\t\t\t\t\t\t\t<div class=\"elementor-gallery-item__title\">\n\t\t\t\t\t\t\t\t\t\t\t\t\t\t\t\t\t\tJohn Schlammes\t\t\t\t\t\t\t\t<\/div>\n\t\t\t\t\t\t\t\t\t\t\t\t\t\t\t<div class=\"elementor-gallery-item__description\">\n\t\t\t\t\t\t\t\t\t\t\t\t\t\t\t\t\t\tSocial pedagogue, yoga teacher and breathing therapist<br>- Luxembourg -\t\t\t\t\t\t\t\t<\/div>\n\t\t\t\t\t\t\t\t\t\t\t\t<\/div>\n\t\t\t\t\t\t\t\t\t<\/div>\n\t\t\t\t\t\t\t<div class=\"e-gallery-item elementor-gallery-item elementor-animated-content\" tabindex=\"0\">\n\t\t\t\t\t<div class=\"e-gallery-image elementor-gallery-item__image\" data-thumbnail=\"https:\/\/www.eurasiamed.de\/wp-content\/uploads\/2025\/05\/Dr.-Elena-Steinheim.jpg\" data-width=\"1080\" data-height=\"1080\" aria-label=\"\" role=\"img\" ><\/div>\n\t\t\t\t\t\t\t\t\t\t\t<div class=\"elementor-gallery-item__overlay\"><\/div>\n\t\t\t\t\t\t\t\t\t\t\t\t\t\t\t<div class=\"elementor-gallery-item__content\">\n\t\t\t\t\t\t\t\t\t\t\t\t\t\t<div class=\"elementor-gallery-item__title\">\n\t\t\t\t\t\t\t\t\t\t\t\t\t\t\t\t\t\tDr Elena Steinheim\t\t\t\t\t\t\t\t<\/div>\n\t\t\t\t\t\t\t\t\t\t\t\t\t\t\t<div class=\"elementor-gallery-item__description\">\n\t\t\t\t\t\t\t\t\t\t\t\t\t\t\t\t\t\tPhysician for functional medicine, hormone counselling and infusion therapy<br>- D\/ Hofheim am Taunus -\t\t\t\t\t\t\t\t<\/div>\n\t\t\t\t\t\t\t\t\t\t\t\t<\/div>\n\t\t\t\t\t\t\t\t\t<\/div>\n\t\t\t\t\t<\/div>\n\t\t\t\t\t<\/div>\n\t\t\t\t<\/div>\n\t\t\t\t\t<\/div>\n\t\t<\/div>\n\t\t\t\t\t<\/div>\n\t\t<\/section>\n\t\t\t\t<\/div>","protected":false},"excerpt":{"rendered":"<p>Internationales Expertenteam Unsere Gastdozenten \u00c4rzte mit ganzheitlichem Weitblick Psychologen mit Verst\u00e4ndnis f\u00fcr Mental Health Ayurvedamediziner aus indischer Tradition Theologen und Weisheitslehrer mit Einsicht Wirtschaftswissenschaftler f\u00fcr Entrepreneurship \u2192 alphabetisch anhand Nachnamen sortiert Dr. Tilmann Lh\u00fcndrup Borghardt Arzt, Lama und Meditationslehrer in tibetisch-buddhistischer Tradition&#8211; D\/ Lenzkirch im Hochschwarzwald &#8211; Prof. Dr. Michael von Br\u00fcck Religionswissenschaftler, Zen- und [&hellip;]<\/p>","protected":false},"author":2,"featured_media":0,"parent":10500,"menu_order":0,"comment_status":"closed","ping_status":"closed","template":"","meta":{"footnotes":""},"class_list":["post-16786","page","type-page","status-publish","hentry"],"yoast_head":"<!-- This site is optimized with the Yoast SEO plugin v26.7 - https:\/\/yoast.com\/wordpress\/plugins\/seo\/ -->\n<title>Gastdozenten | EURASIAMED<\/title>\n<meta name=\"robots\" content=\"index, follow, max-snippet:-1, max-image-preview:large, max-video-preview:-1\" \/>\n<link rel=\"canonical\" href=\"https:\/\/www.eurasiamed.de\/en\/team-of-experts\/guest-lecturers\/\" \/>\n<meta property=\"og:locale\" content=\"en_GB\" \/>\n<meta property=\"og:type\" content=\"article\" \/>\n<meta property=\"og:title\" content=\"Gastdozenten | EURASIAMED\" \/>\n<meta property=\"og:description\" content=\"Internationales Expertenteam Unsere Gastdozenten \u00c4rzte mit ganzheitlichem Weitblick Psychologen mit Verst\u00e4ndnis f\u00fcr Mental Health Ayurvedamediziner aus indischer Tradition Theologen und Weisheitslehrer mit Einsicht Wirtschaftswissenschaftler f\u00fcr Entrepreneurship \u2192 alphabetisch anhand Nachnamen sortiert Dr. Tilmann Lh\u00fcndrup Borghardt Arzt, Lama und Meditationslehrer in tibetisch-buddhistischer Tradition&#8211; D\/ Lenzkirch im Hochschwarzwald &#8211; Prof. Dr. Michael von Br\u00fcck Religionswissenschaftler, Zen- und [&hellip;]\" \/>\n<meta property=\"og:url\" content=\"https:\/\/www.eurasiamed.de\/en\/team-of-experts\/guest-lecturers\/\" \/>\n<meta property=\"og:site_name\" content=\"EURASIAMED\" \/>\n<meta property=\"article:modified_time\" content=\"2026-01-27T15:46:58+00:00\" \/>\n<meta name=\"twitter:card\" content=\"summary_large_image\" \/>\n<meta name=\"twitter:label1\" content=\"Estimated reading time\" \/>\n\t<meta name=\"twitter:data1\" content=\"1 minute\" \/>\n<script type=\"application\/ld+json\" class=\"yoast-schema-graph\">{\"@context\":\"https:\/\/schema.org\",\"@graph\":[{\"@type\":\"WebPage\",\"@id\":\"https:\/\/www.eurasiamed.de\/expertenteam\/gastdozenten\/\",\"url\":\"https:\/\/www.eurasiamed.de\/expertenteam\/gastdozenten\/\",\"name\":\"Gastdozenten | EURASIAMED\",\"isPartOf\":{\"@id\":\"https:\/\/www.eurasiamed.de\/#website\"},\"datePublished\":\"2025-01-18T10:11:36+00:00\",\"dateModified\":\"2026-01-27T15:46:58+00:00\",\"breadcrumb\":{\"@id\":\"https:\/\/www.eurasiamed.de\/expertenteam\/gastdozenten\/#breadcrumb\"},\"inLanguage\":\"en-GB\",\"potentialAction\":[{\"@type\":\"ReadAction\",\"target\":[\"https:\/\/www.eurasiamed.de\/expertenteam\/gastdozenten\/\"]}]},{\"@type\":\"BreadcrumbList\",\"@id\":\"https:\/\/www.eurasiamed.de\/expertenteam\/gastdozenten\/#breadcrumb\",\"itemListElement\":[{\"@type\":\"ListItem\",\"position\":1,\"name\":\"Startseite\",\"item\":\"https:\/\/www.eurasiamed.de\/\"},{\"@type\":\"ListItem\",\"position\":2,\"name\":\"Expertenteam\",\"item\":\"https:\/\/www.eurasiamed.de\/expertenteam\/\"},{\"@type\":\"ListItem\",\"position\":3,\"name\":\"Gastdozenten\"}]},{\"@type\":\"WebSite\",\"@id\":\"https:\/\/www.eurasiamed.de\/#website\",\"url\":\"https:\/\/www.eurasiamed.de\/\",\"name\":\"EURASIAMED\",\"description\":\"Ralph Steuernagel\",\"publisher\":{\"@id\":\"https:\/\/www.eurasiamed.de\/#organization\"},\"potentialAction\":[{\"@type\":\"SearchAction\",\"target\":{\"@type\":\"EntryPoint\",\"urlTemplate\":\"https:\/\/www.eurasiamed.de\/?s={search_term_string}\"},\"query-input\":{\"@type\":\"PropertyValueSpecification\",\"valueRequired\":true,\"valueName\":\"search_term_string\"}}],\"inLanguage\":\"en-GB\"},{\"@type\":\"Organization\",\"@id\":\"https:\/\/www.eurasiamed.de\/#organization\",\"name\":\"EURASIAMED\",\"url\":\"https:\/\/www.eurasiamed.de\/\",\"logo\":{\"@type\":\"ImageObject\",\"inLanguage\":\"en-GB\",\"@id\":\"https:\/\/www.eurasiamed.de\/#\/schema\/logo\/image\/\",\"url\":\"https:\/\/www.eurasiamed.de\/wp-content\/uploads\/2023\/06\/LOGO-EURASIAMED-Education@4x-scaled.png\",\"contentUrl\":\"https:\/\/www.eurasiamed.de\/wp-content\/uploads\/2023\/06\/LOGO-EURASIAMED-Education@4x-scaled.png\",\"width\":2569,\"height\":519,\"caption\":\"EURASIAMED\"},\"image\":{\"@id\":\"https:\/\/www.eurasiamed.de\/#\/schema\/logo\/image\/\"}}]}<\/script>\n<!-- \/ Yoast SEO plugin. -->","yoast_head_json":{"title":"Guest lecturers | EURASIAMED","robots":{"index":"index","follow":"follow","max-snippet":"max-snippet:-1","max-image-preview":"max-image-preview:large","max-video-preview":"max-video-preview:-1"},"canonical":"https:\/\/www.eurasiamed.de\/en\/team-of-experts\/guest-lecturers\/","og_locale":"en_GB","og_type":"article","og_title":"Gastdozenten | EURASIAMED","og_description":"Internationales Expertenteam Unsere Gastdozenten \u00c4rzte mit ganzheitlichem Weitblick Psychologen mit Verst\u00e4ndnis f\u00fcr Mental Health Ayurvedamediziner aus indischer Tradition Theologen und Weisheitslehrer mit Einsicht Wirtschaftswissenschaftler f\u00fcr Entrepreneurship \u2192 alphabetisch anhand Nachnamen sortiert Dr. Tilmann Lh\u00fcndrup Borghardt Arzt, Lama und Meditationslehrer in tibetisch-buddhistischer Tradition&#8211; D\/ Lenzkirch im Hochschwarzwald &#8211; Prof. Dr. Michael von Br\u00fcck Religionswissenschaftler, Zen- und [&hellip;]","og_url":"https:\/\/www.eurasiamed.de\/en\/team-of-experts\/guest-lecturers\/","og_site_name":"EURASIAMED","article_modified_time":"2026-01-27T15:46:58+00:00","twitter_card":"summary_large_image","twitter_misc":{"Estimated reading time":"1 minute"},"schema":{"@context":"https:\/\/schema.org","@graph":[{"@type":"WebPage","@id":"https:\/\/www.eurasiamed.de\/expertenteam\/gastdozenten\/","url":"https:\/\/www.eurasiamed.de\/expertenteam\/gastdozenten\/","name":"Guest lecturers | EURASIAMED","isPartOf":{"@id":"https:\/\/www.eurasiamed.de\/#website"},"datePublished":"2025-01-18T10:11:36+00:00","dateModified":"2026-01-27T15:46:58+00:00","breadcrumb":{"@id":"https:\/\/www.eurasiamed.de\/expertenteam\/gastdozenten\/#breadcrumb"},"inLanguage":"en-GB","potentialAction":[{"@type":"ReadAction","target":["https:\/\/www.eurasiamed.de\/expertenteam\/gastdozenten\/"]}]},{"@type":"BreadcrumbList","@id":"https:\/\/www.eurasiamed.de\/expertenteam\/gastdozenten\/#breadcrumb","itemListElement":[{"@type":"ListItem","position":1,"name":"Startseite","item":"https:\/\/www.eurasiamed.de\/"},{"@type":"ListItem","position":2,"name":"Expertenteam","item":"https:\/\/www.eurasiamed.de\/expertenteam\/"},{"@type":"ListItem","position":3,"name":"Gastdozenten"}]},{"@type":"WebSite","@id":"https:\/\/www.eurasiamed.de\/#website","url":"https:\/\/www.eurasiamed.de\/","name":"EURASIAMED","description":"Ralph Steuernagel","publisher":{"@id":"https:\/\/www.eurasiamed.de\/#organization"},"potentialAction":[{"@type":"SearchAction","target":{"@type":"EntryPoint","urlTemplate":"https:\/\/www.eurasiamed.de\/?s={search_term_string}"},"query-input":{"@type":"PropertyValueSpecification","valueRequired":true,"valueName":"search_term_string"}}],"inLanguage":"en-GB"},{"@type":"Organization","@id":"https:\/\/www.eurasiamed.de\/#organization","name":"EURASIAMED","url":"https:\/\/www.eurasiamed.de\/","logo":{"@type":"ImageObject","inLanguage":"en-GB","@id":"https:\/\/www.eurasiamed.de\/#\/schema\/logo\/image\/","url":"https:\/\/www.eurasiamed.de\/wp-content\/uploads\/2023\/06\/LOGO-EURASIAMED-Education@4x-scaled.png","contentUrl":"https:\/\/www.eurasiamed.de\/wp-content\/uploads\/2023\/06\/LOGO-EURASIAMED-Education@4x-scaled.png","width":2569,"height":519,"caption":"EURASIAMED"},"image":{"@id":"https:\/\/www.eurasiamed.de\/#\/schema\/logo\/image\/"}}]}},"_links":{"self":[{"href":"https:\/\/www.eurasiamed.de\/en\/wp-json\/wp\/v2\/pages\/16786","targetHints":{"allow":["GET"]}}],"collection":[{"href":"https:\/\/www.eurasiamed.de\/en\/wp-json\/wp\/v2\/pages"}],"about":[{"href":"https:\/\/www.eurasiamed.de\/en\/wp-json\/wp\/v2\/types\/page"}],"author":[{"embeddable":true,"href":"https:\/\/www.eurasiamed.de\/en\/wp-json\/wp\/v2\/users\/2"}],"replies":[{"embeddable":true,"href":"https:\/\/www.eurasiamed.de\/en\/wp-json\/wp\/v2\/comments?post=16786"}],"version-history":[{"count":18,"href":"https:\/\/www.eurasiamed.de\/en\/wp-json\/wp\/v2\/pages\/16786\/revisions"}],"predecessor-version":[{"id":24418,"href":"https:\/\/www.eurasiamed.de\/en\/wp-json\/wp\/v2\/pages\/16786\/revisions\/24418"}],"up":[{"embeddable":true,"href":"https:\/\/www.eurasiamed.de\/en\/wp-json\/wp\/v2\/pages\/10500"}],"wp:attachment":[{"href":"https:\/\/www.eurasiamed.de\/en\/wp-json\/wp\/v2\/media?parent=16786"}],"curies":[{"name":"wp","href":"https:\/\/api.w.org\/{rel}","templated":true}]}}