{"id":17276,"date":"2025-01-19T13:36:37","date_gmt":"2025-01-19T12:36:37","guid":{"rendered":"https:\/\/www.eurasiamed.de\/?page_id=17276"},"modified":"2025-01-27T15:26:08","modified_gmt":"2025-01-27T14:26:08","slug":"medical-skincare","status":"publish","type":"page","link":"https:\/\/www.eurasiamed.de\/en\/private-practice\/focal-points\/skin-diseases\/medical-skincare\/","title":{"rendered":"Medical Skincare"},"content":{"rendered":"<div data-elementor-type=\"wp-page\" data-elementor-id=\"17276\" class=\"elementor elementor-17276\" data-elementor-post-type=\"page\">\n\t\t\t\t<div data-particle_enable=\"false\" data-particle-mobile-disabled=\"false\" class=\"elementor-element elementor-element-1a504ed e-con-full header-unterseiten e-flex e-con e-parent\" data-id=\"1a504ed\" data-element_type=\"container\" data-settings=\"{&quot;background_background&quot;:&quot;classic&quot;}\">\n\t\t<div data-particle_enable=\"false\" data-particle-mobile-disabled=\"false\" class=\"elementor-element elementor-element-c17cb2e e-flex e-con-boxed e-con e-child\" data-id=\"c17cb2e\" data-element_type=\"container\">\n\t\t\t\t\t<div class=\"e-con-inner\">\n\t\t\t\t<div class=\"elementor-element elementor-element-b43ea8d breads elementor-widget elementor-widget-breadcrumbs\" data-id=\"b43ea8d\" data-element_type=\"widget\" data-widget_type=\"breadcrumbs.default\">\n\t\t\t\t<div class=\"elementor-widget-container\">\n\t\t\t\t\t<p id=\"breadcrumbs\"><span><span><a href=\"https:\/\/www.eurasiamed.de\/en\/\">Home page<\/a><\/span><\/span><\/p>\t\t\t\t<\/div>\n\t\t\t\t<\/div>\n\t\t\t\t\t<\/div>\n\t\t\t\t<\/div>\n\t\t<div data-particle_enable=\"false\" data-particle-mobile-disabled=\"false\" class=\"elementor-element elementor-element-b6caa58 e-flex e-con-boxed e-con e-child\" data-id=\"b6caa58\" data-element_type=\"container\">\n\t\t\t\t\t<div class=\"e-con-inner\">\n\t\t<div data-particle_enable=\"false\" data-particle-mobile-disabled=\"false\" class=\"elementor-element elementor-element-b763276 e-con-full header-unterseiten-texte e-flex e-con e-child\" data-id=\"b763276\" data-element_type=\"container\">\n\t\t\t\t<div class=\"elementor-element elementor-element-f1f84de elementor-widget elementor-widget-text-editor\" data-id=\"f1f84de\" data-element_type=\"widget\" data-widget_type=\"text-editor.default\">\n\t\t\t\t<div class=\"elementor-widget-container\">\n\t\t\t\t\t\t\t\t\t<p>Beauty meets dermatology<\/p>\t\t\t\t\t\t\t\t<\/div>\n\t\t\t\t<\/div>\n\t\t\t\t<div class=\"elementor-element elementor-element-674b5a4 new-title elementor-widget__width-initial elementor-widget elementor-widget-heading\" data-id=\"674b5a4\" data-element_type=\"widget\" data-widget_type=\"heading.default\">\n\t\t\t\t<div class=\"elementor-widget-container\">\n\t\t\t\t\t<h1 class=\"elementor-heading-title elementor-size-default\">Medical Skincare<\/h1>\t\t\t\t<\/div>\n\t\t\t\t<\/div>\n\t\t\t\t<div class=\"elementor-element elementor-element-0aec133 elementor-widget__width-initial neue-liste elementor-widget elementor-widget-text-editor\" data-id=\"0aec133\" data-element_type=\"widget\" data-widget_type=\"text-editor.default\">\n\t\t\t\t<div class=\"elementor-widget-container\">\n\t\t\t\t\t\t\t\t\t<ul><li>Visibly prevent skin ageing<\/li><li>Supporting light-damaged skin<\/li><li>Stabilise dry and sensitive skin<\/li><li>Soothe inflamed skin<\/li><\/ul>\t\t\t\t\t\t\t\t<\/div>\n\t\t\t\t<\/div>\n\t\t\t\t<\/div>\n\t\t<div data-particle_enable=\"false\" data-particle-mobile-disabled=\"false\" class=\"elementor-element elementor-element-f977cb2 e-con-full header-unterseiten-bildcontainer e-flex e-con e-child\" data-id=\"f977cb2\" data-element_type=\"container\" data-settings=\"{&quot;background_background&quot;:&quot;classic&quot;}\">\n\t\t\t\t<\/div>\n\t\t\t\t\t<\/div>\n\t\t\t\t<\/div>\n\t\t\t\t<\/div>\n\t\t<div data-particle_enable=\"false\" data-particle-mobile-disabled=\"false\" class=\"elementor-element elementor-element-9b09188 e-flex e-con-boxed e-con e-parent\" data-id=\"9b09188\" data-element_type=\"container\">\n\t\t\t\t\t<div class=\"e-con-inner\">\n\t\t<div data-particle_enable=\"false\" data-particle-mobile-disabled=\"false\" class=\"elementor-element elementor-element-2f387c0 e-con-full expertentipp e-flex e-con e-child\" data-id=\"2f387c0\" data-element_type=\"container\" data-settings=\"{&quot;background_background&quot;:&quot;gradient&quot;}\">\n\t\t<div data-particle_enable=\"false\" data-particle-mobile-disabled=\"false\" class=\"elementor-element elementor-element-4f5849f e-con-full e-flex e-con e-child\" data-id=\"4f5849f\" data-element_type=\"container\" data-settings=\"{&quot;background_background&quot;:&quot;classic&quot;}\">\n\t\t\t\t<div class=\"elementor-element elementor-element-92687de elementor-widget elementor-widget-text-editor\" data-id=\"92687de\" data-element_type=\"widget\" data-widget_type=\"text-editor.default\">\n\t\t\t\t<div class=\"elementor-widget-container\">\n\t\t\t\t\t\t\t\t\t<p>Coming <br \/>Soon!<\/p>\t\t\t\t\t\t\t\t<\/div>\n\t\t\t\t<\/div>\n\t\t\t\t<\/div>\n\t\t<div data-particle_enable=\"false\" data-particle-mobile-disabled=\"false\" class=\"elementor-element elementor-element-3384f1d e-con-full e-flex e-con e-child\" data-id=\"3384f1d\" data-element_type=\"container\">\n\t\t\t\t<div class=\"elementor-element elementor-element-000f214 elementor-widget elementor-widget-heading\" data-id=\"000f214\" data-element_type=\"widget\" data-widget_type=\"heading.default\">\n\t\t\t\t<div class=\"elementor-widget-container\">\n\t\t\t\t\t<h2 class=\"elementor-heading-title elementor-size-default\">More great content will follow soon!<\/h2>\t\t\t\t<\/div>\n\t\t\t\t<\/div>\n\t\t\t\t<\/div>\n\t\t\t\t<\/div>\n\t\t\t\t\t<\/div>\n\t\t\t\t<\/div>\n\t\t\t\t<\/div>","protected":false},"excerpt":{"rendered":"<p>Beauty meets Dermatology Medical Skincare Visibly prevent skin ageing Support light-damaged skin Stabilise dry and sensitive skin Soothe inflamed skin Coming Soon! More great content coming soon!<\/p>","protected":false},"author":2,"featured_media":0,"parent":295,"menu_order":0,"comment_status":"closed","ping_status":"closed","template":"","meta":{"footnotes":""},"class_list":["post-17276","page","type-page","status-publish","hentry"],"yoast_head":"<!-- This site is optimized with the Yoast SEO plugin v26.7 - https:\/\/yoast.com\/wordpress\/plugins\/seo\/ -->\n<title>Medical Skincare - Skin Rejuvenation | EURASIAMED<\/title>\n<meta name=\"robots\" content=\"index, follow, max-snippet:-1, max-image-preview:large, max-video-preview:-1\" \/>\n<link rel=\"canonical\" href=\"https:\/\/www.eurasiamed.de\/en\/private-practice\/focal-points\/skin-diseases\/medical-skincare\/\" \/>\n<meta property=\"og:locale\" content=\"en_GB\" \/>\n<meta property=\"og:type\" content=\"article\" \/>\n<meta property=\"og:title\" content=\"Medical Skincare - Skin Rejuvenation | EURASIAMED\" \/>\n<meta property=\"og:description\" content=\"Beauty meets Dermatology Medical Skincare Hautalterung sichtbar vorbeugen Lichtgesch\u00e4digte Haut unterst\u00fctzen Trockene und sensible Haut stabilisieren Entz\u00fcndliche Haut beruhigen Coming Soon! Weitere tolle Inhalte folgen in K\u00fcrze!\" \/>\n<meta property=\"og:url\" content=\"https:\/\/www.eurasiamed.de\/en\/private-practice\/focal-points\/skin-diseases\/medical-skincare\/\" \/>\n<meta property=\"og:site_name\" content=\"EURASIAMED\" \/>\n<meta property=\"article:modified_time\" content=\"2025-01-27T14:26:08+00:00\" \/>\n<meta name=\"twitter:card\" content=\"summary_large_image\" \/>\n<meta name=\"twitter:label1\" content=\"Estimated reading time\" \/>\n\t<meta name=\"twitter:data1\" content=\"1 minute\" \/>\n<script type=\"application\/ld+json\" class=\"yoast-schema-graph\">{\"@context\":\"https:\/\/schema.org\",\"@graph\":[{\"@type\":\"WebPage\",\"@id\":\"https:\/\/www.eurasiamed.de\/privatpraxis\/schwerpunkte\/hauterkrankungen\/medical-skincare\/\",\"url\":\"https:\/\/www.eurasiamed.de\/privatpraxis\/schwerpunkte\/hauterkrankungen\/medical-skincare\/\",\"name\":\"Medical Skincare - Skin Rejuvenation | EURASIAMED\",\"isPartOf\":{\"@id\":\"https:\/\/www.eurasiamed.de\/#website\"},\"datePublished\":\"2025-01-19T12:36:37+00:00\",\"dateModified\":\"2025-01-27T14:26:08+00:00\",\"breadcrumb\":{\"@id\":\"https:\/\/www.eurasiamed.de\/privatpraxis\/schwerpunkte\/hauterkrankungen\/medical-skincare\/#breadcrumb\"},\"inLanguage\":\"en-GB\",\"potentialAction\":[{\"@type\":\"ReadAction\",\"target\":[\"https:\/\/www.eurasiamed.de\/privatpraxis\/schwerpunkte\/hauterkrankungen\/medical-skincare\/\"]}]},{\"@type\":\"BreadcrumbList\",\"@id\":\"https:\/\/www.eurasiamed.de\/privatpraxis\/schwerpunkte\/hauterkrankungen\/medical-skincare\/#breadcrumb\",\"itemListElement\":[{\"@type\":\"ListItem\",\"position\":1,\"name\":\"Startseite\",\"item\":\"https:\/\/www.eurasiamed.de\/\"},{\"@type\":\"ListItem\",\"position\":2,\"name\":\"Privatpraxis\",\"item\":\"https:\/\/www.eurasiamed.de\/privatpraxis\/\"},{\"@type\":\"ListItem\",\"position\":3,\"name\":\"Schwerpunkte\",\"item\":\"https:\/\/www.eurasiamed.de\/privatpraxis\/schwerpunkte\/\"},{\"@type\":\"ListItem\",\"position\":4,\"name\":\"Hauterkrankungen\",\"item\":\"https:\/\/www.eurasiamed.de\/privatpraxis\/schwerpunkte\/hauterkrankungen\/\"},{\"@type\":\"ListItem\",\"position\":5,\"name\":\"Medical Skincare\"}]},{\"@type\":\"WebSite\",\"@id\":\"https:\/\/www.eurasiamed.de\/#website\",\"url\":\"https:\/\/www.eurasiamed.de\/\",\"name\":\"EURASIAMED\",\"description\":\"Ralph Steuernagel\",\"publisher\":{\"@id\":\"https:\/\/www.eurasiamed.de\/#organization\"},\"potentialAction\":[{\"@type\":\"SearchAction\",\"target\":{\"@type\":\"EntryPoint\",\"urlTemplate\":\"https:\/\/www.eurasiamed.de\/?s={search_term_string}\"},\"query-input\":{\"@type\":\"PropertyValueSpecification\",\"valueRequired\":true,\"valueName\":\"search_term_string\"}}],\"inLanguage\":\"en-GB\"},{\"@type\":\"Organization\",\"@id\":\"https:\/\/www.eurasiamed.de\/#organization\",\"name\":\"EURASIAMED\",\"url\":\"https:\/\/www.eurasiamed.de\/\",\"logo\":{\"@type\":\"ImageObject\",\"inLanguage\":\"en-GB\",\"@id\":\"https:\/\/www.eurasiamed.de\/#\/schema\/logo\/image\/\",\"url\":\"https:\/\/www.eurasiamed.de\/wp-content\/uploads\/2023\/06\/LOGO-EURASIAMED-Education@4x-scaled.png\",\"contentUrl\":\"https:\/\/www.eurasiamed.de\/wp-content\/uploads\/2023\/06\/LOGO-EURASIAMED-Education@4x-scaled.png\",\"width\":2569,\"height\":519,\"caption\":\"EURASIAMED\"},\"image\":{\"@id\":\"https:\/\/www.eurasiamed.de\/#\/schema\/logo\/image\/\"}}]}<\/script>\n<!-- \/ Yoast SEO plugin. -->","yoast_head_json":{"title":"Medical Skincare - Skin Rejuvenation | EURASIAMED","robots":{"index":"index","follow":"follow","max-snippet":"max-snippet:-1","max-image-preview":"max-image-preview:large","max-video-preview":"max-video-preview:-1"},"canonical":"https:\/\/www.eurasiamed.de\/en\/private-practice\/focal-points\/skin-diseases\/medical-skincare\/","og_locale":"en_GB","og_type":"article","og_title":"Medical Skincare - Skin Rejuvenation | EURASIAMED","og_description":"Beauty meets Dermatology Medical Skincare Hautalterung sichtbar vorbeugen Lichtgesch\u00e4digte Haut unterst\u00fctzen Trockene und sensible Haut stabilisieren Entz\u00fcndliche Haut beruhigen Coming Soon! Weitere tolle Inhalte folgen in K\u00fcrze!","og_url":"https:\/\/www.eurasiamed.de\/en\/private-practice\/focal-points\/skin-diseases\/medical-skincare\/","og_site_name":"EURASIAMED","article_modified_time":"2025-01-27T14:26:08+00:00","twitter_card":"summary_large_image","twitter_misc":{"Estimated reading time":"1 minute"},"schema":{"@context":"https:\/\/schema.org","@graph":[{"@type":"WebPage","@id":"https:\/\/www.eurasiamed.de\/privatpraxis\/schwerpunkte\/hauterkrankungen\/medical-skincare\/","url":"https:\/\/www.eurasiamed.de\/privatpraxis\/schwerpunkte\/hauterkrankungen\/medical-skincare\/","name":"Medical Skincare - Skin Rejuvenation | EURASIAMED","isPartOf":{"@id":"https:\/\/www.eurasiamed.de\/#website"},"datePublished":"2025-01-19T12:36:37+00:00","dateModified":"2025-01-27T14:26:08+00:00","breadcrumb":{"@id":"https:\/\/www.eurasiamed.de\/privatpraxis\/schwerpunkte\/hauterkrankungen\/medical-skincare\/#breadcrumb"},"inLanguage":"en-GB","potentialAction":[{"@type":"ReadAction","target":["https:\/\/www.eurasiamed.de\/privatpraxis\/schwerpunkte\/hauterkrankungen\/medical-skincare\/"]}]},{"@type":"BreadcrumbList","@id":"https:\/\/www.eurasiamed.de\/privatpraxis\/schwerpunkte\/hauterkrankungen\/medical-skincare\/#breadcrumb","itemListElement":[{"@type":"ListItem","position":1,"name":"Startseite","item":"https:\/\/www.eurasiamed.de\/"},{"@type":"ListItem","position":2,"name":"Privatpraxis","item":"https:\/\/www.eurasiamed.de\/privatpraxis\/"},{"@type":"ListItem","position":3,"name":"Schwerpunkte","item":"https:\/\/www.eurasiamed.de\/privatpraxis\/schwerpunkte\/"},{"@type":"ListItem","position":4,"name":"Hauterkrankungen","item":"https:\/\/www.eurasiamed.de\/privatpraxis\/schwerpunkte\/hauterkrankungen\/"},{"@type":"ListItem","position":5,"name":"Medical Skincare"}]},{"@type":"WebSite","@id":"https:\/\/www.eurasiamed.de\/#website","url":"https:\/\/www.eurasiamed.de\/","name":"EURASIAMED","description":"Ralph Steuernagel","publisher":{"@id":"https:\/\/www.eurasiamed.de\/#organization"},"potentialAction":[{"@type":"SearchAction","target":{"@type":"EntryPoint","urlTemplate":"https:\/\/www.eurasiamed.de\/?s={search_term_string}"},"query-input":{"@type":"PropertyValueSpecification","valueRequired":true,"valueName":"search_term_string"}}],"inLanguage":"en-GB"},{"@type":"Organization","@id":"https:\/\/www.eurasiamed.de\/#organization","name":"EURASIAMED","url":"https:\/\/www.eurasiamed.de\/","logo":{"@type":"ImageObject","inLanguage":"en-GB","@id":"https:\/\/www.eurasiamed.de\/#\/schema\/logo\/image\/","url":"https:\/\/www.eurasiamed.de\/wp-content\/uploads\/2023\/06\/LOGO-EURASIAMED-Education@4x-scaled.png","contentUrl":"https:\/\/www.eurasiamed.de\/wp-content\/uploads\/2023\/06\/LOGO-EURASIAMED-Education@4x-scaled.png","width":2569,"height":519,"caption":"EURASIAMED"},"image":{"@id":"https:\/\/www.eurasiamed.de\/#\/schema\/logo\/image\/"}}]}},"_links":{"self":[{"href":"https:\/\/www.eurasiamed.de\/en\/wp-json\/wp\/v2\/pages\/17276","targetHints":{"allow":["GET"]}}],"collection":[{"href":"https:\/\/www.eurasiamed.de\/en\/wp-json\/wp\/v2\/pages"}],"about":[{"href":"https:\/\/www.eurasiamed.de\/en\/wp-json\/wp\/v2\/types\/page"}],"author":[{"embeddable":true,"href":"https:\/\/www.eurasiamed.de\/en\/wp-json\/wp\/v2\/users\/2"}],"replies":[{"embeddable":true,"href":"https:\/\/www.eurasiamed.de\/en\/wp-json\/wp\/v2\/comments?post=17276"}],"version-history":[{"count":0,"href":"https:\/\/www.eurasiamed.de\/en\/wp-json\/wp\/v2\/pages\/17276\/revisions"}],"up":[{"embeddable":true,"href":"https:\/\/www.eurasiamed.de\/en\/wp-json\/wp\/v2\/pages\/295"}],"wp:attachment":[{"href":"https:\/\/www.eurasiamed.de\/en\/wp-json\/wp\/v2\/media?parent=17276"}],"curies":[{"name":"wp","href":"https:\/\/api.w.org\/{rel}","templated":true}]}}