{"id":17410,"date":"2025-01-20T08:52:58","date_gmt":"2025-01-20T07:52:58","guid":{"rendered":"https:\/\/www.eurasiamed.de\/?page_id=17410"},"modified":"2025-06-01T13:48:47","modified_gmt":"2025-06-01T11:48:47","slug":"compassion-focussed-therapy","status":"publish","type":"page","link":"https:\/\/www.eurasiamed.de\/en\/private-practice\/psychotherapy\/compassion-focussed-therapy\/","title":{"rendered":"Compassion Focused Therapy"},"content":{"rendered":"<div data-elementor-type=\"wp-page\" data-elementor-id=\"17410\" class=\"elementor elementor-17410\" data-elementor-post-type=\"page\">\n\t\t\t\t<div data-particle_enable=\"false\" data-particle-mobile-disabled=\"false\" class=\"elementor-element elementor-element-cdec18d e-con-full header-unterseiten e-flex e-con e-parent\" data-id=\"cdec18d\" data-element_type=\"container\" data-settings=\"{&quot;background_background&quot;:&quot;classic&quot;}\">\n\t\t<div data-particle_enable=\"false\" data-particle-mobile-disabled=\"false\" class=\"elementor-element elementor-element-c42fbf8 e-flex e-con-boxed e-con e-child\" data-id=\"c42fbf8\" data-element_type=\"container\">\n\t\t\t\t\t<div class=\"e-con-inner\">\n\t\t\t\t<div class=\"elementor-element elementor-element-407a449 breads elementor-widget elementor-widget-breadcrumbs\" data-id=\"407a449\" data-element_type=\"widget\" data-widget_type=\"breadcrumbs.default\">\n\t\t\t\t<div class=\"elementor-widget-container\">\n\t\t\t\t\t<p id=\"breadcrumbs\"><span><span><a href=\"https:\/\/www.eurasiamed.de\/en\/\">Home page<\/a><\/span><\/span><\/p>\t\t\t\t<\/div>\n\t\t\t\t<\/div>\n\t\t\t\t\t<\/div>\n\t\t\t\t<\/div>\n\t\t<div data-particle_enable=\"false\" data-particle-mobile-disabled=\"false\" class=\"elementor-element elementor-element-25cd094 e-flex e-con-boxed e-con e-child\" data-id=\"25cd094\" data-element_type=\"container\">\n\t\t\t\t\t<div class=\"e-con-inner\">\n\t\t<div data-particle_enable=\"false\" data-particle-mobile-disabled=\"false\" class=\"elementor-element elementor-element-9b7909f e-con-full header-unterseiten-texte e-flex e-con e-child\" data-id=\"9b7909f\" data-element_type=\"container\">\n\t\t\t\t<div class=\"elementor-element elementor-element-c065c8f elementor-widget elementor-widget-text-editor\" data-id=\"c065c8f\" data-element_type=\"widget\" data-widget_type=\"text-editor.default\">\n\t\t\t\t<div class=\"elementor-widget-container\">\n\t\t\t\t\t\t\t\t\t<p>Psychotherapy<\/p>\t\t\t\t\t\t\t\t<\/div>\n\t\t\t\t<\/div>\n\t\t\t\t<div class=\"elementor-element elementor-element-a1859bf new-title elementor-widget__width-initial elementor-widget elementor-widget-heading\" data-id=\"a1859bf\" data-element_type=\"widget\" data-widget_type=\"heading.default\">\n\t\t\t\t<div class=\"elementor-widget-container\">\n\t\t\t\t\t<h1 class=\"elementor-heading-title elementor-size-default\">Compassion Focused Therapy (CFT)<\/h1>\t\t\t\t<\/div>\n\t\t\t\t<\/div>\n\t\t\t\t<div class=\"elementor-element elementor-element-14b484e elementor-widget__width-initial neue-liste elementor-widget elementor-widget-text-editor\" data-id=\"14b484e\" data-element_type=\"widget\" data-widget_type=\"text-editor.default\">\n\t\t\t\t<div class=\"elementor-widget-container\">\n\t\t\t\t\t\t\t\t\t<ul><li>The centrepiece of Buddhist psychology<\/li><li>Cultivating compassion for yourself and others<\/li><li>Transdiagnostic approach<\/li><li>Our specialisations: Anxiety disorders, depression, eating disorders and somatoform disorders<\/li><\/ul>\t\t\t\t\t\t\t\t<\/div>\n\t\t\t\t<\/div>\n\t\t\t\t<\/div>\n\t\t<div data-particle_enable=\"false\" data-particle-mobile-disabled=\"false\" class=\"elementor-element elementor-element-408ce5e e-con-full header-unterseiten-bildcontainer e-flex e-con e-child\" data-id=\"408ce5e\" data-element_type=\"container\" data-settings=\"{&quot;background_background&quot;:&quot;classic&quot;}\">\n\t\t\t\t<\/div>\n\t\t\t\t\t<\/div>\n\t\t\t\t<\/div>\n\t\t\t\t<\/div>\n\t\t<div data-particle_enable=\"false\" data-particle-mobile-disabled=\"false\" class=\"elementor-element elementor-element-cc077aa zitat-cont e-flex e-con-boxed e-con e-parent\" data-id=\"cc077aa\" data-element_type=\"container\">\n\t\t\t\t\t<div class=\"e-con-inner\">\n\t\t<div data-particle_enable=\"false\" data-particle-mobile-disabled=\"false\" class=\"elementor-element elementor-element-bca514f e-con-full quote e-flex e-con e-child\" data-id=\"bca514f\" data-element_type=\"container\">\n\t\t\t\t<div class=\"elementor-element elementor-element-8d7193f elementor-widget__width-initial elementor-widget elementor-widget-text-editor\" data-id=\"8d7193f\" data-element_type=\"widget\" data-widget_type=\"text-editor.default\">\n\t\t\t\t<div class=\"elementor-widget-container\">\n\t\t\t\t\t\t\t\t\t<p>Paul<\/p><p>Gilbert<\/p><h5>Founder of CFT<\/h5>\t\t\t\t\t\t\t\t<\/div>\n\t\t\t\t<\/div>\n\t\t\t\t<div class=\"elementor-element elementor-element-183fee5 elementor-widget elementor-widget-text-editor\" data-id=\"183fee5\" data-element_type=\"widget\" data-widget_type=\"text-editor.default\">\n\t\t\t\t<div class=\"elementor-widget-container\">\n\t\t\t\t\t\t\t\t\t<p>Compassion is a basic kindness,<br \/>with deep awareness of the suffering<br \/>of oneself and of other living things,<br \/>coupled with the wish<br \/>and effort to relieve it.<\/p>\t\t\t\t\t\t\t\t<\/div>\n\t\t\t\t<\/div>\n\t\t\t\t<\/div>\n\t\t\t\t\t<\/div>\n\t\t\t\t<\/div>\n\t\t<div data-particle_enable=\"false\" data-particle-mobile-disabled=\"false\" class=\"elementor-element elementor-element-a1b4837 einzelvideo e-flex e-con-boxed e-con e-parent\" data-id=\"a1b4837\" data-element_type=\"container\" data-settings=\"{&quot;background_background&quot;:&quot;classic&quot;}\">\n\t\t\t\t\t<div class=\"e-con-inner\">\n\t\t<div data-particle_enable=\"false\" data-particle-mobile-disabled=\"false\" class=\"elementor-element elementor-element-ad0fe4b e-flex e-con-boxed e-con e-child\" data-id=\"ad0fe4b\" data-element_type=\"container\">\n\t\t\t\t\t<div class=\"e-con-inner\">\n\t\t\t\t<div class=\"elementor-element elementor-element-c8e6998 elementor-widget elementor-widget-image\" data-id=\"c8e6998\" data-element_type=\"widget\" data-widget_type=\"image.default\">\n\t\t\t\t<div class=\"elementor-widget-container\">\n\t\t\t\t\t\t\t\t\t\t\t\t\t\t\t<img fetchpriority=\"high\" decoding=\"async\" width=\"800\" height=\"800\" src=\"https:\/\/www.eurasiamed.de\/wp-content\/uploads\/2024\/12\/LOGO-EURASIAMED-Bildmarke.svg\" class=\"attachment-large size-large wp-image-13390\" alt=\"\" srcset=\"https:\/\/www.eurasiamed.de\/wp-content\/uploads\/2024\/12\/LOGO-EURASIAMED-Bildmarke.svg 150w, https:\/\/www.eurasiamed.de\/wp-content\/uploads\/2024\/12\/LOGO-EURASIAMED-Bildmarke.svg 300w, https:\/\/www.eurasiamed.de\/wp-content\/uploads\/2024\/12\/LOGO-EURASIAMED-Bildmarke.svg 1024w, https:\/\/www.eurasiamed.de\/wp-content\/uploads\/2024\/12\/LOGO-EURASIAMED-Bildmarke.svg 1536w, https:\/\/www.eurasiamed.de\/wp-content\/uploads\/2024\/12\/LOGO-EURASIAMED-Bildmarke.svg 2048w, https:\/\/www.eurasiamed.de\/wp-content\/uploads\/2024\/12\/LOGO-EURASIAMED-Bildmarke.svg 100w\" sizes=\"(max-width: 800px) 100vw, 800px\" \/>\t\t\t\t\t\t\t\t\t\t\t\t\t\t\t<\/div>\n\t\t\t\t<\/div>\n\t\t\t\t<div class=\"elementor-element elementor-element-1953e8f elementor-widget elementor-widget-text-editor\" data-id=\"1953e8f\" data-element_type=\"widget\" data-widget_type=\"text-editor.default\">\n\t\t\t\t<div class=\"elementor-widget-container\">\n\t\t\t\t\t\t\t\t\t<p style=\"text-align: center;\">Compassion Focused Therapy<\/p>\t\t\t\t\t\t\t\t<\/div>\n\t\t\t\t<\/div>\n\t\t\t\t<div class=\"elementor-element elementor-element-b14250c new-title elementor-widget elementor-widget-heading\" data-id=\"b14250c\" data-element_type=\"widget\" data-widget_type=\"heading.default\">\n\t\t\t\t<div class=\"elementor-widget-container\">\n\t\t\t\t\t<h2 class=\"elementor-heading-title elementor-size-default\">Compassion heals<\/h2>\t\t\t\t<\/div>\n\t\t\t\t<\/div>\n\t\t\t\t<div class=\"elementor-element elementor-element-1b91cf6 elementor-widget__width-initial elementor-widget elementor-widget-text-editor\" data-id=\"1b91cf6\" data-element_type=\"widget\" data-widget_type=\"text-editor.default\">\n\t\t\t\t<div class=\"elementor-widget-container\">\n\t\t\t\t\t\t\t\t\t<p style=\"text-align: center;\">In this deeply moving and insightful seminar recording, we delve into the world of Compassion Focused Therapy (CFT) - a scientifically based method that has its roots in Buddhist psychology. You will learn why self-compassion is often the greatest challenge, but also the most powerful resource on the path to healing.<\/p>\t\t\t\t\t\t\t\t<\/div>\n\t\t\t\t<\/div>\n\t\t<div data-particle_enable=\"false\" data-particle-mobile-disabled=\"false\" class=\"elementor-element elementor-element-0e4eeb4 e-con-full e-flex e-con e-child\" data-id=\"0e4eeb4\" data-element_type=\"container\">\n\t\t\t\t<div class=\"elementor-element elementor-element-fa7c41d elementor-widget__width-initial elementor-widget-tablet__width-initial einzelvideo-video elementor-widget elementor-widget-video\" data-id=\"fa7c41d\" data-element_type=\"widget\" data-settings=\"{&quot;youtube_url&quot;:&quot;https:\\\/\\\/youtu.be\\\/A1NYnyBOEho&quot;,&quot;show_image_overlay&quot;:&quot;yes&quot;,&quot;image_overlay&quot;:{&quot;url&quot;:&quot;https:\\\/\\\/www.eurasiamed.de\\\/wp-content\\\/uploads\\\/2025\\\/01\\\/Westliche-Heilpflanzen-EURASIAMED.jpg&quot;,&quot;id&quot;:19338,&quot;size&quot;:&quot;&quot;,&quot;alt&quot;:&quot;&quot;,&quot;source&quot;:&quot;library&quot;},&quot;video_type&quot;:&quot;youtube&quot;,&quot;controls&quot;:&quot;yes&quot;}\" data-widget_type=\"video.default\">\n\t\t\t\t<div class=\"elementor-widget-container\">\n\t\t\t\t\t\t\t<div class=\"elementor-wrapper elementor-open-inline\">\n\t\t\t<div class=\"elementor-video\"><\/div>\t\t\t\t<div class=\"elementor-custom-embed-image-overlay\" style=\"background-image: url(https:\/\/www.eurasiamed.de\/wp-content\/uploads\/2025\/01\/Westliche-Heilpflanzen-EURASIAMED.jpg);\">\n\t\t\t\t\t\t\t\t\t\t\t\t\t\t\t\t<div class=\"elementor-custom-embed-play\" role=\"button\" aria-label=\"Play Video\" tabindex=\"0\">\n\t\t\t\t\t\t\t<i aria-hidden=\"true\" class=\"eicon-play\"><\/i>\t\t\t\t\t\t<\/div>\n\t\t\t\t\t\t\t\t\t<\/div>\n\t\t\t\t\t<\/div>\n\t\t\t\t\t\t<\/div>\n\t\t\t\t<\/div>\n\t\t\t\t<\/div>\n\t\t\t\t\t<\/div>\n\t\t\t\t<\/div>\n\t\t\t\t\t<\/div>\n\t\t\t\t<\/div>\n\t\t<div data-particle_enable=\"false\" data-particle-mobile-disabled=\"false\" class=\"elementor-element elementor-element-a21ef0f e-flex e-con-boxed e-con e-parent\" data-id=\"a21ef0f\" data-element_type=\"container\">\n\t\t\t\t\t<div class=\"e-con-inner\">\n\t\t<div data-particle_enable=\"false\" data-particle-mobile-disabled=\"false\" class=\"elementor-element elementor-element-19c43b6 e-con-full expertentipp e-flex e-con e-child\" data-id=\"19c43b6\" data-element_type=\"container\" data-settings=\"{&quot;background_background&quot;:&quot;gradient&quot;}\">\n\t\t<div data-particle_enable=\"false\" data-particle-mobile-disabled=\"false\" class=\"elementor-element elementor-element-2059753 e-con-full e-flex e-con e-child\" data-id=\"2059753\" data-element_type=\"container\" data-settings=\"{&quot;background_background&quot;:&quot;classic&quot;}\">\n\t\t\t\t<div class=\"elementor-element elementor-element-0d26d26 elementor-widget elementor-widget-text-editor\" data-id=\"0d26d26\" data-element_type=\"widget\" data-widget_type=\"text-editor.default\">\n\t\t\t\t<div class=\"elementor-widget-container\">\n\t\t\t\t\t\t\t\t\t<p>Coming <br \/>Soon!<\/p>\t\t\t\t\t\t\t\t<\/div>\n\t\t\t\t<\/div>\n\t\t\t\t<\/div>\n\t\t<div data-particle_enable=\"false\" data-particle-mobile-disabled=\"false\" class=\"elementor-element elementor-element-2b456f6 e-con-full e-flex e-con e-child\" data-id=\"2b456f6\" data-element_type=\"container\">\n\t\t\t\t<div class=\"elementor-element elementor-element-976f0d6 elementor-widget elementor-widget-heading\" data-id=\"976f0d6\" data-element_type=\"widget\" data-widget_type=\"heading.default\">\n\t\t\t\t<div class=\"elementor-widget-container\">\n\t\t\t\t\t<h2 class=\"elementor-heading-title elementor-size-default\">More valuable content will follow shortly!<\/h2>\t\t\t\t<\/div>\n\t\t\t\t<\/div>\n\t\t\t\t<\/div>\n\t\t\t\t<\/div>\n\t\t\t\t\t<\/div>\n\t\t\t\t<\/div>\n\t\t\t\t<\/div>","protected":false},"excerpt":{"rendered":"<p>Psychotherapie Compassion Focused Therapy (CFT) Herzst\u00fcck buddhistischer Psychologie Mitgef\u00fchl f\u00fcr sich und Andere kultivieren Transdiagnostischer Ansatz Unsere Schwerpunkte: Angstst\u00f6rungen, Depressionen, Essst\u00f6rungen und somatoforme St\u00f6rungen Paul Gilbert Founder of CFT Compassion is a basic kindness,with deep awareness of the sufferingof oneself and of other living things,coupled with the wishand effort to relieve it. Compassion Focused Therapy [&hellip;]<\/p>","protected":false},"author":2,"featured_media":0,"parent":65,"menu_order":0,"comment_status":"closed","ping_status":"closed","template":"","meta":{"footnotes":""},"class_list":["post-17410","page","type-page","status-publish","hentry"],"yoast_head":"<!-- This site is optimized with the Yoast SEO plugin v26.7 - https:\/\/yoast.com\/wordpress\/plugins\/seo\/ -->\n<title>Compassion Focused Therapy (CFT) | EURASIAMED Privatpraxis<\/title>\n<meta name=\"robots\" content=\"index, follow, max-snippet:-1, max-image-preview:large, max-video-preview:-1\" \/>\n<link rel=\"canonical\" href=\"https:\/\/www.eurasiamed.de\/en\/private-practice\/psychotherapy\/compassion-focussed-therapy\/\" \/>\n<meta property=\"og:locale\" content=\"en_GB\" \/>\n<meta property=\"og:type\" content=\"article\" \/>\n<meta property=\"og:title\" content=\"Compassion Focused Therapy (CFT) | EURASIAMED Privatpraxis\" \/>\n<meta property=\"og:description\" content=\"Psychotherapie Compassion Focused Therapy (CFT) Herzst\u00fcck buddhistischer Psychologie Mitgef\u00fchl f\u00fcr sich und Andere kultivieren Transdiagnostischer Ansatz Unsere Schwerpunkte: Angstst\u00f6rungen, Depressionen, Essst\u00f6rungen und somatoforme St\u00f6rungen Paul Gilbert Founder of CFT Compassion is a basic kindness,with deep awareness of the sufferingof oneself and of other living things,coupled with the wishand effort to relieve it. Compassion Focused Therapy [&hellip;]\" \/>\n<meta property=\"og:url\" content=\"https:\/\/www.eurasiamed.de\/en\/private-practice\/psychotherapy\/compassion-focussed-therapy\/\" \/>\n<meta property=\"og:site_name\" content=\"EURASIAMED\" \/>\n<meta property=\"article:modified_time\" content=\"2025-06-01T11:48:47+00:00\" \/>\n<meta name=\"twitter:card\" content=\"summary_large_image\" \/>\n<meta name=\"twitter:label1\" content=\"Estimated reading time\" \/>\n\t<meta name=\"twitter:data1\" content=\"2 minutes\" \/>\n<script type=\"application\/ld+json\" class=\"yoast-schema-graph\">{\"@context\":\"https:\/\/schema.org\",\"@graph\":[{\"@type\":\"WebPage\",\"@id\":\"https:\/\/www.eurasiamed.de\/privatpraxis\/psychotherapie\/compassion-focused-therapy\/\",\"url\":\"https:\/\/www.eurasiamed.de\/privatpraxis\/psychotherapie\/compassion-focused-therapy\/\",\"name\":\"Compassion Focused Therapy (CFT) | EURASIAMED Privatpraxis\",\"isPartOf\":{\"@id\":\"https:\/\/www.eurasiamed.de\/#website\"},\"primaryImageOfPage\":{\"@id\":\"https:\/\/www.eurasiamed.de\/privatpraxis\/psychotherapie\/compassion-focused-therapy\/#primaryimage\"},\"image\":{\"@id\":\"https:\/\/www.eurasiamed.de\/privatpraxis\/psychotherapie\/compassion-focused-therapy\/#primaryimage\"},\"thumbnailUrl\":\"https:\/\/www.eurasiamed.de\/wp-content\/uploads\/2024\/12\/LOGO-EURASIAMED-Bildmarke.svg\",\"datePublished\":\"2025-01-20T07:52:58+00:00\",\"dateModified\":\"2025-06-01T11:48:47+00:00\",\"breadcrumb\":{\"@id\":\"https:\/\/www.eurasiamed.de\/privatpraxis\/psychotherapie\/compassion-focused-therapy\/#breadcrumb\"},\"inLanguage\":\"en-GB\",\"potentialAction\":[{\"@type\":\"ReadAction\",\"target\":[\"https:\/\/www.eurasiamed.de\/privatpraxis\/psychotherapie\/compassion-focused-therapy\/\"]}]},{\"@type\":\"ImageObject\",\"inLanguage\":\"en-GB\",\"@id\":\"https:\/\/www.eurasiamed.de\/privatpraxis\/psychotherapie\/compassion-focused-therapy\/#primaryimage\",\"url\":\"https:\/\/www.eurasiamed.de\/wp-content\/uploads\/2024\/12\/LOGO-EURASIAMED-Bildmarke.svg\",\"contentUrl\":\"https:\/\/www.eurasiamed.de\/wp-content\/uploads\/2024\/12\/LOGO-EURASIAMED-Bildmarke.svg\"},{\"@type\":\"BreadcrumbList\",\"@id\":\"https:\/\/www.eurasiamed.de\/privatpraxis\/psychotherapie\/compassion-focused-therapy\/#breadcrumb\",\"itemListElement\":[{\"@type\":\"ListItem\",\"position\":1,\"name\":\"Startseite\",\"item\":\"https:\/\/www.eurasiamed.de\/\"},{\"@type\":\"ListItem\",\"position\":2,\"name\":\"Privatpraxis\",\"item\":\"https:\/\/www.eurasiamed.de\/privatpraxis\/\"},{\"@type\":\"ListItem\",\"position\":3,\"name\":\"Psychotherapie\",\"item\":\"https:\/\/www.eurasiamed.de\/privatpraxis\/psychotherapie\/\"},{\"@type\":\"ListItem\",\"position\":4,\"name\":\"Compassion Focused Therapy\"}]},{\"@type\":\"WebSite\",\"@id\":\"https:\/\/www.eurasiamed.de\/#website\",\"url\":\"https:\/\/www.eurasiamed.de\/\",\"name\":\"EURASIAMED\",\"description\":\"Ralph Steuernagel\",\"publisher\":{\"@id\":\"https:\/\/www.eurasiamed.de\/#organization\"},\"potentialAction\":[{\"@type\":\"SearchAction\",\"target\":{\"@type\":\"EntryPoint\",\"urlTemplate\":\"https:\/\/www.eurasiamed.de\/?s={search_term_string}\"},\"query-input\":{\"@type\":\"PropertyValueSpecification\",\"valueRequired\":true,\"valueName\":\"search_term_string\"}}],\"inLanguage\":\"en-GB\"},{\"@type\":\"Organization\",\"@id\":\"https:\/\/www.eurasiamed.de\/#organization\",\"name\":\"EURASIAMED\",\"url\":\"https:\/\/www.eurasiamed.de\/\",\"logo\":{\"@type\":\"ImageObject\",\"inLanguage\":\"en-GB\",\"@id\":\"https:\/\/www.eurasiamed.de\/#\/schema\/logo\/image\/\",\"url\":\"https:\/\/www.eurasiamed.de\/wp-content\/uploads\/2023\/06\/LOGO-EURASIAMED-Education@4x-scaled.png\",\"contentUrl\":\"https:\/\/www.eurasiamed.de\/wp-content\/uploads\/2023\/06\/LOGO-EURASIAMED-Education@4x-scaled.png\",\"width\":2569,\"height\":519,\"caption\":\"EURASIAMED\"},\"image\":{\"@id\":\"https:\/\/www.eurasiamed.de\/#\/schema\/logo\/image\/\"}}]}<\/script>\n<!-- \/ Yoast SEO plugin. -->","yoast_head_json":{"title":"Compassion Focused Therapy (CFT) | EURASIAMED Private Practice","robots":{"index":"index","follow":"follow","max-snippet":"max-snippet:-1","max-image-preview":"max-image-preview:large","max-video-preview":"max-video-preview:-1"},"canonical":"https:\/\/www.eurasiamed.de\/en\/private-practice\/psychotherapy\/compassion-focussed-therapy\/","og_locale":"en_GB","og_type":"article","og_title":"Compassion Focused Therapy (CFT) | EURASIAMED Privatpraxis","og_description":"Psychotherapie Compassion Focused Therapy (CFT) Herzst\u00fcck buddhistischer Psychologie Mitgef\u00fchl f\u00fcr sich und Andere kultivieren Transdiagnostischer Ansatz Unsere Schwerpunkte: Angstst\u00f6rungen, Depressionen, Essst\u00f6rungen und somatoforme St\u00f6rungen Paul Gilbert Founder of CFT Compassion is a basic kindness,with deep awareness of the sufferingof oneself and of other living things,coupled with the wishand effort to relieve it. Compassion Focused Therapy [&hellip;]","og_url":"https:\/\/www.eurasiamed.de\/en\/private-practice\/psychotherapy\/compassion-focussed-therapy\/","og_site_name":"EURASIAMED","article_modified_time":"2025-06-01T11:48:47+00:00","twitter_card":"summary_large_image","twitter_misc":{"Estimated reading time":"2 minutes"},"schema":{"@context":"https:\/\/schema.org","@graph":[{"@type":"WebPage","@id":"https:\/\/www.eurasiamed.de\/privatpraxis\/psychotherapie\/compassion-focused-therapy\/","url":"https:\/\/www.eurasiamed.de\/privatpraxis\/psychotherapie\/compassion-focused-therapy\/","name":"Compassion Focused Therapy (CFT) | EURASIAMED Private Practice","isPartOf":{"@id":"https:\/\/www.eurasiamed.de\/#website"},"primaryImageOfPage":{"@id":"https:\/\/www.eurasiamed.de\/privatpraxis\/psychotherapie\/compassion-focused-therapy\/#primaryimage"},"image":{"@id":"https:\/\/www.eurasiamed.de\/privatpraxis\/psychotherapie\/compassion-focused-therapy\/#primaryimage"},"thumbnailUrl":"https:\/\/www.eurasiamed.de\/wp-content\/uploads\/2024\/12\/LOGO-EURASIAMED-Bildmarke.svg","datePublished":"2025-01-20T07:52:58+00:00","dateModified":"2025-06-01T11:48:47+00:00","breadcrumb":{"@id":"https:\/\/www.eurasiamed.de\/privatpraxis\/psychotherapie\/compassion-focused-therapy\/#breadcrumb"},"inLanguage":"en-GB","potentialAction":[{"@type":"ReadAction","target":["https:\/\/www.eurasiamed.de\/privatpraxis\/psychotherapie\/compassion-focused-therapy\/"]}]},{"@type":"ImageObject","inLanguage":"en-GB","@id":"https:\/\/www.eurasiamed.de\/privatpraxis\/psychotherapie\/compassion-focused-therapy\/#primaryimage","url":"https:\/\/www.eurasiamed.de\/wp-content\/uploads\/2024\/12\/LOGO-EURASIAMED-Bildmarke.svg","contentUrl":"https:\/\/www.eurasiamed.de\/wp-content\/uploads\/2024\/12\/LOGO-EURASIAMED-Bildmarke.svg"},{"@type":"BreadcrumbList","@id":"https:\/\/www.eurasiamed.de\/privatpraxis\/psychotherapie\/compassion-focused-therapy\/#breadcrumb","itemListElement":[{"@type":"ListItem","position":1,"name":"Startseite","item":"https:\/\/www.eurasiamed.de\/"},{"@type":"ListItem","position":2,"name":"Privatpraxis","item":"https:\/\/www.eurasiamed.de\/privatpraxis\/"},{"@type":"ListItem","position":3,"name":"Psychotherapie","item":"https:\/\/www.eurasiamed.de\/privatpraxis\/psychotherapie\/"},{"@type":"ListItem","position":4,"name":"Compassion Focused Therapy"}]},{"@type":"WebSite","@id":"https:\/\/www.eurasiamed.de\/#website","url":"https:\/\/www.eurasiamed.de\/","name":"EURASIAMED","description":"Ralph Steuernagel","publisher":{"@id":"https:\/\/www.eurasiamed.de\/#organization"},"potentialAction":[{"@type":"SearchAction","target":{"@type":"EntryPoint","urlTemplate":"https:\/\/www.eurasiamed.de\/?s={search_term_string}"},"query-input":{"@type":"PropertyValueSpecification","valueRequired":true,"valueName":"search_term_string"}}],"inLanguage":"en-GB"},{"@type":"Organization","@id":"https:\/\/www.eurasiamed.de\/#organization","name":"EURASIAMED","url":"https:\/\/www.eurasiamed.de\/","logo":{"@type":"ImageObject","inLanguage":"en-GB","@id":"https:\/\/www.eurasiamed.de\/#\/schema\/logo\/image\/","url":"https:\/\/www.eurasiamed.de\/wp-content\/uploads\/2023\/06\/LOGO-EURASIAMED-Education@4x-scaled.png","contentUrl":"https:\/\/www.eurasiamed.de\/wp-content\/uploads\/2023\/06\/LOGO-EURASIAMED-Education@4x-scaled.png","width":2569,"height":519,"caption":"EURASIAMED"},"image":{"@id":"https:\/\/www.eurasiamed.de\/#\/schema\/logo\/image\/"}}]}},"_links":{"self":[{"href":"https:\/\/www.eurasiamed.de\/en\/wp-json\/wp\/v2\/pages\/17410","targetHints":{"allow":["GET"]}}],"collection":[{"href":"https:\/\/www.eurasiamed.de\/en\/wp-json\/wp\/v2\/pages"}],"about":[{"href":"https:\/\/www.eurasiamed.de\/en\/wp-json\/wp\/v2\/types\/page"}],"author":[{"embeddable":true,"href":"https:\/\/www.eurasiamed.de\/en\/wp-json\/wp\/v2\/users\/2"}],"replies":[{"embeddable":true,"href":"https:\/\/www.eurasiamed.de\/en\/wp-json\/wp\/v2\/comments?post=17410"}],"version-history":[{"count":16,"href":"https:\/\/www.eurasiamed.de\/en\/wp-json\/wp\/v2\/pages\/17410\/revisions"}],"predecessor-version":[{"id":22653,"href":"https:\/\/www.eurasiamed.de\/en\/wp-json\/wp\/v2\/pages\/17410\/revisions\/22653"}],"up":[{"embeddable":true,"href":"https:\/\/www.eurasiamed.de\/en\/wp-json\/wp\/v2\/pages\/65"}],"wp:attachment":[{"href":"https:\/\/www.eurasiamed.de\/en\/wp-json\/wp\/v2\/media?parent=17410"}],"curies":[{"name":"wp","href":"https:\/\/api.w.org\/{rel}","templated":true}]}}