{"id":20432,"date":"2025-03-23T12:26:34","date_gmt":"2025-03-23T11:26:34","guid":{"rendered":"https:\/\/www.eurasiamed.de\/?page_id=20432"},"modified":"2026-03-06T18:11:02","modified_gmt":"2026-03-06T17:11:02","slug":"keynotes-workshops","status":"publish","type":"page","link":"https:\/\/www.eurasiamed.de\/en\/institute\/coaching-training\/keynotes-workshops\/","title":{"rendered":"Keynotes &amp; Workshops"},"content":{"rendered":"<div data-elementor-type=\"wp-page\" data-elementor-id=\"20432\" class=\"elementor elementor-20432\" data-elementor-post-type=\"page\">\n\t\t\t\t<div data-particle_enable=\"false\" data-particle-mobile-disabled=\"false\" class=\"elementor-element elementor-element-200ba87 e-con-full header-unterseiten e-flex e-con e-parent\" data-id=\"200ba87\" data-element_type=\"container\" data-settings=\"{&quot;background_background&quot;:&quot;classic&quot;}\">\n\t\t<div data-particle_enable=\"false\" data-particle-mobile-disabled=\"false\" class=\"elementor-element elementor-element-0158096 e-flex e-con-boxed e-con e-child\" data-id=\"0158096\" data-element_type=\"container\">\n\t\t\t\t\t<div class=\"e-con-inner\">\n\t\t\t\t<div class=\"elementor-element elementor-element-afea471 breads elementor-widget elementor-widget-breadcrumbs\" data-id=\"afea471\" data-element_type=\"widget\" data-widget_type=\"breadcrumbs.default\">\n\t\t\t\t<div class=\"elementor-widget-container\">\n\t\t\t\t\t<p id=\"breadcrumbs\"><span><span><a href=\"https:\/\/www.eurasiamed.de\/en\/\">Home page<\/a><\/span><\/span><\/p>\t\t\t\t<\/div>\n\t\t\t\t<\/div>\n\t\t\t\t\t<\/div>\n\t\t\t\t<\/div>\n\t\t<div data-particle_enable=\"false\" data-particle-mobile-disabled=\"false\" class=\"elementor-element elementor-element-1337377 e-flex e-con-boxed e-con e-child\" data-id=\"1337377\" data-element_type=\"container\">\n\t\t\t\t\t<div class=\"e-con-inner\">\n\t\t<div data-particle_enable=\"false\" data-particle-mobile-disabled=\"false\" class=\"elementor-element elementor-element-2021933 e-con-full header-unterseiten-texte e-flex e-con e-child\" data-id=\"2021933\" data-element_type=\"container\">\n\t\t\t\t<div class=\"elementor-element elementor-element-774a6c8 elementor-widget elementor-widget-text-editor\" data-id=\"774a6c8\" data-element_type=\"widget\" data-widget_type=\"text-editor.default\">\n\t\t\t\t<div class=\"elementor-widget-container\">\n\t\t\t\t\t\t\t\t\t<p>Book Ralph Steuernagel as a speaker &amp; trainer<\/p>\t\t\t\t\t\t\t\t<\/div>\n\t\t\t\t<\/div>\n\t\t\t\t<div class=\"elementor-element elementor-element-8236b3a new-title elementor-widget__width-initial elementor-widget elementor-widget-heading\" data-id=\"8236b3a\" data-element_type=\"widget\" data-widget_type=\"heading.default\">\n\t\t\t\t<div class=\"elementor-widget-container\">\n\t\t\t\t\t<h1 class=\"elementor-heading-title elementor-size-default\">Keynotes &amp; Workshops<\/h1>\t\t\t\t<\/div>\n\t\t\t\t<\/div>\n\t\t\t\t<div class=\"elementor-element elementor-element-f755aa0 elementor-widget__width-initial neue-liste elementor-widget elementor-widget-text-editor\" data-id=\"f755aa0\" data-element_type=\"widget\" data-widget_type=\"text-editor.default\">\n\t\t\t\t<div class=\"elementor-widget-container\">\n\t\t\t\t\t\t\t\t\t<ul><li>Inspiring keynote speeches at events<\/li><li>Keynote speeches with inspiring food for thought<\/li><li>Online keynotes with professional livestream<\/li><li>Holistic Health Workshops for companies<\/li><li>Guest lectures &amp; presentations for educational institutions<\/li><\/ul>\t\t\t\t\t\t\t\t<\/div>\n\t\t\t\t<\/div>\n\t\t\t\t<div class=\"elementor-element elementor-element-56f64f2 elementor-widget elementor-widget-button\" data-id=\"56f64f2\" data-element_type=\"widget\" data-widget_type=\"button.default\">\n\t\t\t\t<div class=\"elementor-widget-container\">\n\t\t\t\t\t\t\t\t\t<div class=\"elementor-button-wrapper\">\n\t\t\t\t\t<a class=\"elementor-button elementor-button-link elementor-size-sm\" href=\"https:\/\/meetings-eu1.hubspot.com\/ralph-steuernagel\" target=\"_blank\">\n\t\t\t\t\t\t<span class=\"elementor-button-content-wrapper\">\n\t\t\t\t\t\t\t\t\t<span class=\"elementor-button-text\">Personal orientation meeting<\/span>\n\t\t\t\t\t<\/span>\n\t\t\t\t\t<\/a>\n\t\t\t\t<\/div>\n\t\t\t\t\t\t\t\t<\/div>\n\t\t\t\t<\/div>\n\t\t\t\t<\/div>\n\t\t<div data-particle_enable=\"false\" data-particle-mobile-disabled=\"false\" class=\"elementor-element elementor-element-145336c e-con-full header-unterseiten-bildcontainer e-flex e-con e-child\" data-id=\"145336c\" data-element_type=\"container\" data-settings=\"{&quot;background_background&quot;:&quot;classic&quot;}\">\n\t\t\t\t<\/div>\n\t\t\t\t\t<\/div>\n\t\t\t\t<\/div>\n\t\t\t\t<\/div>\n\t\t\t\t<\/div>","protected":false},"excerpt":{"rendered":"<p>Ralph Steuernagel als Speaker &amp; Trainer buchen Keynotes &amp; Workshops Begeisternde Impulsvortr\u00e4ge auf Veranstaltungen Keynote Speeches mit inspirierenden Denkanst\u00f6\u00dfen Online Keynotes mit professionellem Livestream Holistic Health Workshops f\u00fcr Unternehmen Gastdozenturen &amp; Vortr\u00e4ge f\u00fcr Bildungseinrichtungen Pers\u00f6nliches Orientierungsgespr\u00e4ch<\/p>","protected":false},"author":2,"featured_media":0,"parent":12515,"menu_order":0,"comment_status":"closed","ping_status":"closed","template":"","meta":{"footnotes":""},"class_list":["post-20432","page","type-page","status-publish","hentry"],"yoast_head":"<!-- This site is optimized with the Yoast SEO plugin v26.7 - https:\/\/yoast.com\/wordpress\/plugins\/seo\/ -->\n<title>Keynotes &amp; Workshops mit Ralph Steuernagel | EURASIAMED<\/title>\n<meta name=\"robots\" content=\"index, follow, max-snippet:-1, max-image-preview:large, max-video-preview:-1\" \/>\n<link rel=\"canonical\" href=\"https:\/\/www.eurasiamed.de\/en\/institute\/coaching-training\/keynotes-workshops\/\" \/>\n<meta property=\"og:locale\" content=\"en_GB\" \/>\n<meta property=\"og:type\" content=\"article\" \/>\n<meta property=\"og:title\" content=\"Keynotes &amp; Workshops mit Ralph Steuernagel | EURASIAMED\" \/>\n<meta property=\"og:description\" content=\"Ralph Steuernagel als Speaker &amp; Trainer buchen Keynotes &amp; Workshops Begeisternde Impulsvortr\u00e4ge auf Veranstaltungen Keynote Speeches mit inspirierenden Denkanst\u00f6\u00dfen Online Keynotes mit professionellem Livestream Holistic Health Workshops f\u00fcr Unternehmen Gastdozenturen &amp; Vortr\u00e4ge f\u00fcr Bildungseinrichtungen Pers\u00f6nliches Orientierungsgespr\u00e4ch\" \/>\n<meta property=\"og:url\" content=\"https:\/\/www.eurasiamed.de\/en\/institute\/coaching-training\/keynotes-workshops\/\" \/>\n<meta property=\"og:site_name\" content=\"EURASIAMED\" \/>\n<meta property=\"article:modified_time\" content=\"2026-03-06T17:11:02+00:00\" \/>\n<meta name=\"twitter:card\" content=\"summary_large_image\" \/>\n<meta name=\"twitter:label1\" content=\"Estimated reading time\" \/>\n\t<meta name=\"twitter:data1\" content=\"1 minute\" \/>\n<script type=\"application\/ld+json\" class=\"yoast-schema-graph\">{\"@context\":\"https:\/\/schema.org\",\"@graph\":[{\"@type\":\"WebPage\",\"@id\":\"https:\/\/www.eurasiamed.de\/institut\/coaching-training\/keynotes-workshops\/\",\"url\":\"https:\/\/www.eurasiamed.de\/institut\/coaching-training\/keynotes-workshops\/\",\"name\":\"Keynotes & Workshops mit Ralph Steuernagel | EURASIAMED\",\"isPartOf\":{\"@id\":\"https:\/\/www.eurasiamed.de\/#website\"},\"datePublished\":\"2025-03-23T11:26:34+00:00\",\"dateModified\":\"2026-03-06T17:11:02+00:00\",\"breadcrumb\":{\"@id\":\"https:\/\/www.eurasiamed.de\/institut\/coaching-training\/keynotes-workshops\/#breadcrumb\"},\"inLanguage\":\"en-GB\",\"potentialAction\":[{\"@type\":\"ReadAction\",\"target\":[\"https:\/\/www.eurasiamed.de\/institut\/coaching-training\/keynotes-workshops\/\"]}]},{\"@type\":\"BreadcrumbList\",\"@id\":\"https:\/\/www.eurasiamed.de\/institut\/coaching-training\/keynotes-workshops\/#breadcrumb\",\"itemListElement\":[{\"@type\":\"ListItem\",\"position\":1,\"name\":\"Startseite\",\"item\":\"https:\/\/www.eurasiamed.de\/\"},{\"@type\":\"ListItem\",\"position\":2,\"name\":\"Institut\",\"item\":\"https:\/\/www.eurasiamed.de\/institut\/\"},{\"@type\":\"ListItem\",\"position\":3,\"name\":\"Coaching &#038; Training\",\"item\":\"https:\/\/www.eurasiamed.de\/institut\/coaching-training\/\"},{\"@type\":\"ListItem\",\"position\":4,\"name\":\"Keynotes &#038; Workshops\"}]},{\"@type\":\"WebSite\",\"@id\":\"https:\/\/www.eurasiamed.de\/#website\",\"url\":\"https:\/\/www.eurasiamed.de\/\",\"name\":\"EURASIAMED\",\"description\":\"Ralph Steuernagel\",\"publisher\":{\"@id\":\"https:\/\/www.eurasiamed.de\/#organization\"},\"potentialAction\":[{\"@type\":\"SearchAction\",\"target\":{\"@type\":\"EntryPoint\",\"urlTemplate\":\"https:\/\/www.eurasiamed.de\/?s={search_term_string}\"},\"query-input\":{\"@type\":\"PropertyValueSpecification\",\"valueRequired\":true,\"valueName\":\"search_term_string\"}}],\"inLanguage\":\"en-GB\"},{\"@type\":\"Organization\",\"@id\":\"https:\/\/www.eurasiamed.de\/#organization\",\"name\":\"EURASIAMED\",\"url\":\"https:\/\/www.eurasiamed.de\/\",\"logo\":{\"@type\":\"ImageObject\",\"inLanguage\":\"en-GB\",\"@id\":\"https:\/\/www.eurasiamed.de\/#\/schema\/logo\/image\/\",\"url\":\"https:\/\/www.eurasiamed.de\/wp-content\/uploads\/2023\/06\/LOGO-EURASIAMED-Education@4x-scaled.png\",\"contentUrl\":\"https:\/\/www.eurasiamed.de\/wp-content\/uploads\/2023\/06\/LOGO-EURASIAMED-Education@4x-scaled.png\",\"width\":2569,\"height\":519,\"caption\":\"EURASIAMED\"},\"image\":{\"@id\":\"https:\/\/www.eurasiamed.de\/#\/schema\/logo\/image\/\"}}]}<\/script>\n<!-- \/ Yoast SEO plugin. -->","yoast_head_json":{"title":"Keynotes &amp; workshops with Ralph Steuernagel | EURASIAMED","robots":{"index":"index","follow":"follow","max-snippet":"max-snippet:-1","max-image-preview":"max-image-preview:large","max-video-preview":"max-video-preview:-1"},"canonical":"https:\/\/www.eurasiamed.de\/en\/institute\/coaching-training\/keynotes-workshops\/","og_locale":"en_GB","og_type":"article","og_title":"Keynotes & Workshops mit Ralph Steuernagel | EURASIAMED","og_description":"Ralph Steuernagel als Speaker &amp; Trainer buchen Keynotes &amp; Workshops Begeisternde Impulsvortr\u00e4ge auf Veranstaltungen Keynote Speeches mit inspirierenden Denkanst\u00f6\u00dfen Online Keynotes mit professionellem Livestream Holistic Health Workshops f\u00fcr Unternehmen Gastdozenturen &amp; Vortr\u00e4ge f\u00fcr Bildungseinrichtungen Pers\u00f6nliches Orientierungsgespr\u00e4ch","og_url":"https:\/\/www.eurasiamed.de\/en\/institute\/coaching-training\/keynotes-workshops\/","og_site_name":"EURASIAMED","article_modified_time":"2026-03-06T17:11:02+00:00","twitter_card":"summary_large_image","twitter_misc":{"Estimated reading time":"1 minute"},"schema":{"@context":"https:\/\/schema.org","@graph":[{"@type":"WebPage","@id":"https:\/\/www.eurasiamed.de\/institut\/coaching-training\/keynotes-workshops\/","url":"https:\/\/www.eurasiamed.de\/institut\/coaching-training\/keynotes-workshops\/","name":"Keynotes &amp; workshops with Ralph Steuernagel | EURASIAMED","isPartOf":{"@id":"https:\/\/www.eurasiamed.de\/#website"},"datePublished":"2025-03-23T11:26:34+00:00","dateModified":"2026-03-06T17:11:02+00:00","breadcrumb":{"@id":"https:\/\/www.eurasiamed.de\/institut\/coaching-training\/keynotes-workshops\/#breadcrumb"},"inLanguage":"en-GB","potentialAction":[{"@type":"ReadAction","target":["https:\/\/www.eurasiamed.de\/institut\/coaching-training\/keynotes-workshops\/"]}]},{"@type":"BreadcrumbList","@id":"https:\/\/www.eurasiamed.de\/institut\/coaching-training\/keynotes-workshops\/#breadcrumb","itemListElement":[{"@type":"ListItem","position":1,"name":"Startseite","item":"https:\/\/www.eurasiamed.de\/"},{"@type":"ListItem","position":2,"name":"Institut","item":"https:\/\/www.eurasiamed.de\/institut\/"},{"@type":"ListItem","position":3,"name":"Coaching &#038; Training","item":"https:\/\/www.eurasiamed.de\/institut\/coaching-training\/"},{"@type":"ListItem","position":4,"name":"Keynotes &#038; Workshops"}]},{"@type":"WebSite","@id":"https:\/\/www.eurasiamed.de\/#website","url":"https:\/\/www.eurasiamed.de\/","name":"EURASIAMED","description":"Ralph Steuernagel","publisher":{"@id":"https:\/\/www.eurasiamed.de\/#organization"},"potentialAction":[{"@type":"SearchAction","target":{"@type":"EntryPoint","urlTemplate":"https:\/\/www.eurasiamed.de\/?s={search_term_string}"},"query-input":{"@type":"PropertyValueSpecification","valueRequired":true,"valueName":"search_term_string"}}],"inLanguage":"en-GB"},{"@type":"Organization","@id":"https:\/\/www.eurasiamed.de\/#organization","name":"EURASIAMED","url":"https:\/\/www.eurasiamed.de\/","logo":{"@type":"ImageObject","inLanguage":"en-GB","@id":"https:\/\/www.eurasiamed.de\/#\/schema\/logo\/image\/","url":"https:\/\/www.eurasiamed.de\/wp-content\/uploads\/2023\/06\/LOGO-EURASIAMED-Education@4x-scaled.png","contentUrl":"https:\/\/www.eurasiamed.de\/wp-content\/uploads\/2023\/06\/LOGO-EURASIAMED-Education@4x-scaled.png","width":2569,"height":519,"caption":"EURASIAMED"},"image":{"@id":"https:\/\/www.eurasiamed.de\/#\/schema\/logo\/image\/"}}]}},"_links":{"self":[{"href":"https:\/\/www.eurasiamed.de\/en\/wp-json\/wp\/v2\/pages\/20432","targetHints":{"allow":["GET"]}}],"collection":[{"href":"https:\/\/www.eurasiamed.de\/en\/wp-json\/wp\/v2\/pages"}],"about":[{"href":"https:\/\/www.eurasiamed.de\/en\/wp-json\/wp\/v2\/types\/page"}],"author":[{"embeddable":true,"href":"https:\/\/www.eurasiamed.de\/en\/wp-json\/wp\/v2\/users\/2"}],"replies":[{"embeddable":true,"href":"https:\/\/www.eurasiamed.de\/en\/wp-json\/wp\/v2\/comments?post=20432"}],"version-history":[{"count":9,"href":"https:\/\/www.eurasiamed.de\/en\/wp-json\/wp\/v2\/pages\/20432\/revisions"}],"predecessor-version":[{"id":25687,"href":"https:\/\/www.eurasiamed.de\/en\/wp-json\/wp\/v2\/pages\/20432\/revisions\/25687"}],"up":[{"embeddable":true,"href":"https:\/\/www.eurasiamed.de\/en\/wp-json\/wp\/v2\/pages\/12515"}],"wp:attachment":[{"href":"https:\/\/www.eurasiamed.de\/en\/wp-json\/wp\/v2\/media?parent=20432"}],"curies":[{"name":"wp","href":"https:\/\/api.w.org\/{rel}","templated":true}]}}