{"id":25784,"date":"2026-03-08T19:10:09","date_gmt":"2026-03-08T18:10:09","guid":{"rendered":"https:\/\/www.eurasiamed.de\/?page_id=25784"},"modified":"2026-03-08T21:35:12","modified_gmt":"2026-03-08T20:35:12","slug":"skin-rejuvenation-programme","status":"publish","type":"page","link":"https:\/\/www.eurasiamed.de\/en\/institute\/holistic-longevity\/skin-rejuvenation-programme\/","title":{"rendered":"Skin Rejuvenation Programme"},"content":{"rendered":"<div data-elementor-type=\"wp-page\" data-elementor-id=\"25784\" class=\"elementor elementor-25784\" data-elementor-post-type=\"page\">\n\t\t\t\t<div data-particle_enable=\"false\" data-particle-mobile-disabled=\"false\" class=\"elementor-element elementor-element-76eb722 e-con-full header-unterseiten e-flex e-con e-parent\" data-id=\"76eb722\" data-element_type=\"container\" data-settings=\"{&quot;background_background&quot;:&quot;classic&quot;}\">\n\t\t<div data-particle_enable=\"false\" data-particle-mobile-disabled=\"false\" class=\"elementor-element elementor-element-827502d e-flex e-con-boxed e-con e-child\" data-id=\"827502d\" data-element_type=\"container\">\n\t\t\t\t\t<div class=\"e-con-inner\">\n\t\t\t\t<div class=\"elementor-element elementor-element-d1792e4 breads elementor-widget elementor-widget-breadcrumbs\" data-id=\"d1792e4\" data-element_type=\"widget\" data-widget_type=\"breadcrumbs.default\">\n\t\t\t\t<div class=\"elementor-widget-container\">\n\t\t\t\t\t<p id=\"breadcrumbs\"><span><span><a href=\"https:\/\/www.eurasiamed.de\/en\/\">Home page<\/a><\/span><\/span><\/p>\t\t\t\t<\/div>\n\t\t\t\t<\/div>\n\t\t\t\t\t<\/div>\n\t\t\t\t<\/div>\n\t\t<div data-particle_enable=\"false\" data-particle-mobile-disabled=\"false\" class=\"elementor-element elementor-element-286920f e-flex e-con-boxed e-con e-child\" data-id=\"286920f\" data-element_type=\"container\">\n\t\t\t\t\t<div class=\"e-con-inner\">\n\t\t<div data-particle_enable=\"false\" data-particle-mobile-disabled=\"false\" class=\"elementor-element elementor-element-8bf4d8e e-con-full header-unterseiten-texte e-flex e-con e-child\" data-id=\"8bf4d8e\" data-element_type=\"container\">\n\t\t\t\t<div class=\"elementor-element elementor-element-b6d8022 elementor-widget elementor-widget-text-editor\" data-id=\"b6d8022\" data-element_type=\"widget\" data-widget_type=\"text-editor.default\">\n\t\t\t\t<div class=\"elementor-widget-container\">\n\t\t\t\t\t\t\t\t\t<p>Healthy Longevity<\/p>\t\t\t\t\t\t\t\t<\/div>\n\t\t\t\t<\/div>\n\t\t\t\t<div class=\"elementor-element elementor-element-30af981 new-title elementor-widget__width-initial elementor-widget elementor-widget-heading\" data-id=\"30af981\" data-element_type=\"widget\" data-widget_type=\"heading.default\">\n\t\t\t\t<div class=\"elementor-widget-container\">\n\t\t\t\t\t<h1 class=\"elementor-heading-title elementor-size-default\">Skin Rejuvenation Programme<\/h1>\t\t\t\t<\/div>\n\t\t\t\t<\/div>\n\t\t\t\t<div class=\"elementor-element elementor-element-90ab1c2 elementor-widget__width-initial neue-liste elementor-widget elementor-widget-text-editor\" data-id=\"90ab1c2\" data-element_type=\"widget\" data-widget_type=\"text-editor.default\">\n\t\t\t\t<div class=\"elementor-widget-container\">\n\t\t\t\t\t\t\t\t\t<ul><li>Holistic Skin Assessment \u2192 <a href=\"https:\/\/arsviva.online\/skin-coaching\/\" target=\"_blank\" rel=\"noopener\">learn more<\/a><\/li><li>Medical Skincare \u2192 learn more<\/li><li>Medical microneedling \u2192 learn more<\/li><li>Medical peeling \u2192 learn more<\/li><\/ul>\t\t\t\t\t\t\t\t<\/div>\n\t\t\t\t<\/div>\n\t\t\t\t<\/div>\n\t\t<div data-particle_enable=\"false\" data-particle-mobile-disabled=\"false\" class=\"elementor-element elementor-element-d76eeae e-con-full header-unterseiten-bildcontainer e-flex e-con e-child\" data-id=\"d76eeae\" data-element_type=\"container\" data-settings=\"{&quot;background_background&quot;:&quot;classic&quot;}\">\n\t\t\t\t<\/div>\n\t\t\t\t\t<\/div>\n\t\t\t\t<\/div>\n\t\t\t\t<\/div>\n\t\t<div data-particle_enable=\"false\" data-particle-mobile-disabled=\"false\" class=\"elementor-element elementor-element-778ab6d zig-zag-container e-flex e-con-boxed e-con e-parent\" data-id=\"778ab6d\" data-element_type=\"container\">\n\t\t\t\t\t<div class=\"e-con-inner\">\n\t\t<div data-particle_enable=\"false\" data-particle-mobile-disabled=\"false\" class=\"elementor-element elementor-element-4eba4f5 e-con-full e-flex e-con e-child\" data-id=\"4eba4f5\" data-element_type=\"container\">\n\t\t<div data-particle_enable=\"false\" data-particle-mobile-disabled=\"false\" class=\"elementor-element elementor-element-8a1f0d7 e-con-full bild-links-container e-flex e-con e-child\" data-id=\"8a1f0d7\" data-element_type=\"container\" data-settings=\"{&quot;background_background&quot;:&quot;classic&quot;}\">\n\t\t\t\t<\/div>\n\t\t<div data-particle_enable=\"false\" data-particle-mobile-disabled=\"false\" class=\"elementor-element elementor-element-a36cdee e-con-full text-rechts-container e-flex e-con e-child\" data-id=\"a36cdee\" data-element_type=\"container\">\n\t\t\t\t<div class=\"elementor-element elementor-element-57fccb2 elementor-widget elementor-widget-text-editor\" data-id=\"57fccb2\" data-element_type=\"widget\" data-widget_type=\"text-editor.default\">\n\t\t\t\t<div class=\"elementor-widget-container\">\n\t\t\t\t\t\t\t\t\t<p>Beauty meets dermatology<\/p>\t\t\t\t\t\t\t\t<\/div>\n\t\t\t\t<\/div>\n\t\t\t\t<div class=\"elementor-element elementor-element-65ac8b2 new-title elementor-widget elementor-widget-heading\" data-id=\"65ac8b2\" data-element_type=\"widget\" data-widget_type=\"heading.default\">\n\t\t\t\t<div class=\"elementor-widget-container\">\n\t\t\t\t\t<h2 class=\"elementor-heading-title elementor-size-default\">Medical Skincare<\/h2>\t\t\t\t<\/div>\n\t\t\t\t<\/div>\n\t\t\t\t<div class=\"elementor-element elementor-element-4876f97 elementor-widget elementor-widget-text-editor\" data-id=\"4876f97\" data-element_type=\"widget\" data-widget_type=\"text-editor.default\">\n\t\t\t\t<div class=\"elementor-widget-container\">\n\t\t\t\t\t\t\t\t\t<ul><li>Visibly prevent skin ageing<\/li><li>Supporting light-damaged skin<\/li><li>Stabilise dry and sensitive skin<\/li><li>Soothe inflamed skin<\/li><\/ul>\t\t\t\t\t\t\t\t<\/div>\n\t\t\t\t<\/div>\n\t\t\t\t<div class=\"elementor-element elementor-element-52882ff elementor-widget elementor-widget-button\" data-id=\"52882ff\" data-element_type=\"widget\" data-widget_type=\"button.default\">\n\t\t\t\t<div class=\"elementor-widget-container\">\n\t\t\t\t\t\t\t\t\t<div class=\"elementor-button-wrapper\">\n\t\t\t\t\t<a class=\"elementor-button elementor-button-link elementor-size-sm\" href=\"https:\/\/arsviva.online\/produkt-kategorie\/beauty\/\" target=\"_blank\">\n\t\t\t\t\t\t<span class=\"elementor-button-content-wrapper\">\n\t\t\t\t\t\t\t\t\t<span class=\"elementor-button-text\">Holistic Skincare Products \u2192<\/span>\n\t\t\t\t\t<\/span>\n\t\t\t\t\t<\/a>\n\t\t\t\t<\/div>\n\t\t\t\t\t\t\t\t<\/div>\n\t\t\t\t<\/div>\n\t\t\t\t<\/div>\n\t\t\t\t<\/div>\n\t\t<div data-particle_enable=\"false\" data-particle-mobile-disabled=\"false\" class=\"elementor-element elementor-element-b0bf1fd e-con-full e-flex e-con e-child\" data-id=\"b0bf1fd\" data-element_type=\"container\">\n\t\t<div data-particle_enable=\"false\" data-particle-mobile-disabled=\"false\" class=\"elementor-element elementor-element-24911a3 e-con-full text-links-container e-flex e-con e-child\" data-id=\"24911a3\" data-element_type=\"container\">\n\t\t\t\t<div class=\"elementor-element elementor-element-8e8cd70 elementor-widget elementor-widget-text-editor\" data-id=\"8e8cd70\" data-element_type=\"widget\" data-widget_type=\"text-editor.default\">\n\t\t\t\t<div class=\"elementor-widget-container\">\n\t\t\t\t\t\t\t\t\t<p>Collagen induction therapy<\/p>\t\t\t\t\t\t\t\t<\/div>\n\t\t\t\t<\/div>\n\t\t\t\t<div class=\"elementor-element elementor-element-19cc4bd new-title elementor-widget elementor-widget-heading\" data-id=\"19cc4bd\" data-element_type=\"widget\" data-widget_type=\"heading.default\">\n\t\t\t\t<div class=\"elementor-widget-container\">\n\t\t\t\t\t<h2 class=\"elementor-heading-title elementor-size-default\">Medical microneedling<\/h2>\t\t\t\t<\/div>\n\t\t\t\t<\/div>\n\t\t\t\t<div class=\"elementor-element elementor-element-1008c4d elementor-widget elementor-widget-text-editor\" data-id=\"1008c4d\" data-element_type=\"widget\" data-widget_type=\"text-editor.default\">\n\t\t\t\t<div class=\"elementor-widget-container\">\n\t\t\t\t\t\t\t\t\t<ul><li>Reduction of wrinkles and pigmentation spots<\/li><li>Stimulation of collagen, elastin &amp; hyaluronic acid<\/li><li>Improve skin texture<\/li><li>Effective scar treatment (e.g. after acne)<\/li><\/ul>\t\t\t\t\t\t\t\t<\/div>\n\t\t\t\t<\/div>\n\t\t\t\t<div class=\"elementor-element elementor-element-46c4cba elementor-widget elementor-widget-button\" data-id=\"46c4cba\" data-element_type=\"widget\" data-widget_type=\"button.default\">\n\t\t\t\t<div class=\"elementor-widget-container\">\n\t\t\t\t\t\t\t\t\t<div class=\"elementor-button-wrapper\">\n\t\t\t\t\t<a class=\"elementor-button elementor-size-sm\" role=\"button\">\n\t\t\t\t\t\t<span class=\"elementor-button-content-wrapper\">\n\t\t\t\t\t\t\t\t\t<span class=\"elementor-button-text\">Learn more \u2192<\/span>\n\t\t\t\t\t<\/span>\n\t\t\t\t\t<\/a>\n\t\t\t\t<\/div>\n\t\t\t\t\t\t\t\t<\/div>\n\t\t\t\t<\/div>\n\t\t\t\t<\/div>\n\t\t<div data-particle_enable=\"false\" data-particle-mobile-disabled=\"false\" class=\"elementor-element elementor-element-e903794 e-con-full bild-rechts-container e-flex e-con e-child\" data-id=\"e903794\" data-element_type=\"container\" data-settings=\"{&quot;background_background&quot;:&quot;classic&quot;}\">\n\t\t\t\t<\/div>\n\t\t\t\t<\/div>\n\t\t<div data-particle_enable=\"false\" data-particle-mobile-disabled=\"false\" class=\"elementor-element elementor-element-5f4e8d4 e-con-full e-flex e-con e-child\" data-id=\"5f4e8d4\" data-element_type=\"container\">\n\t\t<div data-particle_enable=\"false\" data-particle-mobile-disabled=\"false\" class=\"elementor-element elementor-element-189dbf1 e-con-full bild-rechts-container e-flex e-con e-child\" data-id=\"189dbf1\" data-element_type=\"container\" data-settings=\"{&quot;background_background&quot;:&quot;classic&quot;}\">\n\t\t\t\t<\/div>\n\t\t<div data-particle_enable=\"false\" data-particle-mobile-disabled=\"false\" class=\"elementor-element elementor-element-633a0d9 e-con-full text-links-container e-flex e-con e-child\" data-id=\"633a0d9\" data-element_type=\"container\">\n\t\t\t\t<div class=\"elementor-element elementor-element-2a6e16b elementor-widget elementor-widget-text-editor\" data-id=\"2a6e16b\" data-element_type=\"widget\" data-widget_type=\"text-editor.default\">\n\t\t\t\t<div class=\"elementor-widget-container\">\n\t\t\t\t\t\t\t\t\t<p>Dermal stimulation<\/p>\t\t\t\t\t\t\t\t<\/div>\n\t\t\t\t<\/div>\n\t\t\t\t<div class=\"elementor-element elementor-element-f7bd684 new-title elementor-widget elementor-widget-heading\" data-id=\"f7bd684\" data-element_type=\"widget\" data-widget_type=\"heading.default\">\n\t\t\t\t<div class=\"elementor-widget-container\">\n\t\t\t\t\t<h2 class=\"elementor-heading-title elementor-size-default\">Medical peeling<\/h2>\t\t\t\t<\/div>\n\t\t\t\t<\/div>\n\t\t\t\t<div class=\"elementor-element elementor-element-5f660e2 elementor-widget elementor-widget-text-editor\" data-id=\"5f660e2\" data-element_type=\"widget\" data-widget_type=\"text-editor.default\">\n\t\t\t\t<div class=\"elementor-widget-container\">\n\t\t\t\t\t\t\t\t\t<ul><li>Minimise signs of skin ageing<\/li><li>Reduce hyperpigmentation<\/li><li>Improve skin texture<\/li><li>Regulate skin moisture<\/li><\/ul>\t\t\t\t\t\t\t\t<\/div>\n\t\t\t\t<\/div>\n\t\t\t\t<div class=\"elementor-element elementor-element-90a5742 elementor-widget elementor-widget-button\" data-id=\"90a5742\" data-element_type=\"widget\" data-widget_type=\"button.default\">\n\t\t\t\t<div class=\"elementor-widget-container\">\n\t\t\t\t\t\t\t\t\t<div class=\"elementor-button-wrapper\">\n\t\t\t\t\t<a class=\"elementor-button elementor-size-sm\" role=\"button\">\n\t\t\t\t\t\t<span class=\"elementor-button-content-wrapper\">\n\t\t\t\t\t\t\t\t\t<span class=\"elementor-button-text\">Learn more \u2192<\/span>\n\t\t\t\t\t<\/span>\n\t\t\t\t\t<\/a>\n\t\t\t\t<\/div>\n\t\t\t\t\t\t\t\t<\/div>\n\t\t\t\t<\/div>\n\t\t\t\t<\/div>\n\t\t\t\t<\/div>\n\t\t\t\t\t<\/div>\n\t\t\t\t<\/div>\n\t\t\t\t<\/div>","protected":false},"excerpt":{"rendered":"<p>Healthy Longevity Skin Rejuvenation Program Holistic Skin Assessment \u2192 learn more Medical Skincare \u2192 learn more Medical Microneedling \u2192 learn more Medical Peeling \u2192 learn more Beauty meets Dermatology Medical Skincare Visibly prevent skin ageing Support light-damaged skin Stabilise dry and sensitive skin Soothe inflamed skin Holistic Skincare Products \u2192 Collagen induction therapy Medical Microneedling Reduce wrinkles [...]<\/p>","protected":false},"author":2,"featured_media":0,"parent":24468,"menu_order":0,"comment_status":"closed","ping_status":"closed","template":"","meta":{"footnotes":""},"class_list":["post-25784","page","type-page","status-publish","hentry"],"yoast_head":"<!-- This site is optimized with the Yoast SEO plugin v26.7 - https:\/\/yoast.com\/wordpress\/plugins\/seo\/ -->\n<title>Skin Rejuvenation Program | Healthy Longevity bei EURASIAMED<\/title>\n<meta name=\"robots\" content=\"index, follow, max-snippet:-1, max-image-preview:large, max-video-preview:-1\" \/>\n<link rel=\"canonical\" href=\"https:\/\/www.eurasiamed.de\/en\/institute\/holistic-longevity\/skin-rejuvenation-programme\/\" \/>\n<meta property=\"og:locale\" content=\"en_GB\" \/>\n<meta property=\"og:type\" content=\"article\" \/>\n<meta property=\"og:title\" content=\"Skin Rejuvenation Program | Healthy Longevity bei EURASIAMED\" \/>\n<meta property=\"og:description\" content=\"Healthy Longevity Skin Rejuvenation Program Holistic Skin Assessment \u2192 mehr erfahren Medical Skincare \u2192 mehr erfahren Medical Microneedling \u2192 mehr erfahren Medical Peeling \u2192 mehr erfahren Beauty meets Dermatology Medical Skincare Hautalterung sichtbar vorbeugen Lichtgesch\u00e4digte Haut unterst\u00fctzen Trockene und sensible Haut stabilisieren Entz\u00fcndliche Haut beruhigen Holistic Skincare Products \u2192 Kollageninduktionstherapie Medical Microneedling Reduktion von Falten [&hellip;]\" \/>\n<meta property=\"og:url\" content=\"https:\/\/www.eurasiamed.de\/en\/institute\/holistic-longevity\/skin-rejuvenation-programme\/\" \/>\n<meta property=\"og:site_name\" content=\"EURASIAMED\" \/>\n<meta property=\"article:modified_time\" content=\"2026-03-08T20:35:12+00:00\" \/>\n<meta name=\"twitter:card\" content=\"summary_large_image\" \/>\n<meta name=\"twitter:label1\" content=\"Estimated reading time\" \/>\n\t<meta name=\"twitter:data1\" content=\"1 minute\" \/>\n<script type=\"application\/ld+json\" class=\"yoast-schema-graph\">{\"@context\":\"https:\/\/schema.org\",\"@graph\":[{\"@type\":\"WebPage\",\"@id\":\"https:\/\/www.eurasiamed.de\/institut\/holistic-longevity\/skin-rejuvenation-program\/\",\"url\":\"https:\/\/www.eurasiamed.de\/institut\/holistic-longevity\/skin-rejuvenation-program\/\",\"name\":\"Skin Rejuvenation Program | Healthy Longevity bei EURASIAMED\",\"isPartOf\":{\"@id\":\"https:\/\/www.eurasiamed.de\/#website\"},\"datePublished\":\"2026-03-08T18:10:09+00:00\",\"dateModified\":\"2026-03-08T20:35:12+00:00\",\"breadcrumb\":{\"@id\":\"https:\/\/www.eurasiamed.de\/institut\/holistic-longevity\/skin-rejuvenation-program\/#breadcrumb\"},\"inLanguage\":\"en-GB\",\"potentialAction\":[{\"@type\":\"ReadAction\",\"target\":[\"https:\/\/www.eurasiamed.de\/institut\/holistic-longevity\/skin-rejuvenation-program\/\"]}]},{\"@type\":\"BreadcrumbList\",\"@id\":\"https:\/\/www.eurasiamed.de\/institut\/holistic-longevity\/skin-rejuvenation-program\/#breadcrumb\",\"itemListElement\":[{\"@type\":\"ListItem\",\"position\":1,\"name\":\"Startseite\",\"item\":\"https:\/\/www.eurasiamed.de\/\"},{\"@type\":\"ListItem\",\"position\":2,\"name\":\"Institut\",\"item\":\"https:\/\/www.eurasiamed.de\/institut\/\"},{\"@type\":\"ListItem\",\"position\":3,\"name\":\"Holistic Longevity\",\"item\":\"https:\/\/www.eurasiamed.de\/institut\/holistic-longevity\/\"},{\"@type\":\"ListItem\",\"position\":4,\"name\":\"Skin Rejuvenation Program\"}]},{\"@type\":\"WebSite\",\"@id\":\"https:\/\/www.eurasiamed.de\/#website\",\"url\":\"https:\/\/www.eurasiamed.de\/\",\"name\":\"EURASIAMED\",\"description\":\"Ralph Steuernagel\",\"publisher\":{\"@id\":\"https:\/\/www.eurasiamed.de\/#organization\"},\"potentialAction\":[{\"@type\":\"SearchAction\",\"target\":{\"@type\":\"EntryPoint\",\"urlTemplate\":\"https:\/\/www.eurasiamed.de\/?s={search_term_string}\"},\"query-input\":{\"@type\":\"PropertyValueSpecification\",\"valueRequired\":true,\"valueName\":\"search_term_string\"}}],\"inLanguage\":\"en-GB\"},{\"@type\":\"Organization\",\"@id\":\"https:\/\/www.eurasiamed.de\/#organization\",\"name\":\"EURASIAMED\",\"url\":\"https:\/\/www.eurasiamed.de\/\",\"logo\":{\"@type\":\"ImageObject\",\"inLanguage\":\"en-GB\",\"@id\":\"https:\/\/www.eurasiamed.de\/#\/schema\/logo\/image\/\",\"url\":\"https:\/\/www.eurasiamed.de\/wp-content\/uploads\/2023\/06\/LOGO-EURASIAMED-Education@4x-scaled.png\",\"contentUrl\":\"https:\/\/www.eurasiamed.de\/wp-content\/uploads\/2023\/06\/LOGO-EURASIAMED-Education@4x-scaled.png\",\"width\":2569,\"height\":519,\"caption\":\"EURASIAMED\"},\"image\":{\"@id\":\"https:\/\/www.eurasiamed.de\/#\/schema\/logo\/image\/\"}}]}<\/script>\n<!-- \/ Yoast SEO plugin. -->","yoast_head_json":{"title":"Skin Rejuvenation Programme | Healthy Longevity at EURASIAMED","robots":{"index":"index","follow":"follow","max-snippet":"max-snippet:-1","max-image-preview":"max-image-preview:large","max-video-preview":"max-video-preview:-1"},"canonical":"https:\/\/www.eurasiamed.de\/en\/institute\/holistic-longevity\/skin-rejuvenation-programme\/","og_locale":"en_GB","og_type":"article","og_title":"Skin Rejuvenation Program | Healthy Longevity bei EURASIAMED","og_description":"Healthy Longevity Skin Rejuvenation Program Holistic Skin Assessment \u2192 mehr erfahren Medical Skincare \u2192 mehr erfahren Medical Microneedling \u2192 mehr erfahren Medical Peeling \u2192 mehr erfahren Beauty meets Dermatology Medical Skincare Hautalterung sichtbar vorbeugen Lichtgesch\u00e4digte Haut unterst\u00fctzen Trockene und sensible Haut stabilisieren Entz\u00fcndliche Haut beruhigen Holistic Skincare Products \u2192 Kollageninduktionstherapie Medical Microneedling Reduktion von Falten [&hellip;]","og_url":"https:\/\/www.eurasiamed.de\/en\/institute\/holistic-longevity\/skin-rejuvenation-programme\/","og_site_name":"EURASIAMED","article_modified_time":"2026-03-08T20:35:12+00:00","twitter_card":"summary_large_image","twitter_misc":{"Estimated reading time":"1 minute"},"schema":{"@context":"https:\/\/schema.org","@graph":[{"@type":"WebPage","@id":"https:\/\/www.eurasiamed.de\/institut\/holistic-longevity\/skin-rejuvenation-program\/","url":"https:\/\/www.eurasiamed.de\/institut\/holistic-longevity\/skin-rejuvenation-program\/","name":"Skin Rejuvenation Programme | Healthy Longevity at EURASIAMED","isPartOf":{"@id":"https:\/\/www.eurasiamed.de\/#website"},"datePublished":"2026-03-08T18:10:09+00:00","dateModified":"2026-03-08T20:35:12+00:00","breadcrumb":{"@id":"https:\/\/www.eurasiamed.de\/institut\/holistic-longevity\/skin-rejuvenation-program\/#breadcrumb"},"inLanguage":"en-GB","potentialAction":[{"@type":"ReadAction","target":["https:\/\/www.eurasiamed.de\/institut\/holistic-longevity\/skin-rejuvenation-program\/"]}]},{"@type":"BreadcrumbList","@id":"https:\/\/www.eurasiamed.de\/institut\/holistic-longevity\/skin-rejuvenation-program\/#breadcrumb","itemListElement":[{"@type":"ListItem","position":1,"name":"Startseite","item":"https:\/\/www.eurasiamed.de\/"},{"@type":"ListItem","position":2,"name":"Institut","item":"https:\/\/www.eurasiamed.de\/institut\/"},{"@type":"ListItem","position":3,"name":"Holistic Longevity","item":"https:\/\/www.eurasiamed.de\/institut\/holistic-longevity\/"},{"@type":"ListItem","position":4,"name":"Skin Rejuvenation Program"}]},{"@type":"WebSite","@id":"https:\/\/www.eurasiamed.de\/#website","url":"https:\/\/www.eurasiamed.de\/","name":"EURASIAMED","description":"Ralph Steuernagel","publisher":{"@id":"https:\/\/www.eurasiamed.de\/#organization"},"potentialAction":[{"@type":"SearchAction","target":{"@type":"EntryPoint","urlTemplate":"https:\/\/www.eurasiamed.de\/?s={search_term_string}"},"query-input":{"@type":"PropertyValueSpecification","valueRequired":true,"valueName":"search_term_string"}}],"inLanguage":"en-GB"},{"@type":"Organization","@id":"https:\/\/www.eurasiamed.de\/#organization","name":"EURASIAMED","url":"https:\/\/www.eurasiamed.de\/","logo":{"@type":"ImageObject","inLanguage":"en-GB","@id":"https:\/\/www.eurasiamed.de\/#\/schema\/logo\/image\/","url":"https:\/\/www.eurasiamed.de\/wp-content\/uploads\/2023\/06\/LOGO-EURASIAMED-Education@4x-scaled.png","contentUrl":"https:\/\/www.eurasiamed.de\/wp-content\/uploads\/2023\/06\/LOGO-EURASIAMED-Education@4x-scaled.png","width":2569,"height":519,"caption":"EURASIAMED"},"image":{"@id":"https:\/\/www.eurasiamed.de\/#\/schema\/logo\/image\/"}}]}},"_links":{"self":[{"href":"https:\/\/www.eurasiamed.de\/en\/wp-json\/wp\/v2\/pages\/25784","targetHints":{"allow":["GET"]}}],"collection":[{"href":"https:\/\/www.eurasiamed.de\/en\/wp-json\/wp\/v2\/pages"}],"about":[{"href":"https:\/\/www.eurasiamed.de\/en\/wp-json\/wp\/v2\/types\/page"}],"author":[{"embeddable":true,"href":"https:\/\/www.eurasiamed.de\/en\/wp-json\/wp\/v2\/users\/2"}],"replies":[{"embeddable":true,"href":"https:\/\/www.eurasiamed.de\/en\/wp-json\/wp\/v2\/comments?post=25784"}],"version-history":[{"count":16,"href":"https:\/\/www.eurasiamed.de\/en\/wp-json\/wp\/v2\/pages\/25784\/revisions"}],"predecessor-version":[{"id":25810,"href":"https:\/\/www.eurasiamed.de\/en\/wp-json\/wp\/v2\/pages\/25784\/revisions\/25810"}],"up":[{"embeddable":true,"href":"https:\/\/www.eurasiamed.de\/en\/wp-json\/wp\/v2\/pages\/24468"}],"wp:attachment":[{"href":"https:\/\/www.eurasiamed.de\/en\/wp-json\/wp\/v2\/media?parent=25784"}],"curies":[{"name":"wp","href":"https:\/\/api.w.org\/{rel}","templated":true}]}}