{"id":57,"date":"2022-08-01T19:05:52","date_gmt":"2022-08-01T17:05:52","guid":{"rendered":"https:\/\/eurasiamed.de\/privatpraxis\/?page_id=57"},"modified":"2026-03-06T10:09:23","modified_gmt":"2026-03-06T09:09:23","slug":"focal-points","status":"publish","type":"page","link":"https:\/\/www.eurasiamed.de\/en\/private-practice\/focal-points\/","title":{"rendered":"Focal points"},"content":{"rendered":"<div data-elementor-type=\"wp-page\" data-elementor-id=\"57\" class=\"elementor elementor-57\" data-elementor-post-type=\"page\">\n\t\t\t\t<div data-particle_enable=\"false\" data-particle-mobile-disabled=\"false\" class=\"elementor-element elementor-element-6df5764 e-con-full header-unterseiten e-flex e-con e-parent\" data-id=\"6df5764\" data-element_type=\"container\" data-settings=\"{&quot;background_background&quot;:&quot;classic&quot;}\">\n\t\t<div data-particle_enable=\"false\" data-particle-mobile-disabled=\"false\" class=\"elementor-element elementor-element-24972a5 e-flex e-con-boxed e-con e-child\" data-id=\"24972a5\" data-element_type=\"container\">\n\t\t\t\t\t<div class=\"e-con-inner\">\n\t\t\t\t<div class=\"elementor-element elementor-element-27a0ccd breads elementor-widget elementor-widget-breadcrumbs\" data-id=\"27a0ccd\" data-element_type=\"widget\" data-widget_type=\"breadcrumbs.default\">\n\t\t\t\t<div class=\"elementor-widget-container\">\n\t\t\t\t\t<p id=\"breadcrumbs\"><span><span><a href=\"https:\/\/www.eurasiamed.de\/en\/\">Home page<\/a><\/span><\/span><\/p>\t\t\t\t<\/div>\n\t\t\t\t<\/div>\n\t\t\t\t\t<\/div>\n\t\t\t\t<\/div>\n\t\t<div data-particle_enable=\"false\" data-particle-mobile-disabled=\"false\" class=\"elementor-element elementor-element-fca777f e-flex e-con-boxed e-con e-child\" data-id=\"fca777f\" data-element_type=\"container\">\n\t\t\t\t\t<div class=\"e-con-inner\">\n\t\t<div data-particle_enable=\"false\" data-particle-mobile-disabled=\"false\" class=\"elementor-element elementor-element-6d9b7b6 e-con-full header-unterseiten-texte e-flex e-con e-child\" data-id=\"6d9b7b6\" data-element_type=\"container\">\n\t\t\t\t<div class=\"elementor-element elementor-element-487e93b elementor-widget elementor-widget-text-editor\" data-id=\"487e93b\" data-element_type=\"widget\" data-widget_type=\"text-editor.default\">\n\t\t\t\t<div class=\"elementor-widget-container\">\n\t\t\t\t\t\t\t\t\t<p>Integrative medicine<\/p>\t\t\t\t\t\t\t\t<\/div>\n\t\t\t\t<\/div>\n\t\t\t\t<div class=\"elementor-element elementor-element-c1e81dc new-title elementor-widget__width-initial elementor-widget elementor-widget-heading\" data-id=\"c1e81dc\" data-element_type=\"widget\" data-widget_type=\"heading.default\">\n\t\t\t\t<div class=\"elementor-widget-container\">\n\t\t\t\t\t<h1 class=\"elementor-heading-title elementor-size-default\">Our focal points<\/h1>\t\t\t\t<\/div>\n\t\t\t\t<\/div>\n\t\t\t\t<div class=\"elementor-element elementor-element-c3e4036 elementor-widget elementor-widget-text-editor\" data-id=\"c3e4036\" data-element_type=\"widget\" data-widget_type=\"text-editor.default\">\n\t\t\t\t<div class=\"elementor-widget-container\">\n\t\t\t\t\t\t\t\t\t<p>Five medical specialities in our practice - for people with hormonal disorders, metabolic problems and chronic complaints.<\/p>\t\t\t\t\t\t\t\t<\/div>\n\t\t\t\t<\/div>\n\t\t\t\t<div class=\"elementor-element elementor-element-0cbd590 elementor-widget__width-initial neue-liste elementor-widget elementor-widget-text-editor\" data-id=\"0cbd590\" data-element_type=\"widget\" data-widget_type=\"text-editor.default\">\n\t\t\t\t<div class=\"elementor-widget-container\">\n\t\t\t\t\t\t\t\t\t<ul><li>Thyroid diseases \u2192 <a href=\"https:\/\/www.eurasiamed.de\/en\/private-practice\/focal-points\/thyroid-diseases\/\">learn more<\/a><\/li><li>Hormonal disorders \u2192 <a href=\"https:\/\/www.eurasiamed.de\/en\/private-practice\/focal-points\/hormonal-disorders\/\">learn more<\/a><\/li><li>Weight &amp; Metabolism \u2192 <a href=\"https:\/\/www.eurasiamed.de\/en\/private-practice\/focal-points\/weight-metabolism\/\">learn more<\/a><\/li><li>Chronic diseases \u2192 <a href=\"https:\/\/www.eurasiamed.de\/en\/private-practice\/focal-points\/chronic-diseases\/\">learn more<\/a><\/li><li>Skin diseases \u2192 <a href=\"https:\/\/www.eurasiamed.de\/en\/private-practice\/focal-points\/skin-diseases\/\">learn more<\/a><\/li><\/ul>\t\t\t\t\t\t\t\t<\/div>\n\t\t\t\t<\/div>\n\t\t\t\t<\/div>\n\t\t<div data-particle_enable=\"false\" data-particle-mobile-disabled=\"false\" class=\"elementor-element elementor-element-2811a7c e-con-full header-unterseiten-bildcontainer e-flex e-con e-child\" data-id=\"2811a7c\" data-element_type=\"container\" data-settings=\"{&quot;background_background&quot;:&quot;classic&quot;}\">\n\t\t\t\t<\/div>\n\t\t\t\t\t<\/div>\n\t\t\t\t<\/div>\n\t\t\t\t<\/div>\n\t\t\t\t<\/div>","protected":false},"excerpt":{"rendered":"<p>Integrative Medizin Unsere Schwerpunkte F\u00fcnf medizinische Schwerpunkte unserer Praxis \u2013 f\u00fcr Menschen mit hormonellen St\u00f6rungen, Stoffwechselproblemen und chronischen Beschwerden. Schilddr\u00fcsenerkrankungen \u2192 mehr erfahren Hormonelle St\u00f6rungen \u2192 mehr erfahren Gewicht &amp; Stoffwechsel\u00a0\u2192 mehr erfahren Chronische Erkrankungen \u2192 mehr erfahren Hauterkrankungen \u2192 mehr erfahren<\/p>","protected":false},"author":1,"featured_media":0,"parent":54,"menu_order":0,"comment_status":"closed","ping_status":"closed","template":"","meta":{"footnotes":""},"class_list":["post-57","page","type-page","status-publish","hentry"],"yoast_head":"<!-- This site is optimized with the Yoast SEO plugin v26.7 - https:\/\/yoast.com\/wordpress\/plugins\/seo\/ -->\n<title>Therapieschwerpunkte | EURASIAMED Privatpraxis Ralph Steuernagel<\/title>\n<meta name=\"robots\" content=\"index, follow, max-snippet:-1, max-image-preview:large, max-video-preview:-1\" \/>\n<link rel=\"canonical\" href=\"https:\/\/www.eurasiamed.de\/en\/private-practice\/focal-points\/\" \/>\n<meta property=\"og:locale\" content=\"en_GB\" \/>\n<meta property=\"og:type\" content=\"article\" \/>\n<meta property=\"og:title\" content=\"Therapieschwerpunkte | EURASIAMED Privatpraxis Ralph Steuernagel\" \/>\n<meta property=\"og:description\" content=\"Integrative Medizin Unsere Schwerpunkte F\u00fcnf medizinische Schwerpunkte unserer Praxis \u2013 f\u00fcr Menschen mit hormonellen St\u00f6rungen, Stoffwechselproblemen und chronischen Beschwerden. Schilddr\u00fcsenerkrankungen \u2192 mehr erfahren Hormonelle St\u00f6rungen \u2192 mehr erfahren Gewicht &amp; Stoffwechsel\u00a0\u2192 mehr erfahren Chronische Erkrankungen \u2192 mehr erfahren Hauterkrankungen \u2192 mehr erfahren\" \/>\n<meta property=\"og:url\" content=\"https:\/\/www.eurasiamed.de\/en\/private-practice\/focal-points\/\" \/>\n<meta property=\"og:site_name\" content=\"EURASIAMED\" \/>\n<meta property=\"article:modified_time\" content=\"2026-03-06T09:09:23+00:00\" \/>\n<meta name=\"twitter:card\" content=\"summary_large_image\" \/>\n<meta name=\"twitter:label1\" content=\"Estimated reading time\" \/>\n\t<meta name=\"twitter:data1\" content=\"1 minute\" \/>\n<script type=\"application\/ld+json\" class=\"yoast-schema-graph\">{\"@context\":\"https:\/\/schema.org\",\"@graph\":[{\"@type\":\"WebPage\",\"@id\":\"https:\/\/www.eurasiamed.de\/privatpraxis\/schwerpunkte\/\",\"url\":\"https:\/\/www.eurasiamed.de\/privatpraxis\/schwerpunkte\/\",\"name\":\"Therapieschwerpunkte | EURASIAMED Privatpraxis Ralph Steuernagel\",\"isPartOf\":{\"@id\":\"https:\/\/www.eurasiamed.de\/#website\"},\"datePublished\":\"2022-08-01T17:05:52+00:00\",\"dateModified\":\"2026-03-06T09:09:23+00:00\",\"breadcrumb\":{\"@id\":\"https:\/\/www.eurasiamed.de\/privatpraxis\/schwerpunkte\/#breadcrumb\"},\"inLanguage\":\"en-GB\",\"potentialAction\":[{\"@type\":\"ReadAction\",\"target\":[\"https:\/\/www.eurasiamed.de\/privatpraxis\/schwerpunkte\/\"]}]},{\"@type\":\"BreadcrumbList\",\"@id\":\"https:\/\/www.eurasiamed.de\/privatpraxis\/schwerpunkte\/#breadcrumb\",\"itemListElement\":[{\"@type\":\"ListItem\",\"position\":1,\"name\":\"Startseite\",\"item\":\"https:\/\/www.eurasiamed.de\/\"},{\"@type\":\"ListItem\",\"position\":2,\"name\":\"Privatpraxis\",\"item\":\"https:\/\/www.eurasiamed.de\/privatpraxis\/\"},{\"@type\":\"ListItem\",\"position\":3,\"name\":\"Schwerpunkte\"}]},{\"@type\":\"WebSite\",\"@id\":\"https:\/\/www.eurasiamed.de\/#website\",\"url\":\"https:\/\/www.eurasiamed.de\/\",\"name\":\"EURASIAMED\",\"description\":\"Ralph Steuernagel\",\"publisher\":{\"@id\":\"https:\/\/www.eurasiamed.de\/#organization\"},\"potentialAction\":[{\"@type\":\"SearchAction\",\"target\":{\"@type\":\"EntryPoint\",\"urlTemplate\":\"https:\/\/www.eurasiamed.de\/?s={search_term_string}\"},\"query-input\":{\"@type\":\"PropertyValueSpecification\",\"valueRequired\":true,\"valueName\":\"search_term_string\"}}],\"inLanguage\":\"en-GB\"},{\"@type\":\"Organization\",\"@id\":\"https:\/\/www.eurasiamed.de\/#organization\",\"name\":\"EURASIAMED\",\"url\":\"https:\/\/www.eurasiamed.de\/\",\"logo\":{\"@type\":\"ImageObject\",\"inLanguage\":\"en-GB\",\"@id\":\"https:\/\/www.eurasiamed.de\/#\/schema\/logo\/image\/\",\"url\":\"https:\/\/www.eurasiamed.de\/wp-content\/uploads\/2023\/06\/LOGO-EURASIAMED-Education@4x-scaled.png\",\"contentUrl\":\"https:\/\/www.eurasiamed.de\/wp-content\/uploads\/2023\/06\/LOGO-EURASIAMED-Education@4x-scaled.png\",\"width\":2569,\"height\":519,\"caption\":\"EURASIAMED\"},\"image\":{\"@id\":\"https:\/\/www.eurasiamed.de\/#\/schema\/logo\/image\/\"}}]}<\/script>\n<!-- \/ Yoast SEO plugin. -->","yoast_head_json":{"title":"Therapy specialisations | EURASIAMED private practice Ralph Steuernagel","robots":{"index":"index","follow":"follow","max-snippet":"max-snippet:-1","max-image-preview":"max-image-preview:large","max-video-preview":"max-video-preview:-1"},"canonical":"https:\/\/www.eurasiamed.de\/en\/private-practice\/focal-points\/","og_locale":"en_GB","og_type":"article","og_title":"Therapieschwerpunkte | EURASIAMED Privatpraxis Ralph Steuernagel","og_description":"Integrative Medizin Unsere Schwerpunkte F\u00fcnf medizinische Schwerpunkte unserer Praxis \u2013 f\u00fcr Menschen mit hormonellen St\u00f6rungen, Stoffwechselproblemen und chronischen Beschwerden. Schilddr\u00fcsenerkrankungen \u2192 mehr erfahren Hormonelle St\u00f6rungen \u2192 mehr erfahren Gewicht &amp; Stoffwechsel\u00a0\u2192 mehr erfahren Chronische Erkrankungen \u2192 mehr erfahren Hauterkrankungen \u2192 mehr erfahren","og_url":"https:\/\/www.eurasiamed.de\/en\/private-practice\/focal-points\/","og_site_name":"EURASIAMED","article_modified_time":"2026-03-06T09:09:23+00:00","twitter_card":"summary_large_image","twitter_misc":{"Estimated reading time":"1 minute"},"schema":{"@context":"https:\/\/schema.org","@graph":[{"@type":"WebPage","@id":"https:\/\/www.eurasiamed.de\/privatpraxis\/schwerpunkte\/","url":"https:\/\/www.eurasiamed.de\/privatpraxis\/schwerpunkte\/","name":"Therapy specialisations | EURASIAMED private practice Ralph Steuernagel","isPartOf":{"@id":"https:\/\/www.eurasiamed.de\/#website"},"datePublished":"2022-08-01T17:05:52+00:00","dateModified":"2026-03-06T09:09:23+00:00","breadcrumb":{"@id":"https:\/\/www.eurasiamed.de\/privatpraxis\/schwerpunkte\/#breadcrumb"},"inLanguage":"en-GB","potentialAction":[{"@type":"ReadAction","target":["https:\/\/www.eurasiamed.de\/privatpraxis\/schwerpunkte\/"]}]},{"@type":"BreadcrumbList","@id":"https:\/\/www.eurasiamed.de\/privatpraxis\/schwerpunkte\/#breadcrumb","itemListElement":[{"@type":"ListItem","position":1,"name":"Startseite","item":"https:\/\/www.eurasiamed.de\/"},{"@type":"ListItem","position":2,"name":"Privatpraxis","item":"https:\/\/www.eurasiamed.de\/privatpraxis\/"},{"@type":"ListItem","position":3,"name":"Schwerpunkte"}]},{"@type":"WebSite","@id":"https:\/\/www.eurasiamed.de\/#website","url":"https:\/\/www.eurasiamed.de\/","name":"EURASIAMED","description":"Ralph Steuernagel","publisher":{"@id":"https:\/\/www.eurasiamed.de\/#organization"},"potentialAction":[{"@type":"SearchAction","target":{"@type":"EntryPoint","urlTemplate":"https:\/\/www.eurasiamed.de\/?s={search_term_string}"},"query-input":{"@type":"PropertyValueSpecification","valueRequired":true,"valueName":"search_term_string"}}],"inLanguage":"en-GB"},{"@type":"Organization","@id":"https:\/\/www.eurasiamed.de\/#organization","name":"EURASIAMED","url":"https:\/\/www.eurasiamed.de\/","logo":{"@type":"ImageObject","inLanguage":"en-GB","@id":"https:\/\/www.eurasiamed.de\/#\/schema\/logo\/image\/","url":"https:\/\/www.eurasiamed.de\/wp-content\/uploads\/2023\/06\/LOGO-EURASIAMED-Education@4x-scaled.png","contentUrl":"https:\/\/www.eurasiamed.de\/wp-content\/uploads\/2023\/06\/LOGO-EURASIAMED-Education@4x-scaled.png","width":2569,"height":519,"caption":"EURASIAMED"},"image":{"@id":"https:\/\/www.eurasiamed.de\/#\/schema\/logo\/image\/"}}]}},"_links":{"self":[{"href":"https:\/\/www.eurasiamed.de\/en\/wp-json\/wp\/v2\/pages\/57","targetHints":{"allow":["GET"]}}],"collection":[{"href":"https:\/\/www.eurasiamed.de\/en\/wp-json\/wp\/v2\/pages"}],"about":[{"href":"https:\/\/www.eurasiamed.de\/en\/wp-json\/wp\/v2\/types\/page"}],"author":[{"embeddable":true,"href":"https:\/\/www.eurasiamed.de\/en\/wp-json\/wp\/v2\/users\/1"}],"replies":[{"embeddable":true,"href":"https:\/\/www.eurasiamed.de\/en\/wp-json\/wp\/v2\/comments?post=57"}],"version-history":[{"count":36,"href":"https:\/\/www.eurasiamed.de\/en\/wp-json\/wp\/v2\/pages\/57\/revisions"}],"predecessor-version":[{"id":25654,"href":"https:\/\/www.eurasiamed.de\/en\/wp-json\/wp\/v2\/pages\/57\/revisions\/25654"}],"up":[{"embeddable":true,"href":"https:\/\/www.eurasiamed.de\/en\/wp-json\/wp\/v2\/pages\/54"}],"wp:attachment":[{"href":"https:\/\/www.eurasiamed.de\/en\/wp-json\/wp\/v2\/media?parent=57"}],"curies":[{"name":"wp","href":"https:\/\/api.w.org\/{rel}","templated":true}]}}