{"id":21711,"date":"2025-04-24T10:48:06","date_gmt":"2025-04-24T08:48:06","guid":{"rendered":"https:\/\/www.eurasiamed.de\/?post_type=product&#038;p=21711"},"modified":"2025-04-24T10:49:11","modified_gmt":"2025-04-24T08:49:11","slug":"kutipraveshika-rasayana","status":"publish","type":"product","link":"https:\/\/www.eurasiamed.de\/en\/courses\/kutipraveshika-rasayana\/","title":{"rendered":"Kutipraveshika Rasayana"},"content":{"rendered":"<div data-elementor-type=\"product-post\" data-elementor-id=\"21711\" class=\"elementor elementor-21711\" data-elementor-post-type=\"product\">\n\t\t\t\t<div data-particle_enable=\"false\" data-particle-mobile-disabled=\"false\" class=\"elementor-element elementor-element-7dd414bb Onlinekurs-Cont e-flex e-con-boxed e-con e-parent\" data-id=\"7dd414bb\" data-element_type=\"container\" data-settings=\"{&quot;background_background&quot;:&quot;classic&quot;}\">\n\t\t\t\t\t<div class=\"e-con-inner\">\n\t\t<div data-particle_enable=\"false\" data-particle-mobile-disabled=\"false\" class=\"elementor-element elementor-element-388b8baf e-con-full e-flex e-con e-child\" data-id=\"388b8baf\" data-element_type=\"container\" data-settings=\"{&quot;background_background&quot;:&quot;classic&quot;}\">\n\t\t<div data-particle_enable=\"false\" data-particle-mobile-disabled=\"false\" class=\"elementor-element elementor-element-2a23dc9a e-con-full e-flex e-con e-child\" data-id=\"2a23dc9a\" data-element_type=\"container\">\n\t\t\t\t<div class=\"elementor-element elementor-element-1e177eac elementor-absolute e-transform lasche elementor-widget elementor-widget-text-editor\" data-id=\"1e177eac\" data-element_type=\"widget\" data-settings=\"{&quot;_position&quot;:&quot;absolute&quot;,&quot;_transform_rotateZ_effect&quot;:{&quot;unit&quot;:&quot;px&quot;,&quot;size&quot;:&quot;&quot;,&quot;sizes&quot;:[]},&quot;_transform_rotateZ_effect_laptop&quot;:{&quot;unit&quot;:&quot;deg&quot;,&quot;size&quot;:&quot;&quot;,&quot;sizes&quot;:[]},&quot;_transform_rotateZ_effect_tablet&quot;:{&quot;unit&quot;:&quot;deg&quot;,&quot;size&quot;:&quot;&quot;,&quot;sizes&quot;:[]},&quot;_transform_rotateZ_effect_mobile&quot;:{&quot;unit&quot;:&quot;deg&quot;,&quot;size&quot;:&quot;&quot;,&quot;sizes&quot;:[]}}\" data-widget_type=\"text-editor.default\">\n\t\t\t\t<div class=\"elementor-widget-container\">\n\t\t\t\t\t\t\t\t\tOnline course\t\t\t\t\t\t\t\t<\/div>\n\t\t\t\t<\/div>\n\t\t\t\t<div class=\"elementor-element elementor-element-7880160 elementor-widget elementor-widget-image\" data-id=\"7880160\" data-element_type=\"widget\" data-widget_type=\"image.default\">\n\t\t\t\t<div class=\"elementor-widget-container\">\n\t\t\t\t\t\t\t\t\t\t\t\t\t\t\t<img fetchpriority=\"high\" decoding=\"async\" width=\"800\" height=\"800\" src=\"https:\/\/www.eurasiamed.de\/wp-content\/uploads\/2024\/12\/LOGO-EURASIAMED-Bildmarke.svg\" class=\"attachment-large size-large wp-image-13390\" alt=\"\" srcset=\"https:\/\/www.eurasiamed.de\/wp-content\/uploads\/2024\/12\/LOGO-EURASIAMED-Bildmarke.svg 150w, https:\/\/www.eurasiamed.de\/wp-content\/uploads\/2024\/12\/LOGO-EURASIAMED-Bildmarke.svg 300w, https:\/\/www.eurasiamed.de\/wp-content\/uploads\/2024\/12\/LOGO-EURASIAMED-Bildmarke.svg 1024w, https:\/\/www.eurasiamed.de\/wp-content\/uploads\/2024\/12\/LOGO-EURASIAMED-Bildmarke.svg 1536w, https:\/\/www.eurasiamed.de\/wp-content\/uploads\/2024\/12\/LOGO-EURASIAMED-Bildmarke.svg 2048w, https:\/\/www.eurasiamed.de\/wp-content\/uploads\/2024\/12\/LOGO-EURASIAMED-Bildmarke.svg 100w\" sizes=\"(max-width: 800px) 100vw, 800px\" \/>\t\t\t\t\t\t\t\t\t\t\t\t\t\t\t<\/div>\n\t\t\t\t<\/div>\n\t\t\t\t<div class=\"elementor-element elementor-element-78d91322 elementor-widget elementor-widget-text-editor\" data-id=\"78d91322\" data-element_type=\"widget\" data-widget_type=\"text-editor.default\">\n\t\t\t\t<div class=\"elementor-widget-container\">\n\t\t\t\t\t\t\t\t\t<a href=\"https:\/\/www.eurasiamed.de\/en\/course-category\/ayurveda-medicine\/\" rel=\"tag\">Ayurveda medicine<\/a>\t\t\t\t\t\t\t\t<\/div>\n\t\t\t\t<\/div>\n\t\t\t\t<div class=\"elementor-element elementor-element-2cf1adf9 new-title elementor-widget__width-initial elementor-widget elementor-widget-heading\" data-id=\"2cf1adf9\" data-element_type=\"widget\" data-widget_type=\"heading.default\">\n\t\t\t\t<div class=\"elementor-widget-container\">\n\t\t\t\t\t<h1 class=\"elementor-heading-title elementor-size-default\">Kutipraveshika Rasayana<\/h1>\t\t\t\t<\/div>\n\t\t\t\t<\/div>\n\t\t\t\t<div class=\"elementor-element elementor-element-5045dd4c new-title elementor-widget__width-initial elementor-widget elementor-widget-heading\" data-id=\"5045dd4c\" data-element_type=\"widget\" data-widget_type=\"heading.default\">\n\t\t\t\t<div class=\"elementor-widget-container\">\n\t\t\t\t\t<h2 class=\"elementor-heading-title elementor-size-default\">Further training for healthcare professionals, healthcare professions and career changers<\/h2>\t\t\t\t<\/div>\n\t\t\t\t<\/div>\n\t\t\t\t<div class=\"elementor-element elementor-element-1100761d elementor-widget elementor-widget-woocommerce-product-price\" data-id=\"1100761d\" data-element_type=\"widget\" data-widget_type=\"woocommerce-product-price.default\">\n\t\t\t\t<div class=\"elementor-widget-container\">\n\t\t\t\t\t<p class=\"price\"><span class=\"woocommerce-Price-amount amount\"><bdi>177,00&nbsp;<span class=\"woocommerce-Price-currencySymbol\">\u20ac<\/span><\/bdi><\/span> <small class=\"woocommerce-price-suffix\">plus VAT.<\/small><\/p>\n\t\t\t\t<\/div>\n\t\t\t\t<\/div>\n\t\t<div data-particle_enable=\"false\" data-particle-mobile-disabled=\"false\" class=\"elementor-element elementor-element-209eed72 e-con-full e-flex e-con e-child\" data-id=\"209eed72\" data-element_type=\"container\">\n\t\t\t\t<div class=\"elementor-element elementor-element-418b4bbf elementor-align-center new-button elementor-widget elementor-widget-button\" data-id=\"418b4bbf\" data-element_type=\"widget\" data-widget_type=\"button.default\">\n\t\t\t\t<div class=\"elementor-widget-container\">\n\t\t\t\t\t\t\t\t\t<div class=\"elementor-button-wrapper\">\n\t\t\t\t\t<a class=\"elementor-button elementor-button-link elementor-size-sm\" href=\"#seminarinhalte\">\n\t\t\t\t\t\t<span class=\"elementor-button-content-wrapper\">\n\t\t\t\t\t\t\t\t\t<span class=\"elementor-button-text\">Learn more now<\/span>\n\t\t\t\t\t<\/span>\n\t\t\t\t\t<\/a>\n\t\t\t\t<\/div>\n\t\t\t\t\t\t\t\t<\/div>\n\t\t\t\t<\/div>\n\t\t\t\t<div class=\"elementor-element elementor-element-306652fe elementor-align-center new-button elementor-widget elementor-widget-button\" data-id=\"306652fe\" data-element_type=\"widget\" data-widget_type=\"button.default\">\n\t\t\t\t<div class=\"elementor-widget-container\">\n\t\t\t\t\t\t\t\t\t<div class=\"elementor-button-wrapper\">\n\t\t\t\t\t<a class=\"elementor-button elementor-button-link elementor-size-sm\" href=\"https:\/\/www.eurasiamed.de\/en?add-to-cart=21711&#038;quantity=1&#038;e-redirect=https:\/\/www.eurasiamed.de\/en\/shopping-basket\/\">\n\t\t\t\t\t\t<span class=\"elementor-button-content-wrapper\">\n\t\t\t\t\t\t\t\t\t<span class=\"elementor-button-text\">Book an online course<\/span>\n\t\t\t\t\t<\/span>\n\t\t\t\t\t<\/a>\n\t\t\t\t<\/div>\n\t\t\t\t\t\t\t\t<\/div>\n\t\t\t\t<\/div>\n\t\t\t\t<\/div>\n\t\t\t\t<\/div>\n\t\t\t\t<\/div>\n\t\t\t\t\t<\/div>\n\t\t\t\t<\/div>\n\t\t<div data-particle_enable=\"false\" data-particle-mobile-disabled=\"false\" class=\"elementor-element elementor-element-195ff8c9 zitat-cont e-flex e-con-boxed e-con e-parent\" data-id=\"195ff8c9\" data-element_type=\"container\">\n\t\t\t\t\t<div class=\"e-con-inner\">\n\t\t<div data-particle_enable=\"false\" data-particle-mobile-disabled=\"false\" class=\"elementor-element elementor-element-5a3d5394 e-con-full quote e-flex e-con e-child\" data-id=\"5a3d5394\" data-element_type=\"container\">\n\t\t\t\t<div class=\"elementor-element elementor-element-7fe6a98c elementor-widget__width-initial elementor-widget elementor-widget-text-editor\" data-id=\"7fe6a98c\" data-element_type=\"widget\" data-widget_type=\"text-editor.default\">\n\t\t\t\t<div class=\"elementor-widget-container\">\n\t\t\t\t\t\t\t\t\t<p><span style=\"letter-spacing: 8px;\">Caraka<\/span><br \/>Samhita<\/p>\t\t\t\t\t\t\t\t<\/div>\n\t\t\t\t<\/div>\n\t\t\t\t<div class=\"elementor-element elementor-element-4b016b69 elementor-widget elementor-widget-text-editor\" data-id=\"4b016b69\" data-element_type=\"widget\" data-widget_type=\"text-editor.default\">\n\t\t\t\t<div class=\"elementor-widget-container\">\n\t\t\t\t\t\t\t\t\t<p>Just as the heat follows the fire<br \/>and the liquid being the water,<br \/>This is how Ayurveda is<br \/>deeply familiar at heart.<\/p>\t\t\t\t\t\t\t\t<\/div>\n\t\t\t\t<\/div>\n\t\t\t\t<\/div>\n\t\t\t\t\t<\/div>\n\t\t\t\t<\/div>\n\t\t\t\t<\/div>","protected":false},"excerpt":{"rendered":"<p><strong>Online course for self-study in 4 lessons<\/strong><\/p>\n<p>Videos from live teachings | approx. 400 minutes<\/p>\n<p>80 pages Scriptum<\/p>\n<p>Exercises for self-awareness<\/p>\n<p>3 months access to the Learning Management System<\/p>","protected":false},"featured_media":13157,"template":"","meta":[],"product_brand":[],"product_cat":[66],"product_tag":[142],"class_list":{"0":"post-21711","1":"product","2":"type-product","3":"status-publish","4":"has-post-thumbnail","6":"product_cat-ayurvedamedizin","7":"product_tag-onlinekurs","9":"first","10":"instock","11":"sold-individually","12":"taxable","13":"shipping-taxable","14":"purchasable","15":"product-type-simple"},"yoast_head":"<!-- This site is optimized with the Yoast SEO plugin v26.7 - https:\/\/yoast.com\/wordpress\/plugins\/seo\/ -->\n<title>Onlinekurs: Kutipraveshika Rasayana - Retreat im Dunkelraum | AYUMED<\/title>\n<meta name=\"description\" content=\"Fachfortbildung in Ayurveda Kurmedizin mit Dr. Shubhangee Satam &amp; Ralph Steuernagel: Traditionelle Verj\u00fcngung f\u00fcr K\u00f6rper &amp; Geist \u2713 Moderne Retreatkonzepte \u2713\" \/>\n<meta name=\"robots\" content=\"index, follow, max-snippet:-1, max-image-preview:large, max-video-preview:-1\" \/>\n<link rel=\"canonical\" href=\"https:\/\/www.eurasiamed.de\/en\/courses\/kutipraveshika-rasayana\/\" \/>\n<meta property=\"og:locale\" content=\"en_GB\" \/>\n<meta property=\"og:type\" content=\"article\" \/>\n<meta property=\"og:title\" content=\"Onlinekurs: Kutipraveshika Rasayana - Retreat im Dunkelraum | AYUMED\" \/>\n<meta property=\"og:description\" content=\"Fachfortbildung in Ayurveda Kurmedizin mit Dr. Shubhangee Satam &amp; Ralph Steuernagel: Traditionelle Verj\u00fcngung f\u00fcr K\u00f6rper &amp; Geist \u2713 Moderne Retreatkonzepte \u2713\" \/>\n<meta property=\"og:url\" content=\"https:\/\/www.eurasiamed.de\/en\/courses\/kutipraveshika-rasayana\/\" \/>\n<meta property=\"og:site_name\" content=\"EURASIAMED\" \/>\n<meta property=\"article:modified_time\" content=\"2025-04-24T08:49:11+00:00\" \/>\n<meta property=\"og:image\" content=\"https:\/\/www.eurasiamed.de\/wp-content\/uploads\/2024\/12\/Dark-room.jpg\" \/>\n\t<meta property=\"og:image:width\" content=\"1600\" \/>\n\t<meta property=\"og:image:height\" content=\"900\" \/>\n\t<meta property=\"og:image:type\" content=\"image\/jpeg\" \/>\n<meta name=\"twitter:card\" content=\"summary_large_image\" \/>\n<script type=\"application\/ld+json\" class=\"yoast-schema-graph\">{\"@context\":\"https:\/\/schema.org\",\"@graph\":[{\"@type\":\"WebPage\",\"@id\":\"https:\/\/www.eurasiamed.de\/kurse\/kutipraveshika-rasayana\/\",\"url\":\"https:\/\/www.eurasiamed.de\/kurse\/kutipraveshika-rasayana\/\",\"name\":\"Onlinekurs: Kutipraveshika Rasayana - Retreat im Dunkelraum | AYUMED\",\"isPartOf\":{\"@id\":\"https:\/\/www.eurasiamed.de\/#website\"},\"primaryImageOfPage\":{\"@id\":\"https:\/\/www.eurasiamed.de\/kurse\/kutipraveshika-rasayana\/#primaryimage\"},\"image\":{\"@id\":\"https:\/\/www.eurasiamed.de\/kurse\/kutipraveshika-rasayana\/#primaryimage\"},\"thumbnailUrl\":\"https:\/\/www.eurasiamed.de\/wp-content\/uploads\/2024\/12\/Dark-room.jpg\",\"datePublished\":\"2025-04-24T08:48:06+00:00\",\"dateModified\":\"2025-04-24T08:49:11+00:00\",\"description\":\"Fachfortbildung in Ayurveda Kurmedizin mit Dr. Shubhangee Satam & Ralph Steuernagel: Traditionelle Verj\u00fcngung f\u00fcr K\u00f6rper & Geist \u2713 Moderne Retreatkonzepte \u2713\",\"breadcrumb\":{\"@id\":\"https:\/\/www.eurasiamed.de\/kurse\/kutipraveshika-rasayana\/#breadcrumb\"},\"inLanguage\":\"en-GB\",\"potentialAction\":[{\"@type\":\"ReadAction\",\"target\":[\"https:\/\/www.eurasiamed.de\/kurse\/kutipraveshika-rasayana\/\"]}]},{\"@type\":\"ImageObject\",\"inLanguage\":\"en-GB\",\"@id\":\"https:\/\/www.eurasiamed.de\/kurse\/kutipraveshika-rasayana\/#primaryimage\",\"url\":\"https:\/\/www.eurasiamed.de\/wp-content\/uploads\/2024\/12\/Dark-room.jpg\",\"contentUrl\":\"https:\/\/www.eurasiamed.de\/wp-content\/uploads\/2024\/12\/Dark-room.jpg\",\"width\":1600,\"height\":900},{\"@type\":\"BreadcrumbList\",\"@id\":\"https:\/\/www.eurasiamed.de\/kurse\/kutipraveshika-rasayana\/#breadcrumb\",\"itemListElement\":[{\"@type\":\"ListItem\",\"position\":1,\"name\":\"Startseite\",\"item\":\"https:\/\/www.eurasiamed.de\/\"},{\"@type\":\"ListItem\",\"position\":2,\"name\":\"Produkte\",\"item\":\"https:\/\/www.eurasiamed.de\/shop\/\"},{\"@type\":\"ListItem\",\"position\":3,\"name\":\"Kutipraveshika Rasayana\"}]},{\"@type\":\"WebSite\",\"@id\":\"https:\/\/www.eurasiamed.de\/#website\",\"url\":\"https:\/\/www.eurasiamed.de\/\",\"name\":\"EURASIAMED\",\"description\":\"Ralph Steuernagel\",\"publisher\":{\"@id\":\"https:\/\/www.eurasiamed.de\/#organization\"},\"potentialAction\":[{\"@type\":\"SearchAction\",\"target\":{\"@type\":\"EntryPoint\",\"urlTemplate\":\"https:\/\/www.eurasiamed.de\/?s={search_term_string}\"},\"query-input\":{\"@type\":\"PropertyValueSpecification\",\"valueRequired\":true,\"valueName\":\"search_term_string\"}}],\"inLanguage\":\"en-GB\"},{\"@type\":\"Organization\",\"@id\":\"https:\/\/www.eurasiamed.de\/#organization\",\"name\":\"EURASIAMED\",\"url\":\"https:\/\/www.eurasiamed.de\/\",\"logo\":{\"@type\":\"ImageObject\",\"inLanguage\":\"en-GB\",\"@id\":\"https:\/\/www.eurasiamed.de\/#\/schema\/logo\/image\/\",\"url\":\"https:\/\/www.eurasiamed.de\/wp-content\/uploads\/2023\/06\/LOGO-EURASIAMED-Education@4x-scaled.png\",\"contentUrl\":\"https:\/\/www.eurasiamed.de\/wp-content\/uploads\/2023\/06\/LOGO-EURASIAMED-Education@4x-scaled.png\",\"width\":2569,\"height\":519,\"caption\":\"EURASIAMED\"},\"image\":{\"@id\":\"https:\/\/www.eurasiamed.de\/#\/schema\/logo\/image\/\"}}]}<\/script>\n<!-- \/ Yoast SEO plugin. -->","yoast_head_json":{"title":"Online course: Kutipraveshika Rasayana - Retreat in the dark room | AYUMED","description":"Specialist training in Ayurveda spa medicine with Dr Shubhangee Satam &amp; Ralph Steuernagel: Traditional rejuvenation for body &amp; mind \u2713 Modern retreat concepts \u2713","robots":{"index":"index","follow":"follow","max-snippet":"max-snippet:-1","max-image-preview":"max-image-preview:large","max-video-preview":"max-video-preview:-1"},"canonical":"https:\/\/www.eurasiamed.de\/en\/courses\/kutipraveshika-rasayana\/","og_locale":"en_GB","og_type":"article","og_title":"Onlinekurs: Kutipraveshika Rasayana - Retreat im Dunkelraum | AYUMED","og_description":"Fachfortbildung in Ayurveda Kurmedizin mit Dr. Shubhangee Satam & Ralph Steuernagel: Traditionelle Verj\u00fcngung f\u00fcr K\u00f6rper & Geist \u2713 Moderne Retreatkonzepte \u2713","og_url":"https:\/\/www.eurasiamed.de\/en\/courses\/kutipraveshika-rasayana\/","og_site_name":"EURASIAMED","article_modified_time":"2025-04-24T08:49:11+00:00","og_image":[{"width":1600,"height":900,"url":"https:\/\/www.eurasiamed.de\/wp-content\/uploads\/2024\/12\/Dark-room.jpg","type":"image\/jpeg"}],"twitter_card":"summary_large_image","schema":{"@context":"https:\/\/schema.org","@graph":[{"@type":"WebPage","@id":"https:\/\/www.eurasiamed.de\/kurse\/kutipraveshika-rasayana\/","url":"https:\/\/www.eurasiamed.de\/kurse\/kutipraveshika-rasayana\/","name":"Online course: Kutipraveshika Rasayana - Retreat in the dark room | AYUMED","isPartOf":{"@id":"https:\/\/www.eurasiamed.de\/#website"},"primaryImageOfPage":{"@id":"https:\/\/www.eurasiamed.de\/kurse\/kutipraveshika-rasayana\/#primaryimage"},"image":{"@id":"https:\/\/www.eurasiamed.de\/kurse\/kutipraveshika-rasayana\/#primaryimage"},"thumbnailUrl":"https:\/\/www.eurasiamed.de\/wp-content\/uploads\/2024\/12\/Dark-room.jpg","datePublished":"2025-04-24T08:48:06+00:00","dateModified":"2025-04-24T08:49:11+00:00","description":"Specialist training in Ayurveda spa medicine with Dr Shubhangee Satam &amp; Ralph Steuernagel: Traditional rejuvenation for body &amp; mind \u2713 Modern retreat concepts \u2713","breadcrumb":{"@id":"https:\/\/www.eurasiamed.de\/kurse\/kutipraveshika-rasayana\/#breadcrumb"},"inLanguage":"en-GB","potentialAction":[{"@type":"ReadAction","target":["https:\/\/www.eurasiamed.de\/kurse\/kutipraveshika-rasayana\/"]}]},{"@type":"ImageObject","inLanguage":"en-GB","@id":"https:\/\/www.eurasiamed.de\/kurse\/kutipraveshika-rasayana\/#primaryimage","url":"https:\/\/www.eurasiamed.de\/wp-content\/uploads\/2024\/12\/Dark-room.jpg","contentUrl":"https:\/\/www.eurasiamed.de\/wp-content\/uploads\/2024\/12\/Dark-room.jpg","width":1600,"height":900},{"@type":"BreadcrumbList","@id":"https:\/\/www.eurasiamed.de\/kurse\/kutipraveshika-rasayana\/#breadcrumb","itemListElement":[{"@type":"ListItem","position":1,"name":"Startseite","item":"https:\/\/www.eurasiamed.de\/"},{"@type":"ListItem","position":2,"name":"Produkte","item":"https:\/\/www.eurasiamed.de\/shop\/"},{"@type":"ListItem","position":3,"name":"Kutipraveshika Rasayana"}]},{"@type":"WebSite","@id":"https:\/\/www.eurasiamed.de\/#website","url":"https:\/\/www.eurasiamed.de\/","name":"EURASIAMED","description":"Ralph Steuernagel","publisher":{"@id":"https:\/\/www.eurasiamed.de\/#organization"},"potentialAction":[{"@type":"SearchAction","target":{"@type":"EntryPoint","urlTemplate":"https:\/\/www.eurasiamed.de\/?s={search_term_string}"},"query-input":{"@type":"PropertyValueSpecification","valueRequired":true,"valueName":"search_term_string"}}],"inLanguage":"en-GB"},{"@type":"Organization","@id":"https:\/\/www.eurasiamed.de\/#organization","name":"EURASIAMED","url":"https:\/\/www.eurasiamed.de\/","logo":{"@type":"ImageObject","inLanguage":"en-GB","@id":"https:\/\/www.eurasiamed.de\/#\/schema\/logo\/image\/","url":"https:\/\/www.eurasiamed.de\/wp-content\/uploads\/2023\/06\/LOGO-EURASIAMED-Education@4x-scaled.png","contentUrl":"https:\/\/www.eurasiamed.de\/wp-content\/uploads\/2023\/06\/LOGO-EURASIAMED-Education@4x-scaled.png","width":2569,"height":519,"caption":"EURASIAMED"},"image":{"@id":"https:\/\/www.eurasiamed.de\/#\/schema\/logo\/image\/"}}]}},"_links":{"self":[{"href":"https:\/\/www.eurasiamed.de\/en\/wp-json\/wp\/v2\/product\/21711","targetHints":{"allow":["GET"]}}],"collection":[{"href":"https:\/\/www.eurasiamed.de\/en\/wp-json\/wp\/v2\/product"}],"about":[{"href":"https:\/\/www.eurasiamed.de\/en\/wp-json\/wp\/v2\/types\/product"}],"version-history":[{"count":0,"href":"https:\/\/www.eurasiamed.de\/en\/wp-json\/wp\/v2\/product\/21711\/revisions"}],"wp:featuredmedia":[{"embeddable":true,"href":"https:\/\/www.eurasiamed.de\/en\/wp-json\/wp\/v2\/media\/13157"}],"wp:attachment":[{"href":"https:\/\/www.eurasiamed.de\/en\/wp-json\/wp\/v2\/media?parent=21711"}],"wp:term":[{"taxonomy":"product_brand","embeddable":true,"href":"https:\/\/www.eurasiamed.de\/en\/wp-json\/wp\/v2\/product_brand?post=21711"},{"taxonomy":"product_cat","embeddable":true,"href":"https:\/\/www.eurasiamed.de\/en\/wp-json\/wp\/v2\/product_cat?post=21711"},{"taxonomy":"product_tag","embeddable":true,"href":"https:\/\/www.eurasiamed.de\/en\/wp-json\/wp\/v2\/product_tag?post=21711"}],"curies":[{"name":"wp","href":"https:\/\/api.w.org\/{rel}","templated":true}]}}